{"id":896,"date":"2022-06-16T16:11:58","date_gmt":"2022-06-16T14:11:58","guid":{"rendered":""},"modified":"2024-11-02T16:39:32","modified_gmt":"2024-11-02T15:39:32","slug":"domaine-rouge-garance-little-garance-rouge-2021-075l","status":"publish","type":"product","link":"https:\/\/www.grandcru.cz\/cs_CZ\/produkt\/domaine-rouge-garance-little-garance-rouge-2021-075l\/","title":{"rendered":"Domaine Rouge Garance, Little Garance rouge, 2021, 0,75l"},"content":{"rendered":"<p>V\u00edno zr\u00e1lo v betonov\u00fdch tanc\u00edch 9 m\u011bs\u00edc\u016f a je skute\u010dn\u011b v\u00ednem pro ka\u017edodenn\u00ed pit\u00ed.<\/p>\n<p>Je mladistv0-sv\u011b\u017e\u00ed, ovocn\u00e9 s kr\u00e1snou rub\u00ednovou barvou a sv\u011b\u017e\u00ed ovocnou v\u016fn\u00ed lesn\u00edch plod\u016f.<\/p>\n<p>Kyselina ve v\u00edn\u011b je velmi p\u0159\u00edjemn\u00e1 a dob\u0159e vyva\u017euje harmonickou ovocnou chu\u0165.<\/p>\n<p>VDP C\u00d4TEAUX DU PONT DU GARD<\/p>\n<p>90% Syrah, Grenache<\/p>\n","protected":false},"excerpt":{"rendered":"<p>V\u00edno zr\u00e1lo v betonov\u00fdch tanc\u00edch 9 m\u011bs\u00edc\u016f a je skute\u010dn\u011b v\u00ednem pro ka\u017edodenn\u00ed pit\u00ed.<\/p>\n<p>Je mladistv0-sv\u011b\u017e\u00ed, ovocn\u00e9 s kr\u00e1snou rub\u00ednovou barvou a sv\u011b\u017e\u00ed ovocnou v\u016fn\u00ed lesn\u00edch plod\u016f.<\/p>\n<p>Kyselina ve v\u00edn\u011b je velmi p\u0159\u00edjemn\u00e1 a dob\u0159e vyva\u017euje harmonickou ovocnou chu\u0165.<\/p>\n<p>VDP C\u00d4TEAUX DU PONT DU GARD<\/p>\n<p>90% Syrah,<\/p>\n<p>Grenache<\/p>\n","protected":false},"featured_media":379,"comment_status":"open","ping_status":"closed","template":"","meta":[],"product_cat":[11,14],"product_tag":[],"_links":{"self":[{"href":"https:\/\/www.grandcru.cz\/cs_CZ\/wp-json\/wp\/v2\/product\/896"}],"collection":[{"href":"https:\/\/www.grandcru.cz\/cs_CZ\/wp-json\/wp\/v2\/product"}],"about":[{"href":"https:\/\/www.grandcru.cz\/cs_CZ\/wp-json\/wp\/v2\/types\/product"}],"replies":[{"embeddable":true,"href":"https:\/\/www.grandcru.cz\/cs_CZ\/wp-json\/wp\/v2\/comments?post=896"}],"wp:featuredmedia":[{"embeddable":true,"href":"https:\/\/www.grandcru.cz\/cs_CZ\/wp-json\/wp\/v2\/media\/379"}],"wp:attachment":[{"href":"https:\/\/www.grandcru.cz\/cs_CZ\/wp-json\/wp\/v2\/media?parent=896"}],"wp:term":[{"taxonomy":"product_cat","embeddable":true,"href":"https:\/\/www.grandcru.cz\/cs_CZ\/wp-json\/wp\/v2\/product_cat?post=896"},{"taxonomy":"product_tag","embeddable":true,"href":"https:\/\/www.grandcru.cz\/cs_CZ\/wp-json\/wp\/v2\/product_tag?post=896"}],"curies":[{"name":"wp","href":"https:\/\/api.w.org\/{rel}","templated":true}]}}