{"id":842,"date":"2021-01-26T12:50:04","date_gmt":"2021-01-26T11:50:04","guid":{"rendered":""},"modified":"2022-09-14T14:00:13","modified_gmt":"2022-09-14T12:00:13","slug":"franck-massard-el-mago-white-grenache-2020-do-terra-alta-075l","status":"publish","type":"product","link":"https:\/\/www.grandcru.cz\/cs_CZ\/produkt\/franck-massard-el-mago-white-grenache-2020-do-terra-alta-075l\/","title":{"rendered":"Franck Massard, El Mago, white grenache, 2020 DO Terra Alta 0,75l"},"content":{"rendered":"<div class=\"page\" title=\"Page 2\">\n<div class=\"section\">\n<div class=\"layoutArea\">\n<div class=\"column\">\n<div class=\"page\" title=\"Page 1\">\n<div class=\"section\">\n<div class=\"layoutArea\">\n<div class=\"column\">\n<p>Franck Massard:<\/p>\n<p>Catalu\u00f1a<\/p>\n<p>B\u00edl\u00e9 v\u00edno Mago poch\u00e1z\u00ed z jedin\u00e9 vinice v nadmo\u0159sk\u00e9 v\u00fd\u0161ce u obce Villalba dels Arcs.<\/p>\n<p>El Mago znamen\u00e1 &#8222;\u010darod\u011bj&#8220; a odr\u00e1\u017e\u00ed kouzlo prom\u011bny hrozn\u016f ve v\u00edno. Je to tak\u00e9 zkratka jm\u00e9na m\u00e9 dcery Mayi a syna Huga.<\/p>\n<p>Osmilet\u00fd syn je mistrem designu, kter\u00fd je zodpov\u011bdn\u00fd za tuto jedine\u010dnou a \u00fa\u017easnou kresbu.<\/p>\n<p>P\u016fvod<\/p>\n<p>Terra Alta. Vesnice: Villalba dels Arcs.<\/p>\n<p>Odr\u016fda hrozn\u016f<\/p>\n<p>100% Grenache b\u00edl\u00e9<\/p>\n<p>St\u00e1\u0159\u00ed r\u00e9vy<\/p>\n<p>St\u00e1\u0159\u00ed 12 a\u017e 18 let, vysazeno na j\u00edlovit\u00e9 a p\u00eds\u010dit\u00e9 p\u016fd\u011b s v\u00e1pencem. Vinice se nach\u00e1z\u00ed v nadmo\u0159sk\u00e9 v\u00fd\u0161ce 540 a\u017e 580 metr\u016f.<\/p>\n<p>Technick\u00e9 \u00fadaje<\/p>\n<p>Obsah alkoholu:\u00a0 13% ; Acidity: 6,8 g\/l ; PH: 2,96 ;<\/p>\n<p>Ru\u010dn\u00ed sklize\u0148.<\/p>\n<p>P\u00e9\u010de o vinici a vinifikace<\/p>\n<p>Hrozny, kter\u00e9 byly p\u0159edem zbaveny plodu, se p\u0159\u00edmo a velmi \u0161etrn\u011b lisuj\u00ed. Kva\u0161en\u00ed prob\u00edh\u00e1 v nerezov\u00fdch n\u00e1dr\u017e\u00edch po dobu p\u0159ibli\u017en\u011b deseti dn\u016f p\u0159i teplot\u011b p\u0159i kontrolovan\u00e9 teplot\u011b 18 \u00baC.<\/p>\n<p>Zr\u00e1n\u00ed<\/p>\n<p>V\u00edno bylo lahvov\u00e1no po 4 m\u011bs\u00edc\u00edch zr\u00e1n\u00ed na kalu v nerezov\u00fdch tanc\u00edch.<\/p>\n<p>Degusta\u010dn\u00ed pozn\u00e1mka<\/p>\n<p>El Mago white 2020 je harmonick\u00e9 v\u00edno s velkou sv\u011b\u017eest\u00ed. Ve v\u016fni se objevuje p\u0159\u00edjemn\u00e1 miner\u00e1ln\u00ed aroma s konturou\u00a0 zelen\u00e9ho jablka a peckov\u00e9ho ovoce. V chuti vynikaj\u00ed citrusy.\u00a0 Z\u00e1v\u011br je velmi p\u0159\u00edjemn\u00fd a pom\u011brn\u011b dlouh\u00fd se sv\u011b\u017e\u00ed kyselinkou a n\u00e1znakem su\u0161en\u00e9ho ovoce v zadn\u00ed \u010d\u00e1sti patra.<\/p>\n<p>Je to ide\u00e1ln\u00ed partner pro \u00fast\u0159ice.<\/p>\n<p>Ocen\u011bn\u00ed<\/p>\n<p>B\u00edl\u00e9 v\u00edno El Mago 2016: 2019 Gu\u00eda Pe\u00f1\u00edn: 93 bod\u016f<\/p>\n<\/div>\n<\/div>\n<\/div>\n<\/div>\n<\/div>\n<\/div>\n<\/div>\n<\/div>\n","protected":false},"excerpt":{"rendered":"<div class=\"page\" title=\"Page 2\">\n<div class=\"section\">\n<div class=\"layoutArea\">\n<div class=\"column\">\n<div class=\"page\" title=\"Page 1\">\n<div class=\"section\">\n<div class=\"layoutArea\">\n<div class=\"column\">\n<p>Franck Massard:<\/p>\n<p>Catalu\u00f1a<\/p>\n<p>B\u00edl\u00e9 v\u00edno Mago poch\u00e1z\u00ed z jedin\u00e9 vinice v nadmo\u0159sk\u00e9 v\u00fd\u0161ce u obce Villalba dels Arcs.<\/p>\n<p>El Mago znamen\u00e1 &#8222;\u010darod\u011bj&#8220; a odr\u00e1\u017e\u00ed kouzlo prom\u011bny hrozn\u016f ve v\u00edno. Je to tak\u00e9 zkratka jm\u00e9na m\u00e9 dcery Mayi a syna Huga.<\/p>\n<p>Osmilet\u00fd syn je mistrem designu, kter\u00fd je zodpov\u011bdn\u00fd za tuto jedine\u010dnou a \u00fa\u017easnou kresbu.<\/p>\n<p>P\u016fvod<\/p>\n<p>Terra Alta. Vesnice: Villalba dels Arcs.<\/p>\n<p>Odr\u016fda hrozn\u016f<\/p>\n<p>100% Grenache b\u00edl\u00e9<\/p>\n<p>St\u00e1\u0159\u00ed r\u00e9vy<\/p>\n<p>St\u00e1\u0159\u00ed 12 a\u017e 18 let, vysazeno na j\u00edlovit\u00e9 a p\u00eds\u010dit\u00e9 p\u016fd\u011b s v\u00e1pencem. Vinice se nach\u00e1z\u00ed v nadmo\u0159sk\u00e9 v\u00fd\u0161ce 540 a\u017e 580 metr\u016f.<\/p>\n<p>Technick\u00e9 \u00fadaje<\/p>\n<p>Obsah alkoholu:\u00a0 13% ; Acidity: 6,8 g\/l ; PH: 2,96 ;<\/p>\n<p>Ru\u010dn\u00ed sklize\u0148.<\/p>\n<p>P\u00e9\u010de o vinici a vinifikace<\/p>\n<p>Hrozny, kter\u00e9 byly p\u0159edem zbaveny plodu, se p\u0159\u00edmo a velmi \u0161etrn\u011b lisuj\u00ed. Kva\u0161en\u00ed prob\u00edh\u00e1 v nerezov\u00fdch n\u00e1dr\u017e\u00edch po dobu p\u0159ibli\u017en\u011b deseti dn\u016f p\u0159i teplot\u011b p\u0159i kontrolovan\u00e9 teplot\u011b 18 \u00baC.<\/p>\n<p>Zr\u00e1n\u00ed<\/p>\n<p>V\u00edno bylo lahvov\u00e1no po 4 m\u011bs\u00edc\u00edch zr\u00e1n\u00ed na kalu v nerezov\u00fdch tanc\u00edch.<\/p>\n<p>Degusta\u010dn\u00ed pozn\u00e1mka<\/p>\n<p>El Mago white 2020 je harmonick\u00e9 v\u00edno s velkou sv\u011b\u017eest\u00ed. Ve v\u016fni se objevuje p\u0159\u00edjemn\u00e1 miner\u00e1ln\u00ed aroma s konturou\u00a0 zelen\u00e9ho jablka a peckov\u00e9ho ovoce. V chuti vynikaj\u00ed citrusy.\u00a0 Z\u00e1v\u011br je velmi p\u0159\u00edjemn\u00fd a pom\u011brn\u011b dlouh\u00fd se sv\u011b\u017e\u00ed kyselinkou a n\u00e1znakem su\u0161en\u00e9ho ovoce v zadn\u00ed \u010d\u00e1sti patra.<\/p>\n<p>Je to ide\u00e1ln\u00ed partner pro \u00fast\u0159ice.<\/p>\n<p>Ocen\u011bn\u00ed<\/p>\n<p>B\u00edl\u00e9 v\u00edno El Mago 2016: 2019 Gu\u00eda Pe\u00f1\u00edn: 93 bod\u016f<\/p>\n<\/div>\n<\/div>\n<\/div>\n<\/div>\n<\/div>\n<\/div>\n<\/div>\n<\/div>\n","protected":false},"featured_media":840,"comment_status":"open","ping_status":"closed","template":"","meta":[],"product_cat":[12,14],"product_tag":[],"_links":{"self":[{"href":"https:\/\/www.grandcru.cz\/cs_CZ\/wp-json\/wp\/v2\/product\/842"}],"collection":[{"href":"https:\/\/www.grandcru.cz\/cs_CZ\/wp-json\/wp\/v2\/product"}],"about":[{"href":"https:\/\/www.grandcru.cz\/cs_CZ\/wp-json\/wp\/v2\/types\/product"}],"replies":[{"embeddable":true,"href":"https:\/\/www.grandcru.cz\/cs_CZ\/wp-json\/wp\/v2\/comments?post=842"}],"wp:featuredmedia":[{"embeddable":true,"href":"https:\/\/www.grandcru.cz\/cs_CZ\/wp-json\/wp\/v2\/media\/840"}],"wp:attachment":[{"href":"https:\/\/www.grandcru.cz\/cs_CZ\/wp-json\/wp\/v2\/media?parent=842"}],"wp:term":[{"taxonomy":"product_cat","embeddable":true,"href":"https:\/\/www.grandcru.cz\/cs_CZ\/wp-json\/wp\/v2\/product_cat?post=842"},{"taxonomy":"product_tag","embeddable":true,"href":"https:\/\/www.grandcru.cz\/cs_CZ\/wp-json\/wp\/v2\/product_tag?post=842"}],"curies":[{"name":"wp","href":"https:\/\/api.w.org\/{rel}","templated":true}]}}