{"id":837,"date":"2021-01-26T12:32:51","date_gmt":"2021-01-26T11:32:51","guid":{"rendered":""},"modified":"2024-11-02T16:38:26","modified_gmt":"2024-11-02T15:38:26","slug":"franck-massard-mas-amor-blanco-verdejo-2022-do-catalunya-075l","status":"publish","type":"product","link":"https:\/\/www.grandcru.cz\/cs_CZ\/produkt\/franck-massard-mas-amor-blanco-verdejo-2022-do-catalunya-075l\/","title":{"rendered":"Franck Massard, Ma\u0301s Amor Blanco, Verdejo, 2022, DO Catalunya, 0,75l"},"content":{"rendered":"<div class=\"page\" title=\"Page 2\">\u00a0Po mnoha letech hled\u00e1n\u00ed, ekologicky certifikovan\u00e9 Verdejo. Franck kone\u010dn\u011b na\u0161el ve vesnici Manzanares jihoz\u00e1padn\u011b od Madridu,<\/div>\n<div class=\"page\" title=\"Page 2\">vinice ve vysok\u00e9 nadmo\u0159sk\u00e9 v\u00fd\u0161ce 650 m pod\u00e9l koryta \u0159eky Guadiana na v\u00e1pencov\u00e9 p\u016fd\u011b poskytuj\u00edc\u00ed ide\u00e1ln\u00ed p\u0159\u00edrodn\u00ed podm\u00ednky pro p\u011bstov\u00e1n\u00ed zdrav\u00e9 vinn\u00e9 r\u00e9vy.<\/div>\n<div title=\"Page 2\">\u00a0Kr\u00e1sn\u00e1 krajina pln\u00e1 dubu cesm\u00ednovit\u00e9ho a vinici parf\u00e9movanou v\u0161udyp\u0159\u00edtomnou levandul\u00ed, tymi\u00e1nem a rozmar\u00fdnem.<\/div>\n<div title=\"Page 2\">\u00a0V\u00fdsledn\u00e1 v\u00edna jsou vonn\u00e1 a \u010dist\u00e1.<\/div>\n<div class=\"page\" title=\"Page 2\">\u0158emesln\u00e9 v\u00edno.<\/div>\n<div title=\"Page 2\">Village: Manzanares. Vines are located between entre 580 y 650 meters.<br \/>\nGrape Variety<br \/>\n85% Verdejo and 15% Sauvignon Blanc.<br \/>\nAge of the vines<br \/>\nBetween 12 and 22 years old planted on clay and sandy soil.<br \/>\nTechnical data<br \/>\nAlcohol content: 12% ; Acidity: 5,40 g\/l ; PH: 3,22 ; Harvest: Manual.<\/div>\n","protected":false},"excerpt":{"rendered":"<div class=\"page\" title=\"Page 2\">\u00a0Po mnoha letech hled\u00e1n\u00ed, ekologicky certifikovan\u00e9 Verdejo. Franck kone\u010dn\u011b na\u0161el ve vesnici Manzanares jihoz\u00e1padn\u011b od Madridu,<\/div>\n<div class=\"page\" title=\"Page 2\">vinice ve vysok\u00e9 nadmo\u0159sk\u00e9 v\u00fd\u0161ce 650 m pod\u00e9l koryta \u0159eky Guadiana na v\u00e1pencov\u00e9 p\u016fd\u011b poskytuj\u00edc\u00ed ide\u00e1ln\u00ed p\u0159\u00edrodn\u00ed podm\u00ednky pro p\u011bstov\u00e1n\u00ed zdrav\u00e9 vinn\u00e9 r\u00e9vy.<\/div>\n<div title=\"Page 2\">\u00a0Kr\u00e1sn\u00e1 krajina pln\u00e1 dubu cesm\u00ednovit\u00e9ho a vinici parf\u00e9movanou v\u0161udyp\u0159\u00edtomnou levandul\u00ed, tymi\u00e1nem a rozmar\u00fdnem.<\/div>\n<div title=\"Page 2\">\u00a0V\u00fdsledn\u00e1 v\u00edna jsou vonn\u00e1 a \u010dist\u00e1.<\/div>\n<div class=\"page\" title=\"Page 2\">\u0158emesln\u00e9 v\u00edno.<\/div>\n<div title=\"Page 2\">Village: Manzanares. Vines are located between entre 580 y 650 meters.<br \/>\nGrape Variety<br \/>\n85% Verdejo and 15% Sauvignon Blanc.<br \/>\nAge of the vines<br \/>\nBetween 12 and 22 years old planted on clay and sandy soil.<br \/>\nTechnical data<br \/>\nAlcohol content: 12% ; Acidity: 5,40 g\/l ; PH: 3,22 ; Harvest: Manual.<\/div>\n","protected":false},"featured_media":838,"comment_status":"open","ping_status":"closed","template":"","meta":[],"product_cat":[12,14],"product_tag":[],"_links":{"self":[{"href":"https:\/\/www.grandcru.cz\/cs_CZ\/wp-json\/wp\/v2\/product\/837"}],"collection":[{"href":"https:\/\/www.grandcru.cz\/cs_CZ\/wp-json\/wp\/v2\/product"}],"about":[{"href":"https:\/\/www.grandcru.cz\/cs_CZ\/wp-json\/wp\/v2\/types\/product"}],"replies":[{"embeddable":true,"href":"https:\/\/www.grandcru.cz\/cs_CZ\/wp-json\/wp\/v2\/comments?post=837"}],"wp:featuredmedia":[{"embeddable":true,"href":"https:\/\/www.grandcru.cz\/cs_CZ\/wp-json\/wp\/v2\/media\/838"}],"wp:attachment":[{"href":"https:\/\/www.grandcru.cz\/cs_CZ\/wp-json\/wp\/v2\/media?parent=837"}],"wp:term":[{"taxonomy":"product_cat","embeddable":true,"href":"https:\/\/www.grandcru.cz\/cs_CZ\/wp-json\/wp\/v2\/product_cat?post=837"},{"taxonomy":"product_tag","embeddable":true,"href":"https:\/\/www.grandcru.cz\/cs_CZ\/wp-json\/wp\/v2\/product_tag?post=837"}],"curies":[{"name":"wp","href":"https:\/\/api.w.org\/{rel}","templated":true}]}}