{"id":835,"date":"2021-01-26T12:32:31","date_gmt":"2021-01-26T11:32:31","guid":{"rendered":"http:\/\/www.grandcru.cz\/?post_type=product&#038;p=835"},"modified":"2025-06-21T09:51:15","modified_gmt":"2025-06-21T07:51:15","slug":"franck-massard-mas-amor-rosado-garnacha-tempranillo-2022-do-catalunya-075l","status":"publish","type":"product","link":"https:\/\/www.grandcru.cz\/cs_CZ\/produkt\/franck-massard-mas-amor-rosado-garnacha-tempranillo-2022-do-catalunya-075l\/","title":{"rendered":"Franck Massard, Ma\u0301s Amor Rosado, Garnacha &amp; Tempranillo, 2022 DO Catalunya 0,75l"},"content":{"rendered":"<div class=\"page\" title=\"Page 2\">\n<div class=\"section\">\n<div class=\"layoutArea\">\n<div class=\"column\">Tato \u0159ada v\u00edn z Katal\u00e1nska DO zd\u016fraz\u0148uje v\u00fdb\u011brem Garnachy to nejlep\u0161\u00ed z katal\u00e1nsk\u00e9ho regionu.<\/div>\n<p>M\u00e1s Amor (v\u00edc l\u00e1sky), dv\u011b slova na zdi v Barcelon\u011b, je poselstv\u00edm tohoto ros\u00e9.<\/p>\n<p>Z p\u0159ev\u00e1\u017en\u011b Garnachy a dopln\u011bn\u00e9 o Tempranillo, je ozv\u011bnou \u010derstv\u011b nasb\u00edran\u00fdch lesn\u00edch jahod a nektarinek.<\/p>\n<p>L\u00e1skypln\u00e9 pit\u00ed.<\/p>\n<\/div>\n<\/div>\n<\/div>\n","protected":false},"excerpt":{"rendered":"<div class=\"page\" title=\"Page 2\">\n<div class=\"section\">\n<div class=\"layoutArea\">\n<div class=\"column\">Tato \u0159ada v\u00edn z Katal\u00e1nska DO zd\u016fraz\u0148uje v\u00fdb\u011brem Garnachy to nejlep\u0161\u00ed z katal\u00e1nsk\u00e9ho regionu.<\/div>\n<p>M\u00e1s Amor (v\u00edc l\u00e1sky), dv\u011b slova na zdi v Barcelon\u011b, je poselstv\u00edm tohoto ros\u00e9.<\/p>\n<p>Z p\u0159ev\u00e1\u017en\u011b Garnachy a dopln\u011bn\u00e9 o Tempranillo, je ozv\u011bnou \u010derstv\u011b nasb\u00edran\u00fdch lesn\u00edch jahod a nektarinek.<\/p>\n<p>L\u00e1skypln\u00e9 pit\u00ed.<\/p>\n<\/div>\n<\/div>\n<\/div>\n","protected":false},"featured_media":836,"comment_status":"open","ping_status":"closed","template":"","meta":[],"product_cat":[13,14],"product_tag":[],"_links":{"self":[{"href":"https:\/\/www.grandcru.cz\/cs_CZ\/wp-json\/wp\/v2\/product\/835"}],"collection":[{"href":"https:\/\/www.grandcru.cz\/cs_CZ\/wp-json\/wp\/v2\/product"}],"about":[{"href":"https:\/\/www.grandcru.cz\/cs_CZ\/wp-json\/wp\/v2\/types\/product"}],"replies":[{"embeddable":true,"href":"https:\/\/www.grandcru.cz\/cs_CZ\/wp-json\/wp\/v2\/comments?post=835"}],"wp:featuredmedia":[{"embeddable":true,"href":"https:\/\/www.grandcru.cz\/cs_CZ\/wp-json\/wp\/v2\/media\/836"}],"wp:attachment":[{"href":"https:\/\/www.grandcru.cz\/cs_CZ\/wp-json\/wp\/v2\/media?parent=835"}],"wp:term":[{"taxonomy":"product_cat","embeddable":true,"href":"https:\/\/www.grandcru.cz\/cs_CZ\/wp-json\/wp\/v2\/product_cat?post=835"},{"taxonomy":"product_tag","embeddable":true,"href":"https:\/\/www.grandcru.cz\/cs_CZ\/wp-json\/wp\/v2\/product_tag?post=835"}],"curies":[{"name":"wp","href":"https:\/\/api.w.org\/{rel}","templated":true}]}}