{"id":818,"date":"2021-01-11T10:14:18","date_gmt":"2021-01-11T09:14:18","guid":{"rendered":""},"modified":"2025-04-16T13:00:10","modified_gmt":"2025-04-16T11:00:10","slug":"domaine-guy-breton-regnie-2023-075-l","status":"publish","type":"product","link":"https:\/\/www.grandcru.cz\/cs_CZ\/produkt\/domaine-guy-breton-regnie-2023-075-l\/","title":{"rendered":"Domaine Guy Breton, Regnie 2023, 0,75 l"},"content":{"rendered":"<h3>Max, p\u0159evzal rodinn\u00e9 vina\u0159stv\u00ed v roce 1987. Vina\u0159stv\u00ed nebylo v jeho \u017eivotn\u00edch pl\u00e1nech, ne\u017e se potkal s Marcelem Lapierrem , kter\u00fd ho p\u0159esv\u011bd\u010dil, \u017ee by m\u011bl\u00a0 p\u0159evz\u00edt rodinn\u00e9 d\u011bdictv\u00ed: n\u00e1dhern\u00e9 star\u00e9 vinice Morgonu. Jakmile se rozhodne, za\u010dne vyr\u00e1b\u011bt v\u00edno pod z\u00e1\u0161titou Marcela a tak\u00e9 se setk\u00e1 s Jacquesem N\u00e9auportem, kter\u00fd se\u00a0 stane jeho mentorem.<\/h3>\n<p>Prvn\u00ed ro\u010dn\u00edk v roce 1988. Jej\u00ed v\u00edna se ji\u017e vyzna\u010duj\u00ed zejm\u00e9na um\u00edst\u011bn\u00edm vinic, kter\u00e9 se nach\u00e1zej\u00ed na severov\u00fdchod\u011b na pozemc\u00edch St-Joseph a Grands Cras\u00a0 Charmes: chladn\u011bj\u0161\u00ed a pozd\u011bj\u0161\u00ed klima kombinuj\u00edc\u00ed jemnost a hloubka. Max\u016fv styl jsou v\u00edna , kter\u00e1 maj\u00ed velmi Burgundsk\u00fd\u00a0 styl, zejm\u00e9na kdy\u017e m\u00e1te trp\u011blivost \u010dekat.<\/p>\n<p>Na vinici Max pracuje t\u011bsn\u011b pod 7 hektar\u016f zp\u016fsobem, kter\u00fd nejv\u00edce respektuje p\u0159\u00edrodu. Nepou\u017e\u00edv\u00e1 se \u017e\u00e1dn\u00fd syntetick\u00fd produkty. Sklizn\u011b jsou \u010dasto pozd\u011bji ne\u017e kamar\u00e1di, kte\u0159\u00ed maj\u00ed vinici v rohu pob\u0159e\u017e\u00ed Pyrenej\u00ed. V\u0161echna v\u00edna jsou vinifikov\u00e1na karbonickou macerac\u00ed, jejich\u017e d\u00e9lka se li\u0161\u00ed podle cuv\u00e9es. Pak v\u0161echno jde do star\u00e9ho svisl\u00e9ho tisku, bez jak\u00e9hokoli p\u0159\u00eddavku. Potom v\u00edno zraje bu\u010f v epoxidov\u00fdch n\u00e1dob\u00e1ch, nebo <strong>v p\u0159\u00edpad\u011b star\u00fdch vinic v sudech, kter\u00e9 poch\u00e1zej\u00ed ze slavn\u00e9 dom\u00e9ny Roman\u00e9e-Conti.<\/strong> V\u00edna dostanou So2 b\u011bhem posledn\u00edho st\u00e1\u010den\u00ed.<\/p>\n<p>V sou\u010dasn\u00e9 dob\u011b produkuje: vesni\u010dky Beaujolais, Marylou (z k\u0159estn\u00edho jm\u00e9na jeho nejstar\u0161\u00ed dcery), generick\u00fd Morgon, dv\u011b cuv\u00e9es star\u00fdch vinic Morgon (star\u00e9 vinn\u00e9 r\u00e9vy a P&#8217;tit Max) a nakonec v\u00edno z R\u00e9gni\u00e9 . Max se p\u0159ed chvilkou zmocnil n\u011bkter\u00fdch kr\u00e1sn\u00fdch r\u00e9vy v Chiroubles; bav\u00ed si \u010das od \u010dasu d\u011blat magnum. Je t\u0159eba poznamenat, \u017ee od roku 2009 se velmi star\u00e9 vinice Morgon nyn\u00ed dost\u00e1vaj\u00ed do P&#8217;tit Max cuv\u00e9e &#8230; z nich\u017e n\u011bkter\u00e9 jsou star\u0161\u00ed ne\u017e 100 let.<\/p>\n<h3><\/h3>\n","protected":false},"excerpt":{"rendered":"<h3>Max, p\u0159evzal rodinn\u00e9 vina\u0159stv\u00ed v roce 1987. Vina\u0159stv\u00ed nebylo v jeho \u017eivotn\u00edch pl\u00e1nech, ne\u017e se potkal s Marcelem Lapierrem , kter\u00fd ho p\u0159esv\u011bd\u010dil, \u017ee by m\u011bl\u00a0 p\u0159evz\u00edt rodinn\u00e9 d\u011bdictv\u00ed: n\u00e1dhern\u00e9 star\u00e9 vinice Morgonu. Jakmile se rozhodne, za\u010dne vyr\u00e1b\u011bt v\u00edno pod z\u00e1\u0161titou Marcela a tak\u00e9 se setk\u00e1 s Jacquesem N\u00e9auportem, kter\u00fd se\u00a0 stane jeho mentorem.<\/h3>\n<p>Prvn\u00ed ro\u010dn\u00edk v roce 1988. Jej\u00ed v\u00edna se ji\u017e vyzna\u010duj\u00ed zejm\u00e9na um\u00edst\u011bn\u00edm vinic, kter\u00e9 se nach\u00e1zej\u00ed na severov\u00fdchod\u011b na pozemc\u00edch St-Joseph a Grands Cras\u00a0 Charmes: chladn\u011bj\u0161\u00ed a pozd\u011bj\u0161\u00ed klima kombinuj\u00edc\u00ed jemnost a hloubka. Max\u016fv styl jsou v\u00edna , kter\u00e1 maj\u00ed velmi Burgundsk\u00fd\u00a0 styl, zejm\u00e9na kdy\u017e m\u00e1te trp\u011blivost \u010dekat.<\/p>\n<p>Na vinici Max pracuje t\u011bsn\u011b pod 7 hektar\u016f zp\u016fsobem, kter\u00fd nejv\u00edce respektuje p\u0159\u00edrodu. Nepou\u017e\u00edv\u00e1 se \u017e\u00e1dn\u00fd syntetick\u00fd produkty. Sklizn\u011b jsou \u010dasto pozd\u011bji ne\u017e kamar\u00e1di, kte\u0159\u00ed maj\u00ed vinici v rohu pob\u0159e\u017e\u00ed Pyrenej\u00ed. V\u0161echna v\u00edna jsou vinifikov\u00e1na karbonickou macerac\u00ed, jejich\u017e d\u00e9lka se li\u0161\u00ed podle cuv\u00e9es. Pak v\u0161echno jde do star\u00e9ho svisl\u00e9ho tisku, bez jak\u00e9hokoli p\u0159\u00eddavku. Potom v\u00edno zraje bu\u010f v epoxidov\u00fdch n\u00e1dob\u00e1ch, nebo <strong>v p\u0159\u00edpad\u011b star\u00fdch vinic v sudech, kter\u00e9 poch\u00e1zej\u00ed ze slavn\u00e9 dom\u00e9ny Roman\u00e9e-Conti.<\/strong> V\u00edna dostanou So2 b\u011bhem posledn\u00edho st\u00e1\u010den\u00ed.<\/p>\n<p>V sou\u010dasn\u00e9 dob\u011b produkuje: vesni\u010dky Beaujolais, Marylou (z k\u0159estn\u00edho jm\u00e9na jeho nejstar\u0161\u00ed dcery), generick\u00fd Morgon, dv\u011b cuv\u00e9es star\u00fdch vinic Morgon (star\u00e9 vinn\u00e9 r\u00e9vy a P&#8217;tit Max) a nakonec v\u00edno z R\u00e9gni\u00e9 . Max se p\u0159ed chvilkou zmocnil n\u011bkter\u00fdch kr\u00e1sn\u00fdch r\u00e9vy v Chiroubles; bav\u00ed si \u010das od \u010dasu d\u011blat magnum. Je t\u0159eba poznamenat, \u017ee od roku 2009 se velmi star\u00e9 vinice Morgon nyn\u00ed dost\u00e1vaj\u00ed do P&#8217;tit Max cuv\u00e9e &#8230; z nich\u017e n\u011bkter\u00e9 jsou star\u0161\u00ed ne\u017e 100 let.<\/p>\n<h3><\/h3>\n","protected":false},"featured_media":819,"comment_status":"open","ping_status":"closed","template":"","meta":[],"product_cat":[11,14],"product_tag":[],"_links":{"self":[{"href":"https:\/\/www.grandcru.cz\/cs_CZ\/wp-json\/wp\/v2\/product\/818"}],"collection":[{"href":"https:\/\/www.grandcru.cz\/cs_CZ\/wp-json\/wp\/v2\/product"}],"about":[{"href":"https:\/\/www.grandcru.cz\/cs_CZ\/wp-json\/wp\/v2\/types\/product"}],"replies":[{"embeddable":true,"href":"https:\/\/www.grandcru.cz\/cs_CZ\/wp-json\/wp\/v2\/comments?post=818"}],"wp:featuredmedia":[{"embeddable":true,"href":"https:\/\/www.grandcru.cz\/cs_CZ\/wp-json\/wp\/v2\/media\/819"}],"wp:attachment":[{"href":"https:\/\/www.grandcru.cz\/cs_CZ\/wp-json\/wp\/v2\/media?parent=818"}],"wp:term":[{"taxonomy":"product_cat","embeddable":true,"href":"https:\/\/www.grandcru.cz\/cs_CZ\/wp-json\/wp\/v2\/product_cat?post=818"},{"taxonomy":"product_tag","embeddable":true,"href":"https:\/\/www.grandcru.cz\/cs_CZ\/wp-json\/wp\/v2\/product_tag?post=818"}],"curies":[{"name":"wp","href":"https:\/\/api.w.org\/{rel}","templated":true}]}}