{"id":796,"date":"2020-12-04T10:28:05","date_gmt":"2020-12-04T09:28:05","guid":{"rendered":""},"modified":"2025-12-26T00:14:15","modified_gmt":"2025-12-25T23:14:15","slug":"vinarstvi-rathouzsky-veltlinske-zelene-mzv-2024-075l","status":"publish","type":"product","link":"https:\/\/www.grandcru.cz\/cs_CZ\/produkt\/vinarstvi-rathouzsky-veltlinske-zelene-mzv-2024-075l\/","title":{"rendered":"Vina\u0159stv\u00ed Rathouzsk\u00fd, Veltl\u00ednsk\u00e9 zelen\u00e9, mzv, 2024, 0,75l"},"content":{"rendered":"<div class=\"row\"><\/div>\n<div class=\"row\">\n<div class=\"col-md-8\">\n<p>moravsk\u00e9 zemsk\u00e9 v\u00edno<br \/>\nObjem: 0,75 l<br \/>\nAlkohol: 12,5%<br \/>\nCukernatost p\u0159i sklizni: 22,0\u00b0 \u010cNM<br \/>\nObsahuje oxid si\u0159i\u010dit\u00fd<\/p>\n<\/div>\n<\/div>\n","protected":false},"excerpt":{"rendered":"<div class=\"row\"><\/div>\n<div class=\"row\">\n<div class=\"col-md-8\">\n<p>moravsk\u00e9 zemsk\u00e9 v\u00edno<br \/>\nObjem: 0,75 l<br \/>\nAlkohol: 11,5%<br \/>\nCukernatost p\u0159i sklizni: 19,0\u00b0 \u010cNM<br \/>\n\u010c\u00edslo \u0161ar\u017ee: 19\/04<br \/>\nObsahuje oxid si\u0159i\u010dit\u00fd<\/p>\n<\/div>\n<\/div>\n","protected":false},"featured_media":797,"comment_status":"open","ping_status":"closed","template":"","meta":[],"product_cat":[12,14],"product_tag":[],"_links":{"self":[{"href":"https:\/\/www.grandcru.cz\/cs_CZ\/wp-json\/wp\/v2\/product\/796"}],"collection":[{"href":"https:\/\/www.grandcru.cz\/cs_CZ\/wp-json\/wp\/v2\/product"}],"about":[{"href":"https:\/\/www.grandcru.cz\/cs_CZ\/wp-json\/wp\/v2\/types\/product"}],"replies":[{"embeddable":true,"href":"https:\/\/www.grandcru.cz\/cs_CZ\/wp-json\/wp\/v2\/comments?post=796"}],"wp:featuredmedia":[{"embeddable":true,"href":"https:\/\/www.grandcru.cz\/cs_CZ\/wp-json\/wp\/v2\/media\/797"}],"wp:attachment":[{"href":"https:\/\/www.grandcru.cz\/cs_CZ\/wp-json\/wp\/v2\/media?parent=796"}],"wp:term":[{"taxonomy":"product_cat","embeddable":true,"href":"https:\/\/www.grandcru.cz\/cs_CZ\/wp-json\/wp\/v2\/product_cat?post=796"},{"taxonomy":"product_tag","embeddable":true,"href":"https:\/\/www.grandcru.cz\/cs_CZ\/wp-json\/wp\/v2\/product_tag?post=796"}],"curies":[{"name":"wp","href":"https:\/\/api.w.org\/{rel}","templated":true}]}}