{"id":789,"date":"2020-12-04T10:00:47","date_gmt":"2020-12-04T09:00:47","guid":{"rendered":""},"modified":"2025-04-16T13:35:16","modified_gmt":"2025-04-16T11:35:16","slug":"vinarstvi-rathouzsky-rulandske-bile-mzv-2021-075l","status":"publish","type":"product","link":"https:\/\/www.grandcru.cz\/cs_CZ\/produkt\/vinarstvi-rathouzsky-rulandske-bile-mzv-2021-075l\/","title":{"rendered":"Vina\u0159stv\u00ed Rathouzsk\u00fd, Rulandsk\u00e9 b\u00edl\u00e9, mzv, 2021 0,75l"},"content":{"rendered":"<div class=\"row\"><\/div>\n<div class=\"row\">\n<div class=\"col-md-8\">\n<p>moravsk\u00e9 zemsk\u00e9 v\u00edno<br \/>\nObjem: 0,75 l<br \/>\nAlkohol: 13,5%<br \/>\nCukernatost p\u0159i sklizni: 22,0\u00b0 \u010cNM<br \/>\n\u010c\u00edslo \u0161ar\u017ee: 19\/07<br \/>\nObsahuje oxid si\u0159i\u010dit\u00fd<\/p>\n<\/div>\n<\/div>\n","protected":false},"excerpt":{"rendered":"<div class=\"row\"><\/div>\n<div class=\"row\">\n<div class=\"col-md-8\">\n<p>moravsk\u00e9 zemsk\u00e9 v\u00edno<br \/>\nObjem: 0,75 l<br \/>\nAlkohol: 13,5%<br \/>\nCukernatost p\u0159i sklizni: 22,0\u00b0 \u010cNM<br \/>\n\u010c\u00edslo \u0161ar\u017ee: 19\/07<br \/>\nObsahuje oxid si\u0159i\u010dit\u00fd<\/p>\n<\/div>\n<\/div>\n","protected":false},"featured_media":790,"comment_status":"open","ping_status":"closed","template":"","meta":[],"product_cat":[12,14],"product_tag":[],"_links":{"self":[{"href":"https:\/\/www.grandcru.cz\/cs_CZ\/wp-json\/wp\/v2\/product\/789"}],"collection":[{"href":"https:\/\/www.grandcru.cz\/cs_CZ\/wp-json\/wp\/v2\/product"}],"about":[{"href":"https:\/\/www.grandcru.cz\/cs_CZ\/wp-json\/wp\/v2\/types\/product"}],"replies":[{"embeddable":true,"href":"https:\/\/www.grandcru.cz\/cs_CZ\/wp-json\/wp\/v2\/comments?post=789"}],"wp:featuredmedia":[{"embeddable":true,"href":"https:\/\/www.grandcru.cz\/cs_CZ\/wp-json\/wp\/v2\/media\/790"}],"wp:attachment":[{"href":"https:\/\/www.grandcru.cz\/cs_CZ\/wp-json\/wp\/v2\/media?parent=789"}],"wp:term":[{"taxonomy":"product_cat","embeddable":true,"href":"https:\/\/www.grandcru.cz\/cs_CZ\/wp-json\/wp\/v2\/product_cat?post=789"},{"taxonomy":"product_tag","embeddable":true,"href":"https:\/\/www.grandcru.cz\/cs_CZ\/wp-json\/wp\/v2\/product_tag?post=789"}],"curies":[{"name":"wp","href":"https:\/\/api.w.org\/{rel}","templated":true}]}}