{"id":775,"date":"2020-07-16T11:20:57","date_gmt":"2020-07-16T09:20:57","guid":{"rendered":""},"modified":"2022-09-14T15:46:49","modified_gmt":"2022-09-14T13:46:49","slug":"regina-coeli-palava-mzv-suche-075l","status":"publish","type":"product","link":"https:\/\/www.grandcru.cz\/cs_CZ\/produkt\/regina-coeli-palava-mzv-suche-075l\/","title":{"rendered":"Regina Coeli, P\u00e1lava, mzv, such\u00e9, 0,75l"},"content":{"rendered":"<div class=\"row\">\n<div class=\"col-md-12\">\n<p>V\u00edno zlatav\u00e9 barvy, l\u00e1kav\u00e9 v\u016fn\u011b r\u016f\u017e\u00ed a li\u010di. Na pat\u0159e v\u00e9vod\u00ed lahodn\u00e1 chu\u0165 \u010derstv\u00fdch hrozn\u016f, minerality a\u017e lehk\u00e9ho marcip\u00e1nu. Kontaktn\u00ed \u017eiv\u00e9 v\u00edno se sv\u011b\u017e\u00ed kyselinkou, ide\u00e1ln\u00ed na za\u010d\u00e1tek del\u0161\u00edho stolov\u00e1n\u00ed.<\/p>\n<pre class=\"title\"><span style=\"font-size: 16px;\">\u0160ar\u017ee: 1916<\/span><\/pre>\n<\/div>\n<\/div>\n<div class=\"row\">\n<div class=\"col-md-4 detail\">\n<ul class=\"list-group list-group-flush\">\n<li class=\"list-group-item\">Moravsk\u00e9 zemsk\u00e9 v\u00edno<\/li>\n<li class=\"list-group-item\">Such\u00e9<\/li>\n<li class=\"list-group-item\">Obec: Doln\u00ed Kounice<\/li>\n<li class=\"list-group-item\">Tra\u0165: \u0160ibeni\u010dn\u00ed hora<\/li>\n<li class=\"list-group-item\">Zbytkov\u00fd cukr: 3.5 g\/l<\/li>\n<li class=\"list-group-item\">Cukernatost hroznu p\u0159i sb\u011bru: 23 \u00b0NM<\/li>\n<li class=\"list-group-item\">Titrovatelne kyseliny: 6.3 g\/l<\/li>\n<li class=\"list-group-item\">alk.: 13 %obj<\/li>\n<li class=\"list-group-item\">Objem: 0.75 l<\/li>\n<\/ul>\n<\/div>\n<div class=\"col-md-8\">\n<p>Doporu\u010dujeme ke krevet\u00e1m, vep\u0159ov\u00e9 panence s broskvovou om\u00e1\u010dkou \u010di indick\u00e9mu kari s ananasem. Je skv\u011bl\u00fdm spole\u010dn\u00edkem kynut\u00fdm knedl\u00edk\u016fm s meru\u0148kami, kr\u00e9mov\u00fdm ovocn\u00fdm dezert\u016fm a s\u00fdr\u016fm typu garvais.<\/p>\n<\/div>\n<\/div>\n","protected":false},"excerpt":{"rendered":"<div class=\"row\">\n<div class=\"col-md-12\">\n<p>V\u00edno zlatav\u00e9 barvy, l\u00e1kav\u00e9 v\u016fn\u011b r\u016f\u017e\u00ed a li\u010di. Na pat\u0159e v\u00e9vod\u00ed lahodn\u00e1 chu\u0165 \u010derstv\u00fdch hrozn\u016f, minerality a\u017e lehk\u00e9ho marcip\u00e1nu. Kontaktn\u00ed \u017eiv\u00e9 v\u00edno se sv\u011b\u017e\u00ed kyselinkou, ide\u00e1ln\u00ed na za\u010d\u00e1tek del\u0161\u00edho stolov\u00e1n\u00ed.<\/p>\n<pre class=\"title\"><span style=\"font-size: 16px;\">\u0160ar\u017ee: 1916<\/span><\/pre>\n<\/div>\n<\/div>\n<div class=\"row\">\n<div class=\"col-md-4 detail\">\n<ul class=\"list-group list-group-flush\">\n<li class=\"list-group-item\">Moravsk\u00e9 zemsk\u00e9 v\u00edno<\/li>\n<li class=\"list-group-item\">Such\u00e9<\/li>\n<li class=\"list-group-item\">Obec: Doln\u00ed Kounice<\/li>\n<li class=\"list-group-item\">Tra\u0165: \u0160ibeni\u010dn\u00ed hora<\/li>\n<li class=\"list-group-item\">Zbytkov\u00fd cukr: 3.5 g\/l<\/li>\n<li class=\"list-group-item\">Cukernatost hroznu p\u0159i sb\u011bru: 23 \u00b0NM<\/li>\n<li class=\"list-group-item\">Titrovatelne kyseliny: 6.3 g\/l<\/li>\n<li class=\"list-group-item\">alk.: 13 %obj<\/li>\n<li class=\"list-group-item\">Objem: 0.75 l<\/li>\n<\/ul>\n<\/div>\n<div class=\"col-md-8\">\n<p>Doporu\u010dujeme ke krevet\u00e1m, vep\u0159ov\u00e9 panence s broskvovou om\u00e1\u010dkou \u010di indick\u00e9mu kari s ananasem. Je skv\u011bl\u00fdm spole\u010dn\u00edkem kynut\u00fdm knedl\u00edk\u016fm s meru\u0148kami, kr\u00e9mov\u00fdm ovocn\u00fdm dezert\u016fm a s\u00fdr\u016fm typu garvais.<\/p>\n<\/div>\n<\/div>\n","protected":false},"featured_media":776,"comment_status":"open","ping_status":"closed","template":"","meta":[],"product_cat":[12,14],"product_tag":[],"_links":{"self":[{"href":"https:\/\/www.grandcru.cz\/cs_CZ\/wp-json\/wp\/v2\/product\/775"}],"collection":[{"href":"https:\/\/www.grandcru.cz\/cs_CZ\/wp-json\/wp\/v2\/product"}],"about":[{"href":"https:\/\/www.grandcru.cz\/cs_CZ\/wp-json\/wp\/v2\/types\/product"}],"replies":[{"embeddable":true,"href":"https:\/\/www.grandcru.cz\/cs_CZ\/wp-json\/wp\/v2\/comments?post=775"}],"wp:featuredmedia":[{"embeddable":true,"href":"https:\/\/www.grandcru.cz\/cs_CZ\/wp-json\/wp\/v2\/media\/776"}],"wp:attachment":[{"href":"https:\/\/www.grandcru.cz\/cs_CZ\/wp-json\/wp\/v2\/media?parent=775"}],"wp:term":[{"taxonomy":"product_cat","embeddable":true,"href":"https:\/\/www.grandcru.cz\/cs_CZ\/wp-json\/wp\/v2\/product_cat?post=775"},{"taxonomy":"product_tag","embeddable":true,"href":"https:\/\/www.grandcru.cz\/cs_CZ\/wp-json\/wp\/v2\/product_tag?post=775"}],"curies":[{"name":"wp","href":"https:\/\/api.w.org\/{rel}","templated":true}]}}