{"id":773,"date":"2020-07-16T11:11:41","date_gmt":"2020-07-16T09:11:41","guid":{"rendered":""},"modified":"2025-12-26T00:15:41","modified_gmt":"2025-12-25T23:15:41","slug":"regina-coeli-pinot-noir-pozdni-sber-suche-2023-075l","status":"publish","type":"product","link":"https:\/\/www.grandcru.cz\/cs_CZ\/produkt\/regina-coeli-pinot-noir-pozdni-sber-suche-2023-075l\/","title":{"rendered":"Regina Coeli, Pinot noir, pozdn\u00ed sb\u011br such\u00e9 2023 0,75l"},"content":{"rendered":"<p>\u0160ar\u017ee: 1653<\/p>\n<p>V\u00edno tmav\u011b cihlov\u00e9 barvy, ve v\u016fni upoutaj\u00ed u\u0161lechtil\u00e9 t\u00f3ny p\u0159ipom\u00ednaj\u00edc\u00ed lan\u00fd\u017ee, na pat\u0159e zaujme aroma kompotovan\u00fdch jahod a kandovan\u00fdch t\u0159e\u0161n\u00ed; pln\u00e9, dob\u0159e strukturovan\u00e9 a harmonick\u00e9 v\u00edno se smetanov\u00fdmi t\u0159\u00edslovinami a hladkou smetanovou dochut\u00ed.<\/p>\n<p>Doporu\u010dujeme ke kachn\u00ed terin\u011b a jemn\u00fdm uzen\u00e1\u0159sk\u00fdm lah\u016fdk\u00e1m (mortadella). Ide\u00e1ln\u011b doprov\u00e1z\u00ed dr\u016fbe\u017e\u00ed rag\u00fa a telec\u00ed du\u0161en\u00e9 s bylinkami a smetanovou om\u00e1\u010dkou, stejn\u011b jako tradi\u010dn\u00ed bramborov\u00e9 placky (lok\u0161e) s povidly a m\u00e1kem. Snoub\u00ed se s jemn\u00fdmi zraj\u00edc\u00edmi s\u00fdry (Bla\u0165\u00e1ck\u00e9 zlato, Amis de Chambertin) a se s\u00fdry s b\u00edlou pl\u00edsn\u00ed typu camembert.<\/p>\n","protected":false},"excerpt":{"rendered":"<p>\u0160ar\u017ee: 1653<\/p>\n<p>V\u00edno tmav\u011b cihlov\u00e9 barvy, ve v\u016fni upoutaj\u00ed u\u0161lechtil\u00e9 t\u00f3ny p\u0159ipom\u00ednaj\u00edc\u00ed lan\u00fd\u017ee, na pat\u0159e zaujme aroma kompotovan\u00fdch jahod a kandovan\u00fdch t\u0159e\u0161n\u00ed; pln\u00e9, dob\u0159e strukturovan\u00e9 a harmonick\u00e9 v\u00edno se smetanov\u00fdmi t\u0159\u00edslovinami a hladkou smetanovou dochut\u00ed.<\/p>\n<p>Doporu\u010dujeme ke kachn\u00ed terin\u011b a jemn\u00fdm uzen\u00e1\u0159sk\u00fdm lah\u016fdk\u00e1m (mortadella). Ide\u00e1ln\u011b doprov\u00e1z\u00ed dr\u016fbe\u017e\u00ed rag\u00fa a telec\u00ed du\u0161en\u00e9 s bylinkami a smetanovou om\u00e1\u010dkou, stejn\u011b jako tradi\u010dn\u00ed bramborov\u00e9 placky (lok\u0161e) s povidly a m\u00e1kem. Snoub\u00ed se s jemn\u00fdmi zraj\u00edc\u00edmi s\u00fdry (Bla\u0165\u00e1ck\u00e9 zlato, Amis de Chambertin) a se s\u00fdry s b\u00edlou pl\u00edsn\u00ed typu camembert.<\/p>\n","protected":false},"featured_media":774,"comment_status":"open","ping_status":"closed","template":"","meta":[],"product_cat":[11,14],"product_tag":[],"_links":{"self":[{"href":"https:\/\/www.grandcru.cz\/cs_CZ\/wp-json\/wp\/v2\/product\/773"}],"collection":[{"href":"https:\/\/www.grandcru.cz\/cs_CZ\/wp-json\/wp\/v2\/product"}],"about":[{"href":"https:\/\/www.grandcru.cz\/cs_CZ\/wp-json\/wp\/v2\/types\/product"}],"replies":[{"embeddable":true,"href":"https:\/\/www.grandcru.cz\/cs_CZ\/wp-json\/wp\/v2\/comments?post=773"}],"wp:featuredmedia":[{"embeddable":true,"href":"https:\/\/www.grandcru.cz\/cs_CZ\/wp-json\/wp\/v2\/media\/774"}],"wp:attachment":[{"href":"https:\/\/www.grandcru.cz\/cs_CZ\/wp-json\/wp\/v2\/media?parent=773"}],"wp:term":[{"taxonomy":"product_cat","embeddable":true,"href":"https:\/\/www.grandcru.cz\/cs_CZ\/wp-json\/wp\/v2\/product_cat?post=773"},{"taxonomy":"product_tag","embeddable":true,"href":"https:\/\/www.grandcru.cz\/cs_CZ\/wp-json\/wp\/v2\/product_tag?post=773"}],"curies":[{"name":"wp","href":"https:\/\/api.w.org\/{rel}","templated":true}]}}