{"id":771,"date":"2020-07-16T11:05:35","date_gmt":"2020-07-16T09:05:35","guid":{"rendered":""},"modified":"2025-12-26T00:15:15","modified_gmt":"2025-12-25T23:15:15","slug":"veltlinske-zelene-2021-stare-kere-sarze-1840","status":"publish","type":"product","link":"https:\/\/www.grandcru.cz\/cs_CZ\/produkt\/veltlinske-zelene-2021-stare-kere-sarze-1840\/","title":{"rendered":"Regina Coeli, Veltl\u00ednsk\u00e9 zelen\u00e9 &#8222;STAR\u00c9 KE\u0158E&#8220;, such\u00e9 2023 0,75l"},"content":{"rendered":"<p>V\u00edno typicky \u017elutozelen\u00e9 barvy s jemn\u00fdm ovocit\u00fdm buketem, na pat\u0159e vyzn\u00ed aroma grep\u016f, limetky a kiwi, ve fin\u00e1le dominuj\u00ed bylinkov\u00e9 t\u00f3ny (pelyn\u011bk, estragon). \u017div\u00e9, dob\u0159e strukturovan\u00e9 v\u00edno s miner\u00e1ln\u00ed dochut\u00ed, v z\u00e1v\u011bru pep\u0159nat\u011b \u0159\u00edzn\u00e9. V\u00edno vst\u0159\u00edcn\u00e9 a pob\u00edziv\u00e9 chuti.<\/p>\n<p>Doporu\u010dujeme k tu\u010dn\u011bj\u0161\u00edm zabija\u010dkov\u00fdm specialit\u00e1m a b\u00edl\u00e9 ryb\u011b na grilu s majon\u00e9zov\u00fdm dresinkem, v\u00fdborn\u00e9 v kombinaci s vep\u0159ov\u00fdm kol\u00ednkem na v\u00edn\u011b a \u0161alv\u011bji. Je vhodn\u00e9 jej serv\u00edrovat jako dob\u0159e temperovan\u00e9 entr\u00e9e ve spole\u010dnosti holandsk\u00fdch s\u00fdr\u016f s ko\u0159en\u00edm &#8211; gouda, eidam&#8230;.<\/p>\n","protected":false},"excerpt":{"rendered":"<p>V\u00edno typicky \u017elutozelen\u00e9 barvy s jemn\u00fdm ovocit\u00fdm buketem, na pat\u0159e vyzn\u00ed aroma grep\u016f, limetky a kiwi, ve fin\u00e1le dominuj\u00ed bylinkov\u00e9 t\u00f3ny (pelyn\u011bk, estragon). \u017div\u00e9, dob\u0159e strukturovan\u00e9 v\u00edno s miner\u00e1ln\u00ed dochut\u00ed, v z\u00e1v\u011bru pep\u0159nat\u011b \u0159\u00edzn\u00e9. V\u00edno vst\u0159\u00edcn\u00e9 a pob\u00edziv\u00e9 chuti.<\/p>\n<p>Doporu\u010dujeme k tu\u010dn\u011bj\u0161\u00edm zabija\u010dkov\u00fdm specialit\u00e1m a b\u00edl\u00e9 ryb\u011b na grilu s majon\u00e9zov\u00fdm dresinkem, v\u00fdborn\u00e9 v kombinaci s vep\u0159ov\u00fdm kol\u00ednkem na v\u00edn\u011b a \u0161alv\u011bji. Je vhodn\u00e9 jej serv\u00edrovat jako dob\u0159e temperovan\u00e9 entr\u00e9e ve spole\u010dnosti holandsk\u00fdch s\u00fdr\u016f s ko\u0159en\u00edm &#8211; gouda, eidam&#8230;.<\/p>\n","protected":false},"featured_media":772,"comment_status":"open","ping_status":"closed","template":"","meta":[],"product_cat":[12,14],"product_tag":[],"_links":{"self":[{"href":"https:\/\/www.grandcru.cz\/cs_CZ\/wp-json\/wp\/v2\/product\/771"}],"collection":[{"href":"https:\/\/www.grandcru.cz\/cs_CZ\/wp-json\/wp\/v2\/product"}],"about":[{"href":"https:\/\/www.grandcru.cz\/cs_CZ\/wp-json\/wp\/v2\/types\/product"}],"replies":[{"embeddable":true,"href":"https:\/\/www.grandcru.cz\/cs_CZ\/wp-json\/wp\/v2\/comments?post=771"}],"wp:featuredmedia":[{"embeddable":true,"href":"https:\/\/www.grandcru.cz\/cs_CZ\/wp-json\/wp\/v2\/media\/772"}],"wp:attachment":[{"href":"https:\/\/www.grandcru.cz\/cs_CZ\/wp-json\/wp\/v2\/media?parent=771"}],"wp:term":[{"taxonomy":"product_cat","embeddable":true,"href":"https:\/\/www.grandcru.cz\/cs_CZ\/wp-json\/wp\/v2\/product_cat?post=771"},{"taxonomy":"product_tag","embeddable":true,"href":"https:\/\/www.grandcru.cz\/cs_CZ\/wp-json\/wp\/v2\/product_tag?post=771"}],"curies":[{"name":"wp","href":"https:\/\/api.w.org\/{rel}","templated":true}]}}