{"id":763,"date":"2020-07-13T12:40:02","date_gmt":"2020-07-13T10:40:02","guid":{"rendered":""},"modified":"2024-11-27T22:04:34","modified_gmt":"2024-11-27T21:04:34","slug":"regina-coeli-sauvignon-pozdni-sber-karlov-suche-2022-075l","status":"publish","type":"product","link":"https:\/\/www.grandcru.cz\/cs_CZ\/produkt\/regina-coeli-sauvignon-pozdni-sber-karlov-suche-2022-075l\/","title":{"rendered":"OULEHLA, Sauvignon, pozdn\u00ed sb\u011br, Karlov, such\u00e9 2023, 0,75l"},"content":{"rendered":"","protected":false},"excerpt":{"rendered":"","protected":false},"featured_media":342,"comment_status":"open","ping_status":"closed","template":"","meta":[],"product_cat":[12,14],"product_tag":[],"_links":{"self":[{"href":"https:\/\/www.grandcru.cz\/cs_CZ\/wp-json\/wp\/v2\/product\/763"}],"collection":[{"href":"https:\/\/www.grandcru.cz\/cs_CZ\/wp-json\/wp\/v2\/product"}],"about":[{"href":"https:\/\/www.grandcru.cz\/cs_CZ\/wp-json\/wp\/v2\/types\/product"}],"replies":[{"embeddable":true,"href":"https:\/\/www.grandcru.cz\/cs_CZ\/wp-json\/wp\/v2\/comments?post=763"}],"wp:featuredmedia":[{"embeddable":true,"href":"https:\/\/www.grandcru.cz\/cs_CZ\/wp-json\/wp\/v2\/media\/342"}],"wp:attachment":[{"href":"https:\/\/www.grandcru.cz\/cs_CZ\/wp-json\/wp\/v2\/media?parent=763"}],"wp:term":[{"taxonomy":"product_cat","embeddable":true,"href":"https:\/\/www.grandcru.cz\/cs_CZ\/wp-json\/wp\/v2\/product_cat?post=763"},{"taxonomy":"product_tag","embeddable":true,"href":"https:\/\/www.grandcru.cz\/cs_CZ\/wp-json\/wp\/v2\/product_tag?post=763"}],"curies":[{"name":"wp","href":"https:\/\/api.w.org\/{rel}","templated":true}]}}