{"id":758,"date":"2020-07-13T12:11:34","date_gmt":"2020-07-13T10:11:34","guid":{"rendered":""},"modified":"2024-08-16T12:34:56","modified_gmt":"2024-08-16T10:34:56","slug":"azienda-agricola-ribote-di-porro-bruno-e-figlio-barolo-d-o-c-g-2015-075l","status":"publish","type":"product","link":"https:\/\/www.grandcru.cz\/cs_CZ\/produkt\/azienda-agricola-ribote-di-porro-bruno-e-figlio-barolo-d-o-c-g-2015-075l\/","title":{"rendered":"Azienda Agricola &#8222;Ribote&#8220; di Porro Bruno e Figlio, Barolo D.O.C.G 2015 0,75l"},"content":{"rendered":"<p>Azienda Agricola \u201eRIBOTE\u201c je p\u0159\u00edsn\u011b rodinn\u00e1 spole\u010dnost, kter\u00e1 vych\u00e1z\u00ed ze stalet\u00e9 tradice.<\/p>\n<p>N\u00e1zev RIBOTE byl p\u0159evzat v roce 1980 ze jm\u00e9na stejnojmenn\u00e9 cascina, kter\u00e1 se nach\u00e1z\u00ed na svaz\u00edch kopc\u016f ve m\u011bst\u011b Dogliani (CN), localit\u00e0 San Luigi.<\/p>\n<p>Na\u0161e vinice jsou orientov\u00e1ny na jih\/z\u00e1pad a rostou na v\u00e1penit\u00fdch p\u016fd\u00e1ch v nadmo\u0159sk\u00e9 v\u00fd\u0161ce 200 a\u017e 600 metr\u016f.<\/p>\n<p>S v\u00e1\u0161n\u00ed obd\u011bl\u00e1v\u00e1me 35 hektar\u016f p\u016fdy, syst\u00e9mem hospoda\u0159en\u00ed typu guyot a vinnou r\u00e9vou ve st\u00e1\u0159\u00ed 20-60 let.<br \/>\nKultura je samoz\u0159ejm\u011b p\u0159\u00edsn\u011b organick\u00e1.<\/p>\n<p>&nbsp;<\/p>\n<p>Azienda Agricola <strong>\u201cRIBOTE\u201d <\/strong>is a strictly family-run company that comes from a centuries-old tradition.<\/p>\n<p>The name<strong> RIBOTE<\/strong> was taken in 1980 from the name of the homonymous cascina, situated in the slopes of the hills in the town of <strong>Dogliani<\/strong> (CN), localit\u00e0 <strong>San Luigi<\/strong>.<\/p>\n<p>Our vineyards are exposed to south\/west and they grow on calcareous soils at an altitude of between 200 and 600 meters.<\/p>\n<p>We cultivate with passion 35 hectares of land, with guyot farming system and vines of an age of 20-60 years.<br \/>\nThe culture is of course strictly <strong>organic<\/strong>.<\/p>\n","protected":false},"excerpt":{"rendered":"<p>zienda Agricola <strong>\u201cRIBOTE\u201d <\/strong>is a strictly family-run company that comes from a centuries-old tradition.<\/p>\n<p>The name<strong> RIBOTE<\/strong> was taken in 1980 from the name of the homonymous cascina, situated in the slopes of the hills in the town of <strong>Dogliani<\/strong> (CN), localit\u00e0 <strong>San Luigi<\/strong>.<\/p>\n<p>Our vineyards are exposed to south\/west and they grow on calcareous soils at an altitude of between 200 and 600 meters.<\/p>\n<p>We cultivate with passion 35 hectares of land, with guyot farming system and vines of an age of 20-60 years.<br \/>\nThe culture is of course strictly <strong>organic<\/strong>.<\/p>\n","protected":false},"featured_media":759,"comment_status":"open","ping_status":"closed","template":"","meta":[],"product_cat":[11,14],"product_tag":[],"_links":{"self":[{"href":"https:\/\/www.grandcru.cz\/cs_CZ\/wp-json\/wp\/v2\/product\/758"}],"collection":[{"href":"https:\/\/www.grandcru.cz\/cs_CZ\/wp-json\/wp\/v2\/product"}],"about":[{"href":"https:\/\/www.grandcru.cz\/cs_CZ\/wp-json\/wp\/v2\/types\/product"}],"replies":[{"embeddable":true,"href":"https:\/\/www.grandcru.cz\/cs_CZ\/wp-json\/wp\/v2\/comments?post=758"}],"wp:featuredmedia":[{"embeddable":true,"href":"https:\/\/www.grandcru.cz\/cs_CZ\/wp-json\/wp\/v2\/media\/759"}],"wp:attachment":[{"href":"https:\/\/www.grandcru.cz\/cs_CZ\/wp-json\/wp\/v2\/media?parent=758"}],"wp:term":[{"taxonomy":"product_cat","embeddable":true,"href":"https:\/\/www.grandcru.cz\/cs_CZ\/wp-json\/wp\/v2\/product_cat?post=758"},{"taxonomy":"product_tag","embeddable":true,"href":"https:\/\/www.grandcru.cz\/cs_CZ\/wp-json\/wp\/v2\/product_tag?post=758"}],"curies":[{"name":"wp","href":"https:\/\/api.w.org\/{rel}","templated":true}]}}