{"id":755,"date":"2020-07-13T11:47:29","date_gmt":"2020-07-13T09:47:29","guid":{"rendered":""},"modified":"2025-07-25T22:51:58","modified_gmt":"2025-07-25T20:51:58","slug":"domaine-baron-thenard-montrachet-grand-cru-cote-de-beaune-2022-075l","status":"publish","type":"product","link":"https:\/\/www.grandcru.cz\/cs_CZ\/produkt\/domaine-baron-thenard-montrachet-grand-cru-cote-de-beaune-2022-075l\/","title":{"rendered":"DOMAINE BARON TH\u00c9NARD,  Montrachet Grand Cru, Cote de Beaune,  2022, 0,75l"},"content":{"rendered":"<p>Jean-Baptiste Bordeaux-Montrieux p\u0159evzal vina\u0159stv\u00ed v roce 1980. V\u00edna byla v\u017edy vyr\u00e1b\u011bna velmi tradi\u010dn\u00ed metodou: fermentovan\u00e9 v sudech po dobu dvou t\u00fddn\u016f, pot\u00e9 zraj\u00edc\u00ed v sudech \u00a0dvan\u00e1ct a\u017e osmn\u00e1ct m\u011bs\u00edc\u016f (pades\u00e1t procent nov\u00e9ho dubu pro 1er Cru) a filtrov\u00e1no jen velmi lehce, pokud je to nutn\u00e9. B\u00edl\u00e1 v\u00edna jsou fermentov\u00e1na a st\u00e1rnou v sudech. Fermentace za\u010d\u00edn\u00e1 spont\u00e1nn\u011b a jde vlastn\u00edm tempem, n\u011bkdy trvaj\u00edc\u00ed m\u011bs\u00edce. U Montrachetu od ro\u010dn\u00edku 2010 je pou\u017e\u00edv\u00e1no\u00a0pr\u016fm\u011brn\u011b pades\u00e1t procent nov\u00fdch sud\u016f.<\/p>\n<p>&nbsp;<\/p>\n<p>&nbsp;<\/p>\n","protected":false},"excerpt":{"rendered":"<p>Jean-Baptiste Bordeaux-Montrieux p\u0159evzal vina\u0159stv\u00ed v roce 1980. V\u00edna byla v\u017edy vyr\u00e1b\u011bna velmi tradi\u010dn\u00ed metodou: fermentovan\u00e9 v sudech po dobu dvou t\u00fddn\u016f, pot\u00e9 zraj\u00edc\u00ed v sudech \u00a0dvan\u00e1ct a\u017e osmn\u00e1ct m\u011bs\u00edc\u016f (pades\u00e1t procent nov\u00e9ho dubu pro 1er Cru) a filtrov\u00e1no jen velmi lehce, pokud je to nutn\u00e9. B\u00edl\u00e1 v\u00edna jsou fermentov\u00e1na a st\u00e1rnou v sudech. Fermentace za\u010d\u00edn\u00e1 spont\u00e1nn\u011b a jde vlastn\u00edm tempem, n\u011bkdy trvaj\u00edc\u00ed m\u011bs\u00edce. U Montrachetu od ro\u010dn\u00edku 2010 je pou\u017e\u00edv\u00e1no\u00a0pr\u016fm\u011brn\u011b pades\u00e1t procent nov\u00fdch sud\u016f.<\/p>\n<p>&nbsp;<\/p>\n<p>&nbsp;<\/p>\n","protected":false},"featured_media":447,"comment_status":"open","ping_status":"closed","template":"","meta":[],"product_cat":[12,143,56,14],"product_tag":[],"_links":{"self":[{"href":"https:\/\/www.grandcru.cz\/cs_CZ\/wp-json\/wp\/v2\/product\/755"}],"collection":[{"href":"https:\/\/www.grandcru.cz\/cs_CZ\/wp-json\/wp\/v2\/product"}],"about":[{"href":"https:\/\/www.grandcru.cz\/cs_CZ\/wp-json\/wp\/v2\/types\/product"}],"replies":[{"embeddable":true,"href":"https:\/\/www.grandcru.cz\/cs_CZ\/wp-json\/wp\/v2\/comments?post=755"}],"wp:featuredmedia":[{"embeddable":true,"href":"https:\/\/www.grandcru.cz\/cs_CZ\/wp-json\/wp\/v2\/media\/447"}],"wp:attachment":[{"href":"https:\/\/www.grandcru.cz\/cs_CZ\/wp-json\/wp\/v2\/media?parent=755"}],"wp:term":[{"taxonomy":"product_cat","embeddable":true,"href":"https:\/\/www.grandcru.cz\/cs_CZ\/wp-json\/wp\/v2\/product_cat?post=755"},{"taxonomy":"product_tag","embeddable":true,"href":"https:\/\/www.grandcru.cz\/cs_CZ\/wp-json\/wp\/v2\/product_tag?post=755"}],"curies":[{"name":"wp","href":"https:\/\/api.w.org\/{rel}","templated":true}]}}