{"id":708,"date":"2020-07-05T18:30:02","date_gmt":"2020-07-05T16:30:02","guid":{"rendered":""},"modified":"2025-04-16T14:06:44","modified_gmt":"2025-04-16T12:06:44","slug":"pierre-meurgey-vosne-romanee-aux-communes-2016-075l","status":"publish","type":"product","link":"https:\/\/www.grandcru.cz\/cs_CZ\/produkt\/pierre-meurgey-vosne-romanee-aux-communes-2016-075l\/","title":{"rendered":"Pierre Meurgey, Vosne-Roman\u00e9e &#8222;Aux Communes&#8220; 2016, 0,75l"},"content":{"rendered":"<p>Located in C\u00f4te de Nuits, Vosne-Roman\u00e9e has fabulous Grands Crus: Roman\u00e9e-Conti, Roman\u00e9e Saint-Vivant, La Roman\u00e9e, La T\u00e2che, La Grande Rue, Richebourg.<\/p>\n<p>Established in 1936, the appellation Vosne-Roman\u00e9e and its Premiers Crus share the most sublime expression of Pinot Noir.<\/p>\n<p>These grapes are sourced from a single row of vines. The wine is fermented in a temperature controlled vat and placed in a single used French oak barrel.<\/p>\n<p>The production is only 288 bottles.<\/p>\n","protected":false},"excerpt":{"rendered":"<p>Located in C\u00f4te de Nuits, Vosne-Roman\u00e9e has fabulous Grands Crus: Roman\u00e9e-Conti, Roman\u00e9e Saint-Vivant, La Roman\u00e9e, La T\u00e2che, La Grande Rue, Richebourg.<\/p>\n<p>Established in 1936, the appellation Vosne-Roman\u00e9e and its Premiers Crus share the most sublime expression of Pinot Noir.<\/p>\n<p>These grapes are sourced from a single row of vines. The wine is fermented in a temperature controlled vat and placed in a single used French oak barrel.<\/p>\n<p>The production is only 288 bottles.<\/p>\n","protected":false},"featured_media":711,"comment_status":"open","ping_status":"closed","template":"","meta":[],"product_cat":[11,56,14],"product_tag":[],"_links":{"self":[{"href":"https:\/\/www.grandcru.cz\/cs_CZ\/wp-json\/wp\/v2\/product\/708"}],"collection":[{"href":"https:\/\/www.grandcru.cz\/cs_CZ\/wp-json\/wp\/v2\/product"}],"about":[{"href":"https:\/\/www.grandcru.cz\/cs_CZ\/wp-json\/wp\/v2\/types\/product"}],"replies":[{"embeddable":true,"href":"https:\/\/www.grandcru.cz\/cs_CZ\/wp-json\/wp\/v2\/comments?post=708"}],"wp:featuredmedia":[{"embeddable":true,"href":"https:\/\/www.grandcru.cz\/cs_CZ\/wp-json\/wp\/v2\/media\/711"}],"wp:attachment":[{"href":"https:\/\/www.grandcru.cz\/cs_CZ\/wp-json\/wp\/v2\/media?parent=708"}],"wp:term":[{"taxonomy":"product_cat","embeddable":true,"href":"https:\/\/www.grandcru.cz\/cs_CZ\/wp-json\/wp\/v2\/product_cat?post=708"},{"taxonomy":"product_tag","embeddable":true,"href":"https:\/\/www.grandcru.cz\/cs_CZ\/wp-json\/wp\/v2\/product_tag?post=708"}],"curies":[{"name":"wp","href":"https:\/\/api.w.org\/{rel}","templated":true}]}}