{"id":705,"date":"2020-07-05T17:41:43","date_gmt":"2020-07-05T15:41:43","guid":{"rendered":""},"modified":"2022-09-14T17:07:12","modified_gmt":"2022-09-14T15:07:12","slug":"meurgey-croses-pouilly-fuisse-vieilles-vignes-2016-075l","status":"publish","type":"product","link":"https:\/\/www.grandcru.cz\/cs_CZ\/produkt\/meurgey-croses-pouilly-fuisse-vieilles-vignes-2016-075l\/","title":{"rendered":"Meurgey \u2013 Croses, Pouilly-Fuiss\u00e9 Vieilles Vignes 2016, 0,75l"},"content":{"rendered":"<p>Prestige of the M\u00e2connais, this appellation Village can be followed by the name of the Climate from which the wine comes.<\/p>\n<p>The production villages are: Fuiss\u00e9, Solutr\u00e9-Pouilly, Vergisson and Chaintr\u00e9.<\/p>\n<p>Our production comes from 5 parcels located in the village of Pouilly and whose average age is 75 years.<\/p>\n<p>Fermentation and aging take place entirely in Burgundy oak barrels (25% new oak).<\/p>\n<p>&nbsp;<\/p>\n<p>100% Chardonnay<\/p>\n<p>&nbsp;<\/p>\n<p>&nbsp;<\/p>\n","protected":false},"excerpt":{"rendered":"<p>Prestige of the M\u00e2connais, this appellation Village can be followed by the name of the Climate from which the wine comes.<\/p>\n<p>The production villages are: Fuiss\u00e9, Solutr\u00e9-Pouilly, Vergisson and Chaintr\u00e9.<\/p>\n<p>Our production comes from 5 parcels located in the village of Pouilly and whose average age is 75 years.<\/p>\n<p>Fermentation and aging take place entirely in Burgundy oak barrels (25% new oak).<\/p>\n<p>&nbsp;<\/p>\n<p>100% Chardonnay<\/p>\n<p>&nbsp;<\/p>\n<p>&nbsp;<\/p>\n","protected":false},"featured_media":355,"comment_status":"open","ping_status":"closed","template":"","meta":[],"product_cat":[12,14],"product_tag":[],"_links":{"self":[{"href":"https:\/\/www.grandcru.cz\/cs_CZ\/wp-json\/wp\/v2\/product\/705"}],"collection":[{"href":"https:\/\/www.grandcru.cz\/cs_CZ\/wp-json\/wp\/v2\/product"}],"about":[{"href":"https:\/\/www.grandcru.cz\/cs_CZ\/wp-json\/wp\/v2\/types\/product"}],"replies":[{"embeddable":true,"href":"https:\/\/www.grandcru.cz\/cs_CZ\/wp-json\/wp\/v2\/comments?post=705"}],"wp:featuredmedia":[{"embeddable":true,"href":"https:\/\/www.grandcru.cz\/cs_CZ\/wp-json\/wp\/v2\/media\/355"}],"wp:attachment":[{"href":"https:\/\/www.grandcru.cz\/cs_CZ\/wp-json\/wp\/v2\/media?parent=705"}],"wp:term":[{"taxonomy":"product_cat","embeddable":true,"href":"https:\/\/www.grandcru.cz\/cs_CZ\/wp-json\/wp\/v2\/product_cat?post=705"},{"taxonomy":"product_tag","embeddable":true,"href":"https:\/\/www.grandcru.cz\/cs_CZ\/wp-json\/wp\/v2\/product_tag?post=705"}],"curies":[{"name":"wp","href":"https:\/\/api.w.org\/{rel}","templated":true}]}}