{"id":702,"date":"2020-07-05T11:27:02","date_gmt":"2020-07-05T09:27:02","guid":{"rendered":""},"modified":"2022-09-14T14:05:24","modified_gmt":"2022-09-14T12:05:24","slug":"meurgey-croses-vire-clesse-vielles-vignes-2017-075l","status":"publish","type":"product","link":"https:\/\/www.grandcru.cz\/cs_CZ\/produkt\/meurgey-croses-vire-clesse-vielles-vignes-2017-075l\/","title":{"rendered":"Meurgey \u2013 Croses, Vir\u00e9 Cless\u00e9 &#8222;Vielles Vignes&#8220; 2017, 0,75l"},"content":{"rendered":"<section>Vir\u00e9 Cless\u00e9 comes from the town of Cless\u00e9 on a land located in the heart of the appellation. The vines whose ages range from twenty to eighty years are planted on a slope to the south-east shelf called &#8222;Mount&#8220;. The altitude and good drainage of this Mount preserve the freshness of the grapes. Presses are located amidst the 15 hectares of the Mount, and the grapes are pressed without transport or delay on the site of the harvests. This wine is mostly vinified in stainless steel tanks and 15% from the oldest vines are fermented and aged in oak barrels of 600 liters. Bottling takes place at the end of spring.<\/section>\n","protected":false},"excerpt":{"rendered":"<section>Vir\u00e9 Cless\u00e9 comes from the town of Cless\u00e9 on a land located in the heart of the appellation. The vines whose ages range from twenty to eighty years are planted on a slope to the south-east shelf called &#8222;Mount&#8220;. The altitude and good drainage of this Mount preserve the freshness of the grapes. Presses are located amidst the 15 hectares of the Mount, and the grapes are pressed without transport or delay on the site of the harvests. This wine is mostly vinified in stainless steel tanks and 15% from the oldest vines are fermented and aged in oak barrels of 600 liters. Bottling takes place at the end of spring.<\/section>\n","protected":false},"featured_media":357,"comment_status":"open","ping_status":"closed","template":"","meta":[],"product_cat":[12,14],"product_tag":[],"_links":{"self":[{"href":"https:\/\/www.grandcru.cz\/cs_CZ\/wp-json\/wp\/v2\/product\/702"}],"collection":[{"href":"https:\/\/www.grandcru.cz\/cs_CZ\/wp-json\/wp\/v2\/product"}],"about":[{"href":"https:\/\/www.grandcru.cz\/cs_CZ\/wp-json\/wp\/v2\/types\/product"}],"replies":[{"embeddable":true,"href":"https:\/\/www.grandcru.cz\/cs_CZ\/wp-json\/wp\/v2\/comments?post=702"}],"wp:featuredmedia":[{"embeddable":true,"href":"https:\/\/www.grandcru.cz\/cs_CZ\/wp-json\/wp\/v2\/media\/357"}],"wp:attachment":[{"href":"https:\/\/www.grandcru.cz\/cs_CZ\/wp-json\/wp\/v2\/media?parent=702"}],"wp:term":[{"taxonomy":"product_cat","embeddable":true,"href":"https:\/\/www.grandcru.cz\/cs_CZ\/wp-json\/wp\/v2\/product_cat?post=702"},{"taxonomy":"product_tag","embeddable":true,"href":"https:\/\/www.grandcru.cz\/cs_CZ\/wp-json\/wp\/v2\/product_tag?post=702"}],"curies":[{"name":"wp","href":"https:\/\/api.w.org\/{rel}","templated":true}]}}