{"id":694,"date":"2020-07-02T23:03:48","date_gmt":"2020-07-02T21:03:48","guid":{"rendered":""},"modified":"2022-09-14T19:54:29","modified_gmt":"2022-09-14T17:54:29","slug":"domaine-guy-breton-ptit-max-morgon-2018-075-l","status":"publish","type":"product","link":"https:\/\/www.grandcru.cz\/cs_CZ\/produkt\/domaine-guy-breton-ptit-max-morgon-2018-075-l\/","title":{"rendered":"Domaine Guy Breton, P\u2019tit Max Morgon, 2018, 0,75 l"},"content":{"rendered":"<h3>Max, p\u0159evzal rodinn\u00e9 vina\u0159stv\u00ed v roce 1987. Vina\u0159stv\u00ed nebylo v jeho \u017eivotn\u00edch pl\u00e1nech ne\u017e se potkal s Marcelem Lapierrem, kter\u00fd ho p\u0159esv\u011bd\u010dil, \u017ee by m\u011bl p\u0159evz\u00edt rodinn\u00e9 d\u011bdictv\u00ed: n\u00e1dhern\u00e9 star\u00e9 vinice Morgonu. Jakmile se rozhodne, za\u010dne vyr\u00e1b\u011bt v\u00edno pod z\u00e1\u0161titou Marcela a tak\u00e9 se setk\u00e1 s Jacquesem N\u00e9auportem, kter\u00fd se\u00a0 stane jeho mentorem.<\/h3>\n<p>This is Max\u2019s top cuvee which he only bottles in special vintages, and comes from <strong>incredibly old vines aged between 80 to 130 years!<\/strong><\/p>\n<p>It was produced with no added chemicals in the vineyard or winery,<\/p>\n<p>matured for 12 months in <strong>used barrels from the Domaine de la Roman\u00e9e Conti<\/strong>, then bottled unfined and unfiltered.<\/p>\n<p>In short, it is as natural a wine as you could hope to find!<\/p>\n<p>The wine has real depth and richness of ripe red cherry fruit flavours combined with wonderful freshness and feminine charm and elegance.<\/p>\n<p>Because this has very small amounts of Sulphites we would advise you to store it at a constant temperature between 10-14C.<\/p>\n","protected":false},"excerpt":{"rendered":"<h3>Max, p\u0159evzal rodinn\u00e9 vina\u0159stv\u00ed v roce 1987. Vina\u0159stv\u00ed nebylo v jeho \u017eivotn\u00edch pl\u00e1nech ne\u017e se potkal s Marcelem Lapierrem, kter\u00fd ho p\u0159esv\u011bd\u010dil, \u017ee by m\u011bl p\u0159evz\u00edt rodinn\u00e9 d\u011bdictv\u00ed: n\u00e1dhern\u00e9 star\u00e9 vinice Morgonu. Jakmile se rozhodne, za\u010dne vyr\u00e1b\u011bt v\u00edno pod z\u00e1\u0161titou Marcela a tak\u00e9 se setk\u00e1 s Jacquesem N\u00e9auportem, kter\u00fd se\u00a0 stane jeho mentorem.<\/h3>\n<p>This is Max\u2019s top cuvee which he only bottles in special vintages, and comes from <strong>incredibly old vines aged between 80 to 130 years!<\/strong><\/p>\n<p>It was produced with no added chemicals in the vineyard or winery,<\/p>\n<p>matured for 12 months in <strong>used barrels from the Domaine de la Roman\u00e9e Conti<\/strong>, then bottled unfined and unfiltered.<\/p>\n<p>In short, it is as natural a wine as you could hope to find!<\/p>\n<p>The wine has real depth and richness of ripe red cherry fruit flavours combined with wonderful freshness and feminine charm and elegance.<\/p>\n<p>Because this has very small amounts of Sulphites we would advise you to store it at a constant temperature between 10-14C.<\/p>\n","protected":false},"featured_media":695,"comment_status":"open","ping_status":"closed","template":"","meta":[],"product_cat":[11,56,14],"product_tag":[],"_links":{"self":[{"href":"https:\/\/www.grandcru.cz\/cs_CZ\/wp-json\/wp\/v2\/product\/694"}],"collection":[{"href":"https:\/\/www.grandcru.cz\/cs_CZ\/wp-json\/wp\/v2\/product"}],"about":[{"href":"https:\/\/www.grandcru.cz\/cs_CZ\/wp-json\/wp\/v2\/types\/product"}],"replies":[{"embeddable":true,"href":"https:\/\/www.grandcru.cz\/cs_CZ\/wp-json\/wp\/v2\/comments?post=694"}],"wp:featuredmedia":[{"embeddable":true,"href":"https:\/\/www.grandcru.cz\/cs_CZ\/wp-json\/wp\/v2\/media\/695"}],"wp:attachment":[{"href":"https:\/\/www.grandcru.cz\/cs_CZ\/wp-json\/wp\/v2\/media?parent=694"}],"wp:term":[{"taxonomy":"product_cat","embeddable":true,"href":"https:\/\/www.grandcru.cz\/cs_CZ\/wp-json\/wp\/v2\/product_cat?post=694"},{"taxonomy":"product_tag","embeddable":true,"href":"https:\/\/www.grandcru.cz\/cs_CZ\/wp-json\/wp\/v2\/product_tag?post=694"}],"curies":[{"name":"wp","href":"https:\/\/api.w.org\/{rel}","templated":true}]}}