{"id":678,"date":"2020-07-02T19:54:14","date_gmt":"2020-07-02T17:54:14","guid":{"rendered":""},"modified":"2025-01-08T15:27:53","modified_gmt":"2025-01-08T14:27:53","slug":"domaine-andre-perret-saint-joseph-rouge-2018-075l","status":"publish","type":"product","link":"https:\/\/www.grandcru.cz\/cs_CZ\/produkt\/domaine-andre-perret-saint-joseph-rouge-2018-075l\/","title":{"rendered":"Domaine Andr\u00e9 Perret, Saint Joseph rouge 2018, 0,75l"},"content":{"rendered":"<h3>100% Syrah<\/h3>\n<h3><strong>Vinifikace v barriques sudech 12 m\u011bs\u00edc\u016f.<\/strong><\/h3>\n","protected":false},"excerpt":{"rendered":"<h3>100% Syrah<\/h3>\n<h3><strong>Vinifikace v barriques sudech 12 m\u011bs\u00edc\u016f.<\/strong><\/h3>\n","protected":false},"featured_media":681,"comment_status":"open","ping_status":"closed","template":"","meta":[],"product_cat":[11,14],"product_tag":[],"_links":{"self":[{"href":"https:\/\/www.grandcru.cz\/cs_CZ\/wp-json\/wp\/v2\/product\/678"}],"collection":[{"href":"https:\/\/www.grandcru.cz\/cs_CZ\/wp-json\/wp\/v2\/product"}],"about":[{"href":"https:\/\/www.grandcru.cz\/cs_CZ\/wp-json\/wp\/v2\/types\/product"}],"replies":[{"embeddable":true,"href":"https:\/\/www.grandcru.cz\/cs_CZ\/wp-json\/wp\/v2\/comments?post=678"}],"wp:featuredmedia":[{"embeddable":true,"href":"https:\/\/www.grandcru.cz\/cs_CZ\/wp-json\/wp\/v2\/media\/681"}],"wp:attachment":[{"href":"https:\/\/www.grandcru.cz\/cs_CZ\/wp-json\/wp\/v2\/media?parent=678"}],"wp:term":[{"taxonomy":"product_cat","embeddable":true,"href":"https:\/\/www.grandcru.cz\/cs_CZ\/wp-json\/wp\/v2\/product_cat?post=678"},{"taxonomy":"product_tag","embeddable":true,"href":"https:\/\/www.grandcru.cz\/cs_CZ\/wp-json\/wp\/v2\/product_tag?post=678"}],"curies":[{"name":"wp","href":"https:\/\/api.w.org\/{rel}","templated":true}]}}