{"id":635,"date":"2020-04-27T17:33:48","date_gmt":"2020-04-27T15:33:48","guid":{"rendered":""},"modified":"2025-04-08T08:58:52","modified_gmt":"2025-04-08T06:58:52","slug":"la-solitude-rouge-2022-cotes-du-rhone-075l","status":"publish","type":"product","link":"https:\/\/www.grandcru.cz\/cs_CZ\/produkt\/la-solitude-rouge-2022-cotes-du-rhone-075l\/","title":{"rendered":"La Solitude rouge, Lancon,  2022, C\u00d4TES-DU-RH\u00d4NE, 0,75l"},"content":{"rendered":"<p>Hrozny pou\u017e\u00edvan\u00e9 k v\u00fdrob\u011b tohoto v\u00edna se p\u011bstuj\u00ed na kamenit\u00fdch, v\u00e1pencov\u00fdch a hlin\u011bn\u00fdch terroirech typick\u00fdch pro ji\u017en\u00ed \u00fadol\u00ed Rh\u00f4ny.<\/p>\n<p>Je to sm\u011bs t\u0159\u00ed typick\u00fdch odr\u016fd: Grenache noir, Syrah a Mourv\u00e8dre.<\/p>\n<p>Pomlet\u00e9 hrozny se vinifikuj\u00ed v betonov\u00fdch k\u00e1d\u00edch&#8230;<\/p>\n<p>V\u00edno je kr\u00e1sn\u00e9 rub\u00ednov\u011b \u010derven\u00e9 barvy s intenzivn\u00ed v\u016fn\u00ed \u010derven\u00fdch bobul\u00ed a ko\u0159en\u00ed.<\/p>\n<p>Je vl\u00e1\u010dn\u00fd a velkorys\u00fd na pat\u0159e s velmi jemnou a elegantn\u00ed t\u0159\u00edslovinou.<\/p>\n","protected":false},"excerpt":{"rendered":"<p>Hrozny pou\u017e\u00edvan\u00e9 k v\u00fdrob\u011b tohoto v\u00edna se p\u011bstuj\u00ed na kamenit\u00fdch, v\u00e1pencov\u00fdch a hlin\u011bn\u00fdch terroirech typick\u00fdch pro ji\u017en\u00ed \u00fadol\u00ed Rh\u00f4ny.<\/p>\n<p>Je to sm\u011bs t\u0159\u00ed typick\u00fdch odr\u016fd: Grenache noir, Syrah a Mourv\u00e8dre.<\/p>\n<p>Pomlet\u00e9 hrozny se vinifikuj\u00ed v betonov\u00fdch k\u00e1d\u00edch&#8230;<\/p>\n<p>V\u00edno je kr\u00e1sn\u00e9 rub\u00ednov\u011b \u010derven\u00e9 barvy s intenzivn\u00ed v\u016fn\u00ed \u010derven\u00fdch bobul\u00ed a ko\u0159en\u00ed.<\/p>\n<p>Je vl\u00e1\u010dn\u00fd a velkorys\u00fd na pat\u0159e s velmi jemnou a elegantn\u00ed t\u0159\u00edslovinou.<\/p>\n","protected":false},"featured_media":636,"comment_status":"open","ping_status":"closed","template":"","meta":[],"product_cat":[11,34,14],"product_tag":[],"_links":{"self":[{"href":"https:\/\/www.grandcru.cz\/cs_CZ\/wp-json\/wp\/v2\/product\/635"}],"collection":[{"href":"https:\/\/www.grandcru.cz\/cs_CZ\/wp-json\/wp\/v2\/product"}],"about":[{"href":"https:\/\/www.grandcru.cz\/cs_CZ\/wp-json\/wp\/v2\/types\/product"}],"replies":[{"embeddable":true,"href":"https:\/\/www.grandcru.cz\/cs_CZ\/wp-json\/wp\/v2\/comments?post=635"}],"wp:featuredmedia":[{"embeddable":true,"href":"https:\/\/www.grandcru.cz\/cs_CZ\/wp-json\/wp\/v2\/media\/636"}],"wp:attachment":[{"href":"https:\/\/www.grandcru.cz\/cs_CZ\/wp-json\/wp\/v2\/media?parent=635"}],"wp:term":[{"taxonomy":"product_cat","embeddable":true,"href":"https:\/\/www.grandcru.cz\/cs_CZ\/wp-json\/wp\/v2\/product_cat?post=635"},{"taxonomy":"product_tag","embeddable":true,"href":"https:\/\/www.grandcru.cz\/cs_CZ\/wp-json\/wp\/v2\/product_tag?post=635"}],"curies":[{"name":"wp","href":"https:\/\/api.w.org\/{rel}","templated":true}]}}