{"id":631,"date":"2020-04-27T16:14:01","date_gmt":"2020-04-27T14:14:01","guid":{"rendered":"http:\/\/www.grandcru.cz\/?post_type=product&#038;p=631"},"modified":"2023-01-24T11:38:51","modified_gmt":"2023-01-24T10:38:51","slug":"chateau-clerc-milon-pastourelle-de-clerc-milon-2009","status":"publish","type":"product","link":"https:\/\/www.grandcru.cz\/cs_CZ\/produkt\/chateau-clerc-milon-pastourelle-de-clerc-milon-2009\/","title":{"rendered":"CH\u00c2TEAU CLERC MILON, Pastourelle de Clerc Milon, 2009, 0,75l"},"content":{"rendered":"<p>Ch\u00e2teau Clerc Milon je vina\u0159stv\u00ed z portfolia rodiny baronky Philippine de Rothschild. Jeho historie se ni\u010d\u00edm neodli\u0161uje od ostatn\u00edch m\u00e9dock\u00fdch ch\u00e2teaux.<\/p>\n<p>B\u011bhem Velk\u00e9 francouzsk\u00e9 revoluce byl ve\u0161ker\u00fd majetek p\u016fvodn\u00edm majitel\u016fm zkonfiskov\u00e1n a prod\u00e1n ve ve\u0159ejn\u00e9 dra\u017eb\u011b.<\/p>\n<p>Koupil ho Jean-Baptiste Clerc, kter\u00fd zde za\u010d\u00e1tkem 19. stolet\u00ed vybudoval vina\u0159stv\u00ed a jeho \u00fasil\u00ed bylo v roce 1855 ocen\u011bno za\u0159azen\u00edm vina\u0159stv\u00ed mezi 5\u00e8me Cru Class\u00e9. Po n\u011bm se zde vyst\u0159\u00eddalo nem\u00e1lo majitel\u016f bohu\u017eel s nemoc p\u0159\u00edzniv\u00fdm vlivem na jeho rozvoj. V roce 1970 je koupil Baron Philippe de Rothschild. Vyc\u00edtil jeho slibn\u00fd potenci\u00e1l a postupn\u011b je kompletn\u011b zrenovoval. Dnes pat\u0159\u00ed se sv\u00fdm pom\u011brem kvalita \u2013 cena mezi nejzaj\u00edmav\u011bj\u0161\u00ed v\u00edna Pauillacu.<\/p>\n<p>Vinice le\u017e\u00ed v severoz\u00e1padn\u00ed \u010d\u00e1sti apelace Pauillac mezi Ch\u00e2teau Mouton Rothschild a Ch\u00e2teau Lafite Rothschild a pln\u011b profituj\u00ed z t\u00e9to skv\u011bl\u00e9 polohy.<\/p>\n<p>Vinice maj\u00ed m\u00edrn\u00fd sklon sm\u011brem k Girond\u011b, kter\u00fd spole\u010dn\u011b se \u0161t\u011brkov\u00fdmi p\u016fdami je skv\u011blou p\u0159\u00edrodn\u00ed dren\u00e1\u017e\u00ed. Z\u00e1rove\u0148 bl\u00edzkost \u0159eky minimalizuje rizika krupobit\u00ed a b\u011bhem l\u00e9ta p\u0159in\u00e1\u0161\u00ed m\u00edrn\u011bj\u0161\u00ed klima. Pr\u016fm\u011brn\u00e9 st\u00e1\u0159\u00ed vinic je dnes 52 let a pat\u0159\u00ed mezi jedno z nejvy\u0161\u0161\u00edch v Pauillacu. I hustota os\u00e1zen\u00ed je vysok\u00e1 \u2013 10.000 hlav\/ha<\/p>\n","protected":false},"excerpt":{"rendered":"<p>Ch\u00e2teau Clerc Milon je vina\u0159stv\u00ed z portfolia rodiny baronky Philippine de Rothschild. Jeho historie se ni\u010d\u00edm neodli\u0161uje od ostatn\u00edch m\u00e9dock\u00fdch ch\u00e2teaux.<\/p>\n<p>B\u011bhem Velk\u00e9 francouzsk\u00e9 revoluce byl ve\u0161ker\u00fd majetek p\u016fvodn\u00edm majitel\u016fm zkonfiskov\u00e1n a prod\u00e1n ve ve\u0159ejn\u00e9 dra\u017eb\u011b.<\/p>\n<p>Koupil ho Jean-Baptiste Clerc, kter\u00fd zde za\u010d\u00e1tkem 19. stolet\u00ed vybudoval vina\u0159stv\u00ed a jeho \u00fasil\u00ed bylo v roce 1855 ocen\u011bno za\u0159azen\u00edm vina\u0159stv\u00ed mezi 5\u00e8me Cru Class\u00e9. Po n\u011bm se zde vyst\u0159\u00eddalo nem\u00e1lo majitel\u016f bohu\u017eel s nemoc p\u0159\u00edzniv\u00fdm vlivem na jeho rozvoj. V roce 1970 je koupil Baron Philippe de Rothschild. Vyc\u00edtil jeho slibn\u00fd potenci\u00e1l a postupn\u011b je kompletn\u011b zrenovoval. Dnes pat\u0159\u00ed se sv\u00fdm pom\u011brem kvalita \u2013 cena mezi nejzaj\u00edmav\u011bj\u0161\u00ed v\u00edna Pauillacu.<\/p>\n<p>Vinice le\u017e\u00ed v severoz\u00e1padn\u00ed \u010d\u00e1sti apelace Pauillac mezi Ch\u00e2teau Mouton Rothschild a Ch\u00e2teau Lafite Rothschild a pln\u011b profituj\u00ed z t\u00e9to skv\u011bl\u00e9 polohy.<\/p>\n<p>Vinice maj\u00ed m\u00edrn\u00fd sklon sm\u011brem k Girond\u011b, kter\u00fd spole\u010dn\u011b se \u0161t\u011brkov\u00fdmi p\u016fdami je skv\u011blou p\u0159\u00edrodn\u00ed dren\u00e1\u017e\u00ed. Z\u00e1rove\u0148 bl\u00edzkost \u0159eky minimalizuje rizika krupobit\u00ed a b\u011bhem l\u00e9ta p\u0159in\u00e1\u0161\u00ed m\u00edrn\u011bj\u0161\u00ed klima. Pr\u016fm\u011brn\u00e9 st\u00e1\u0159\u00ed vinic je dnes 52 let a pat\u0159\u00ed mezi jedno z nejvy\u0161\u0161\u00edch v Pauillacu. I hustota os\u00e1zen\u00ed je vysok\u00e1 \u2013 10.000 hlav\/ha<\/p>\n","protected":false},"featured_media":632,"comment_status":"open","ping_status":"closed","template":"","meta":[],"product_cat":[11],"product_tag":[],"_links":{"self":[{"href":"https:\/\/www.grandcru.cz\/cs_CZ\/wp-json\/wp\/v2\/product\/631"}],"collection":[{"href":"https:\/\/www.grandcru.cz\/cs_CZ\/wp-json\/wp\/v2\/product"}],"about":[{"href":"https:\/\/www.grandcru.cz\/cs_CZ\/wp-json\/wp\/v2\/types\/product"}],"replies":[{"embeddable":true,"href":"https:\/\/www.grandcru.cz\/cs_CZ\/wp-json\/wp\/v2\/comments?post=631"}],"wp:featuredmedia":[{"embeddable":true,"href":"https:\/\/www.grandcru.cz\/cs_CZ\/wp-json\/wp\/v2\/media\/632"}],"wp:attachment":[{"href":"https:\/\/www.grandcru.cz\/cs_CZ\/wp-json\/wp\/v2\/media?parent=631"}],"wp:term":[{"taxonomy":"product_cat","embeddable":true,"href":"https:\/\/www.grandcru.cz\/cs_CZ\/wp-json\/wp\/v2\/product_cat?post=631"},{"taxonomy":"product_tag","embeddable":true,"href":"https:\/\/www.grandcru.cz\/cs_CZ\/wp-json\/wp\/v2\/product_tag?post=631"}],"curies":[{"name":"wp","href":"https:\/\/api.w.org\/{rel}","templated":true}]}}