{"id":622,"date":"2020-04-26T22:21:41","date_gmt":"2020-04-26T20:21:41","guid":{"rendered":""},"modified":"2022-09-14T19:56:48","modified_gmt":"2022-09-14T17:56:48","slug":"leoville-las-cases-du-ac-saint-julien-2015-075l","status":"publish","type":"product","link":"https:\/\/www.grandcru.cz\/cs_CZ\/produkt\/leoville-las-cases-du-ac-saint-julien-2015-075l\/","title":{"rendered":"CH\u00c2TEAU L\u00c9OVILLE LAS CASES, 2eme Cru Classe, AC Saint &#8211; Julien, 2015, 0,75l"},"content":{"rendered":"<p>Toto ch\u00e2teau je jedn\u00edm z nejstar\u0161\u00edch vina\u0159sk\u00fdch dom\u016f v oblasti, nach\u00e1z\u00ed se v Saint-Julien-Beychevelle, v M\u00e9docu. Py\u0161n\u00ed se presti\u017en\u00edm ocen\u011bn\u00edm 2\u00e8me Grand Cru Class\u00e9 z roku 1855. Vinice soused\u00ed s Ch. Latour, rozd\u011bluje je pouze mal\u00fd pot\u016f\u010dek Juillac. V srdci dom\u00e9ny se nach\u00e1z\u00ed mimo\u0159\u00e1dn\u00e1 parcela Grand Clos, jedn\u00e1 se o 50 hektar\u016f vinic v jednom bloku s pr\u016fm\u011brn\u00fdm st\u00e1\u0159\u00edm r\u00e9vy 60 let, tato slavn\u00e1 parcela je obehn\u00e1na je\u0161t\u011b slavn\u011bj\u0161\u00ed hradbou se zn\u00e1m\u00fdm lvem, kter\u00fd figuruje i na etiket\u00e1ch v\u00edna.<\/p>\n<p><span id=\"hikashop_category_custom_value_61\" class=\"hikashop_category_custom_value\"><span id=\"hikashop_category_custom_name_61\" class=\"hikashop_category_custom_name\"><label for=\"category_variety\">Odr\u016fdov\u00e9 slo\u017een\u00ed:\u00a0<\/label><\/span>66 % Cabernet Sauvignon, 24 % Merlot, 9 % Cabernet franc, 1 % Petit Verdot,\u00a0<\/span><\/p>\n<p><span id=\"hikashop_category_custom_name_63\" class=\"hikashop_category_custom_name\"><label for=\"category_soil\">P\u016fdn\u00ed podlo\u017e\u00ed:\u00a0<span id=\"hikashop_category_custom_value_63\" class=\"hikashop_category_custom_value\">garonsk\u00e9 \u0161t\u011brky<\/span><\/label><\/span><\/p>\n","protected":false},"excerpt":{"rendered":"<p>Toto ch\u00e2teau je jedn\u00edm z nejstar\u0161\u00edch vina\u0159sk\u00fdch dom\u016f v oblasti, nach\u00e1z\u00ed se v Saint-Julien-Beychevelle, v M\u00e9docu. Py\u0161n\u00ed se presti\u017en\u00edm ocen\u011bn\u00edm 2\u00e8me Grand Cru Class\u00e9 z roku 1855. Vinice soused\u00ed s Ch. Latour, rozd\u011bluje je pouze mal\u00fd pot\u016f\u010dek Juillac. V srdci dom\u00e9ny se nach\u00e1z\u00ed mimo\u0159\u00e1dn\u00e1 parcela Grand Clos, jedn\u00e1 se o 50 hektar\u016f vinic v jednom bloku s pr\u016fm\u011brn\u00fdm st\u00e1\u0159\u00edm r\u00e9vy 60 let, tato slavn\u00e1 parcela je obehn\u00e1na je\u0161t\u011b slavn\u011bj\u0161\u00ed hradbou se zn\u00e1m\u00fdm lvem, kter\u00fd figuruje i na etiket\u00e1ch v\u00edna.<\/p>\n<p><span id=\"hikashop_category_custom_value_61\" class=\"hikashop_category_custom_value\"><span id=\"hikashop_category_custom_name_61\" class=\"hikashop_category_custom_name\"><label for=\"category_variety\">Odr\u016fdov\u00e9 slo\u017een\u00ed:\u00a0<\/label><\/span>66 % Cabernet Sauvignon, 24 % Merlot, 9 % Cabernet franc, 1 % Petit Verdot,\u00a0<\/span><\/p>\n<p><span id=\"hikashop_category_custom_name_63\" class=\"hikashop_category_custom_name\"><label for=\"category_soil\">P\u016fdn\u00ed podlo\u017e\u00ed:\u00a0<span id=\"hikashop_category_custom_value_63\" class=\"hikashop_category_custom_value\">garonsk\u00e9 \u0161t\u011brky<\/span><\/label><\/span><\/p>\n","protected":false},"featured_media":623,"comment_status":"open","ping_status":"closed","template":"","meta":[],"product_cat":[11,56,14],"product_tag":[],"_links":{"self":[{"href":"https:\/\/www.grandcru.cz\/cs_CZ\/wp-json\/wp\/v2\/product\/622"}],"collection":[{"href":"https:\/\/www.grandcru.cz\/cs_CZ\/wp-json\/wp\/v2\/product"}],"about":[{"href":"https:\/\/www.grandcru.cz\/cs_CZ\/wp-json\/wp\/v2\/types\/product"}],"replies":[{"embeddable":true,"href":"https:\/\/www.grandcru.cz\/cs_CZ\/wp-json\/wp\/v2\/comments?post=622"}],"wp:featuredmedia":[{"embeddable":true,"href":"https:\/\/www.grandcru.cz\/cs_CZ\/wp-json\/wp\/v2\/media\/623"}],"wp:attachment":[{"href":"https:\/\/www.grandcru.cz\/cs_CZ\/wp-json\/wp\/v2\/media?parent=622"}],"wp:term":[{"taxonomy":"product_cat","embeddable":true,"href":"https:\/\/www.grandcru.cz\/cs_CZ\/wp-json\/wp\/v2\/product_cat?post=622"},{"taxonomy":"product_tag","embeddable":true,"href":"https:\/\/www.grandcru.cz\/cs_CZ\/wp-json\/wp\/v2\/product_tag?post=622"}],"curies":[{"name":"wp","href":"https:\/\/api.w.org\/{rel}","templated":true}]}}