{"id":618,"date":"2020-04-26T17:50:48","date_gmt":"2020-04-26T15:50:48","guid":{"rendered":""},"modified":"2023-01-24T11:40:35","modified_gmt":"2023-01-24T10:40:35","slug":"leoville-las-cases-le-petit-lion-du-marquis-de-las-cases-second-wine-ac-saint-julien-2015-075l","status":"publish","type":"product","link":"https:\/\/www.grandcru.cz\/cs_CZ\/produkt\/leoville-las-cases-le-petit-lion-du-marquis-de-las-cases-second-wine-ac-saint-julien-2015-075l\/","title":{"rendered":"Leoville Las Cases, Le Petit Lion du Marquis de Las Cases, AC Saint &#8211; Julien, 2015, 0,75l"},"content":{"rendered":"<p>52 % Cabernet Sauvignon, 38 % Merlot5 % Cabernet Franc, 5 % Petit Verdot.<\/p>\n<p>Druh\u00e9 v\u00edno Chateau L\u00e9oville Las Cases nab\u00edz\u00ed siln\u00fd ovocit\u00fd charakter bohat\u00fd na komplexn\u00ed v\u00fdraz lesn\u00edch plod\u016f. Le Petit Lion vstupuje na trh sebev\u011bdom\u011b a hlavn\u011b nekompromisn\u011b. Chu\u0165 je p\u0159esn\u00e1, pln\u00e1, sv\u011b\u017e\u00ed a temperamentn\u00ed, v\u00fdborn\u011b vyv\u00e1\u017een\u00e1. Na L\u00e9oville Las Cases vytvo\u0159ili kr\u00e1sn\u011b p\u0159\u00edstupn\u00e9 v\u00edno, kter\u00e9 zdob\u00ed temperament a mladistv\u00e1 lehkost.<\/p>\n","protected":false},"excerpt":{"rendered":"<p>52 % Cabernet Sauvignon, 38 % Merlot5 % Cabernet Franc, 5 % Petit Verdot.<\/p>\n<p>Druh\u00e9 v\u00edno Chateau L\u00e9oville Las Cases nab\u00edz\u00ed siln\u00fd ovocit\u00fd charakter bohat\u00fd na komplexn\u00ed v\u00fdraz lesn\u00edch plod\u016f. Le Petit Lion vstupuje na trh sebev\u011bdom\u011b a hlavn\u011b nekompromisn\u011b. Chu\u0165 je p\u0159esn\u00e1, pln\u00e1, sv\u011b\u017e\u00ed a temperamentn\u00ed, v\u00fdborn\u011b vyv\u00e1\u017een\u00e1. Na L\u00e9oville Las Cases vytvo\u0159ili kr\u00e1sn\u011b p\u0159\u00edstupn\u00e9 v\u00edno, kter\u00e9 zdob\u00ed temperament a mladistv\u00e1 lehkost.<\/p>\n","protected":false},"featured_media":619,"comment_status":"open","ping_status":"closed","template":"","meta":[],"product_cat":[11,14],"product_tag":[],"_links":{"self":[{"href":"https:\/\/www.grandcru.cz\/cs_CZ\/wp-json\/wp\/v2\/product\/618"}],"collection":[{"href":"https:\/\/www.grandcru.cz\/cs_CZ\/wp-json\/wp\/v2\/product"}],"about":[{"href":"https:\/\/www.grandcru.cz\/cs_CZ\/wp-json\/wp\/v2\/types\/product"}],"replies":[{"embeddable":true,"href":"https:\/\/www.grandcru.cz\/cs_CZ\/wp-json\/wp\/v2\/comments?post=618"}],"wp:featuredmedia":[{"embeddable":true,"href":"https:\/\/www.grandcru.cz\/cs_CZ\/wp-json\/wp\/v2\/media\/619"}],"wp:attachment":[{"href":"https:\/\/www.grandcru.cz\/cs_CZ\/wp-json\/wp\/v2\/media?parent=618"}],"wp:term":[{"taxonomy":"product_cat","embeddable":true,"href":"https:\/\/www.grandcru.cz\/cs_CZ\/wp-json\/wp\/v2\/product_cat?post=618"},{"taxonomy":"product_tag","embeddable":true,"href":"https:\/\/www.grandcru.cz\/cs_CZ\/wp-json\/wp\/v2\/product_tag?post=618"}],"curies":[{"name":"wp","href":"https:\/\/api.w.org\/{rel}","templated":true}]}}