{"id":561,"date":"2018-08-02T10:47:14","date_gmt":"2018-08-02T08:47:14","guid":{"rendered":""},"modified":"2022-09-14T19:59:18","modified_gmt":"2022-09-14T17:59:18","slug":"domaine-de-la-solitude-chateauneuf-du-pape-barberini-rouge-2014","status":"publish","type":"product","link":"https:\/\/www.grandcru.cz\/cs_CZ\/produkt\/domaine-de-la-solitude-chateauneuf-du-pape-barberini-rouge-2014\/","title":{"rendered":"Domaine de la Solitude, Chateauneuf du Pape, Cuv\u00e9e Barberini Rouge, 2014, 0,75l"},"content":{"rendered":"<p>Je to pocta na\u0161im p\u0159edk\u016fm rodiny Barberini, vyr\u00e1b\u011bna jen v nejlep\u0161\u00edch ro\u010dn\u00edc\u00edch.V\u00edna tipick\u00e1 svou koncentrac\u00ed a bohatost\u00ed.<\/p>\n<p>Modern\u00ed vina\u0159sk\u00fd styl s optimalizac\u00ed extrakce, d\u00e1v\u00e1 siln\u00e9 v\u00edno s hedv\u00e1bn\u00fdmi t\u0159\u00edslovinami.<\/p>\n<p>V z\u00e1vislosti na ro\u010dn\u00edku \u00a0je 16 m\u011bs\u00edc\u016f v sudech a pot\u00e9, co se prov\u00e1d\u00ed m\u00edch\u00e1n\u00ed po 6 m\u011bs\u00edc\u016f v n\u00e1dr\u017e\u00edch pro dokonalou integraci. P\u016fsobiv\u00e9 v\u00edno s v\u00fdraznou \u010distotou a hustotou lze pod\u00e1vat nejm\u00e9n\u011b 4 a\u017e 15 let \u00a0(produkce: 3000 lahv\u00ed)<\/p>\n","protected":false},"excerpt":{"rendered":"<p>Je to pocta na\u0161im p\u0159edk\u016fm rodiny Barberini, vyr\u00e1b\u011bna jen v nejlep\u0161\u00edch ro\u010dn\u00edc\u00edch.V\u00edna tipick\u00e1 svou koncentrac\u00ed a bohatost\u00ed.<\/p>\n<p>Modern\u00ed vina\u0159sk\u00fd styl s optimalizac\u00ed extrakce, d\u00e1v\u00e1 siln\u00e9 v\u00edno s hedv\u00e1bn\u00fdmi t\u0159\u00edslovinami.<\/p>\n<p>V z\u00e1vislosti na ro\u010dn\u00edku \u00a0je 16 m\u011bs\u00edc\u016f v sudech a pot\u00e9, co se prov\u00e1d\u00ed m\u00edch\u00e1n\u00ed po 6 m\u011bs\u00edc\u016f v n\u00e1dr\u017e\u00edch pro dokonalou integraci. P\u016fsobiv\u00e9 v\u00edno s v\u00fdraznou \u010distotou a hustotou lze pod\u00e1vat nejm\u00e9n\u011b 4 a\u017e 15 let \u00a0(produkce: 3000 lahv\u00ed)<\/p>\n","protected":false},"featured_media":642,"comment_status":"open","ping_status":"closed","template":"","meta":[],"product_cat":[11,14],"product_tag":[],"_links":{"self":[{"href":"https:\/\/www.grandcru.cz\/cs_CZ\/wp-json\/wp\/v2\/product\/561"}],"collection":[{"href":"https:\/\/www.grandcru.cz\/cs_CZ\/wp-json\/wp\/v2\/product"}],"about":[{"href":"https:\/\/www.grandcru.cz\/cs_CZ\/wp-json\/wp\/v2\/types\/product"}],"replies":[{"embeddable":true,"href":"https:\/\/www.grandcru.cz\/cs_CZ\/wp-json\/wp\/v2\/comments?post=561"}],"wp:featuredmedia":[{"embeddable":true,"href":"https:\/\/www.grandcru.cz\/cs_CZ\/wp-json\/wp\/v2\/media\/642"}],"wp:attachment":[{"href":"https:\/\/www.grandcru.cz\/cs_CZ\/wp-json\/wp\/v2\/media?parent=561"}],"wp:term":[{"taxonomy":"product_cat","embeddable":true,"href":"https:\/\/www.grandcru.cz\/cs_CZ\/wp-json\/wp\/v2\/product_cat?post=561"},{"taxonomy":"product_tag","embeddable":true,"href":"https:\/\/www.grandcru.cz\/cs_CZ\/wp-json\/wp\/v2\/product_tag?post=561"}],"curies":[{"name":"wp","href":"https:\/\/api.w.org\/{rel}","templated":true}]}}