{"id":548,"date":"2018-06-12T16:14:53","date_gmt":"2018-06-12T14:14:53","guid":{"rendered":""},"modified":"2022-09-14T19:59:53","modified_gmt":"2022-09-14T17:59:53","slug":"cremant-de-bourgogne-cuvee-agnes","status":"publish","type":"product","link":"https:\/\/www.grandcru.cz\/cs_CZ\/produkt\/cremant-de-bourgogne-cuvee-agnes\/","title":{"rendered":"Domaine Vitteaut-Alberti, Cremant de Bourgogne Cuv\u00e9e Agnes, N\/V, 0,75l"},"content":{"rendered":"<div class=\"page\" title=\"Page 1\">\n<div class=\"layoutArea\">\n<div class=\"column\">\n<p>Grape varieties<\/p>\n<p>The Cuv\u00e9e Sp\u00e9ciale &#8222;Agn\u00e8s\u201d is a blend of a strict selection of Chardonnay <strong>grapes coming from the C\u00f4te Chalonnaise and the C\u00f4te de Beaune<\/strong> :<br \/>\n&#8211; 100% Chardonnay<\/p>\n<p>Vinification<\/p>\n<p><span dir=\"ltr\">A<\/span><span dir=\"ltr\">g<\/span><span dir=\"ltr\">e<\/span><span dir=\"ltr\">i<\/span><span dir=\"ltr\">n<\/span><span dir=\"ltr\">g: <\/span><span dir=\"ltr\">This Cr\u00e9mant develops all its aromas and acquires its<\/span><span dir=\"ltr\">typicity thanks to a <strong>minimum ageing of 36 months in <\/strong><\/span><span dir=\"ltr\"><strong>bottle<\/strong>.<\/span><\/p>\n<p>Maison Vitteaut-Alberti vinifies its Cuv\u00e9e Sp\u00e9ciale Agn\u00e8s in the &#8222;m\u00e9thode traditionnelle&#8220; :<br \/>\n&#8211; pneumatic presses of 50hl capacity with controlled, progressive increases in pressure<\/p>\n<ul>\n<li>&#8211; \u00a0musts fined and settled out over 24 hours<\/li>\n<li>&#8211; \u00a0fermentation stimulated with selected yeasts<\/li>\n<li>&#8211; \u00a0vinification in vats thermo-regulated at 20\u00b0C<\/li>\n<li>&#8211; \u00a0in-bottle effervescent bubble creation (m\u00e9thode traditionnelle) and ageing in air-conditioned cellar at 15\u00b0C.AgeingThis Cr\u00e9mant develops all its aromas and acquires its typicity thanks to a minimum ageing of 24 months in bottle.TastingThe silky, golden bubbles scintillate with glints of amber.<br \/>\nThe nose reveals the rich freshness of Chardonnay.<br \/>\nFinally, the palate offers lovely aromatic complexity. The first impression is lively and fresh, with notes of citrus and white peach, and the aromas of hazelnut and honey bring structure and power.<br \/>\nFinesse and harmony define this prestigious cuvee, presented in a special bottle<\/li>\n<\/ul>\n<\/div>\n<\/div>\n<\/div>\n","protected":false},"excerpt":{"rendered":"<div class=\"page\" title=\"Page 1\">\n<div class=\"layoutArea\">\n<div class=\"column\">\n<p>Grape varieties<\/p>\n<p>The Cuv\u00e9e Sp\u00e9ciale &#8222;Agn\u00e8s\u201d is a blend of a strict selection of Chardonnay <strong>grapes coming from the C\u00f4te Chalonnaise and the C\u00f4te de Beaune<\/strong> :<br \/>\n&#8211; 100% Chardonnay<\/p>\n<p>Vinification<\/p>\n<p><span dir=\"ltr\">A<\/span><span dir=\"ltr\">g<\/span><span dir=\"ltr\">e<\/span><span dir=\"ltr\">i<\/span><span dir=\"ltr\">n<\/span><span dir=\"ltr\">g: <\/span><span dir=\"ltr\">This Cr\u00e9mant develops all its aromas and acquires its<\/span><span dir=\"ltr\">typicity thanks to a <strong>minimum ageing of 36 months in <\/strong><\/span><span dir=\"ltr\"><strong>bottle<\/strong>.<\/span><\/p>\n<p>Maison Vitteaut-Alberti vinifies its Cuv\u00e9e Sp\u00e9ciale Agn\u00e8s in the &#8222;m\u00e9thode traditionnelle&#8220; :<br \/>\n&#8211; pneumatic presses of 50hl capacity with controlled, progressive increases in pressure<\/p>\n<ul>\n<li>&#8211; \u00a0musts fined and settled out over 24 hours<\/li>\n<li>&#8211; \u00a0fermentation stimulated with selected yeasts<\/li>\n<li>&#8211; \u00a0vinification in vats thermo-regulated at 20\u00b0C<\/li>\n<li>&#8211; \u00a0in-bottle effervescent bubble creation (m\u00e9thode traditionnelle) and ageing in air-conditioned cellar at 15\u00b0C.AgeingThis Cr\u00e9mant develops all its aromas and acquires its typicity thanks to a minimum ageing of 24 months in bottle.TastingThe silky, golden bubbles scintillate with glints of amber.<br \/>\nThe nose reveals the rich freshness of Chardonnay.<br \/>\nFinally, the palate offers lovely aromatic complexity. The first impression is lively and fresh, with notes of citrus and white peach, and the aromas of hazelnut and honey bring structure and power.<br \/>\nFinesse and harmony define this prestigious cuvee, presented in a special bottle<\/li>\n<\/ul>\n<\/div>\n<\/div>\n<\/div>\n","protected":false},"featured_media":331,"comment_status":"open","ping_status":"closed","template":"","meta":[],"product_cat":[34,16],"product_tag":[],"_links":{"self":[{"href":"https:\/\/www.grandcru.cz\/cs_CZ\/wp-json\/wp\/v2\/product\/548"}],"collection":[{"href":"https:\/\/www.grandcru.cz\/cs_CZ\/wp-json\/wp\/v2\/product"}],"about":[{"href":"https:\/\/www.grandcru.cz\/cs_CZ\/wp-json\/wp\/v2\/types\/product"}],"replies":[{"embeddable":true,"href":"https:\/\/www.grandcru.cz\/cs_CZ\/wp-json\/wp\/v2\/comments?post=548"}],"wp:featuredmedia":[{"embeddable":true,"href":"https:\/\/www.grandcru.cz\/cs_CZ\/wp-json\/wp\/v2\/media\/331"}],"wp:attachment":[{"href":"https:\/\/www.grandcru.cz\/cs_CZ\/wp-json\/wp\/v2\/media?parent=548"}],"wp:term":[{"taxonomy":"product_cat","embeddable":true,"href":"https:\/\/www.grandcru.cz\/cs_CZ\/wp-json\/wp\/v2\/product_cat?post=548"},{"taxonomy":"product_tag","embeddable":true,"href":"https:\/\/www.grandcru.cz\/cs_CZ\/wp-json\/wp\/v2\/product_tag?post=548"}],"curies":[{"name":"wp","href":"https:\/\/api.w.org\/{rel}","templated":true}]}}