{"id":516,"date":"2017-11-15T13:31:48","date_gmt":"2017-11-15T12:31:48","guid":{"rendered":"http:\/\/www.grandcru.cz\/?post_type=product&#038;p=516"},"modified":"2023-03-12T08:07:44","modified_gmt":"2023-03-12T07:07:44","slug":"weingut-franz-josef-gritsch-kalmuck-gruner-veltliner-federspiel-2021-wachau-075l","status":"publish","type":"product","link":"https:\/\/www.grandcru.cz\/cs_CZ\/produkt\/weingut-franz-josef-gritsch-kalmuck-gruner-veltliner-federspiel-2021-wachau-075l\/","title":{"rendered":"Weingut Franz Josef Gritsch,  Kalmuck, Gr\u00fcner Veltliner Federspiel, 2021 Wachau, 0,75l"},"content":{"rendered":"<p>Typick\u00e9 Veltl\u00ednsk\u00e9 zelen\u00e9 s m\u00edrn\u011b bylinn\u00fdmi t\u00f3ny a dotekem medu\u0148ky a zelen\u00e9ho jablka.<\/p>\n<p>Jemn\u011b kr\u00e9mov\u00fd st\u0159ed\u00a0a kr\u00e1snou ovocnou dochut\u00ed.<\/p>\n<p>Nab\u00edz\u00ed pot\u011b\u0161en\u00ed z pit\u00ed.<\/p>\n","protected":false},"excerpt":{"rendered":"<p>Typick\u00e9 Veltl\u00ednsk\u00e9 zelen\u00e9 s m\u00edrn\u011b bylinn\u00fdmi t\u00f3ny a dotekem medu\u0148ky a zelen\u00e9ho jablka.<\/p>\n<p>Jemn\u011b kr\u00e9mov\u00fd st\u0159ed\u00a0a kr\u00e1snou ovocnou dochut\u00ed.<\/p>\n<p>Nab\u00edz\u00ed pot\u011b\u0161en\u00ed z pit\u00ed.<\/p>\n","protected":false},"featured_media":518,"comment_status":"open","ping_status":"closed","template":"","meta":[],"product_cat":[12,14],"product_tag":[],"_links":{"self":[{"href":"https:\/\/www.grandcru.cz\/cs_CZ\/wp-json\/wp\/v2\/product\/516"}],"collection":[{"href":"https:\/\/www.grandcru.cz\/cs_CZ\/wp-json\/wp\/v2\/product"}],"about":[{"href":"https:\/\/www.grandcru.cz\/cs_CZ\/wp-json\/wp\/v2\/types\/product"}],"replies":[{"embeddable":true,"href":"https:\/\/www.grandcru.cz\/cs_CZ\/wp-json\/wp\/v2\/comments?post=516"}],"wp:featuredmedia":[{"embeddable":true,"href":"https:\/\/www.grandcru.cz\/cs_CZ\/wp-json\/wp\/v2\/media\/518"}],"wp:attachment":[{"href":"https:\/\/www.grandcru.cz\/cs_CZ\/wp-json\/wp\/v2\/media?parent=516"}],"wp:term":[{"taxonomy":"product_cat","embeddable":true,"href":"https:\/\/www.grandcru.cz\/cs_CZ\/wp-json\/wp\/v2\/product_cat?post=516"},{"taxonomy":"product_tag","embeddable":true,"href":"https:\/\/www.grandcru.cz\/cs_CZ\/wp-json\/wp\/v2\/product_tag?post=516"}],"curies":[{"name":"wp","href":"https:\/\/api.w.org\/{rel}","templated":true}]}}