{"id":514,"date":"2017-11-15T13:01:16","date_gmt":"2017-11-15T12:01:16","guid":{"rendered":"http:\/\/www.grandcru.cz\/?post_type=product&#038;p=514"},"modified":"2022-03-01T13:10:21","modified_gmt":"2022-03-01T12:10:21","slug":"chateau-la-mission-haut-brion-cru-classe-de-graves-rouge-ac-pessac-leognan-2013-a-3ks-075l","status":"publish","type":"product","link":"https:\/\/www.grandcru.cz\/cs_CZ\/produkt\/chateau-la-mission-haut-brion-cru-classe-de-graves-rouge-ac-pessac-leognan-2013-a-3ks-075l\/","title":{"rendered":"Ch\u00e2teau La Mission Haut-Brion, Cru Class\u00e9 de Graves rouge, AC Pessac-L\u00e9ognan, 2013,  \u00e1 3ks 0,75l"},"content":{"rendered":"<p>Cena za 1ks 0,75l&#8230;<\/p>\n<p>5808,- bez DPH<\/p>\n<p>7027,- K\u010d v\u010d DPH<\/p>\n","protected":false},"excerpt":{"rendered":"<p>Cena za 1ks 0,75l&#8230; 7027,- K\u010d v\u010d DPH<\/p>\n","protected":false},"featured_media":515,"comment_status":"open","ping_status":"closed","template":"","meta":[],"product_cat":[11,56,14],"product_tag":[],"_links":{"self":[{"href":"https:\/\/www.grandcru.cz\/cs_CZ\/wp-json\/wp\/v2\/product\/514"}],"collection":[{"href":"https:\/\/www.grandcru.cz\/cs_CZ\/wp-json\/wp\/v2\/product"}],"about":[{"href":"https:\/\/www.grandcru.cz\/cs_CZ\/wp-json\/wp\/v2\/types\/product"}],"replies":[{"embeddable":true,"href":"https:\/\/www.grandcru.cz\/cs_CZ\/wp-json\/wp\/v2\/comments?post=514"}],"wp:featuredmedia":[{"embeddable":true,"href":"https:\/\/www.grandcru.cz\/cs_CZ\/wp-json\/wp\/v2\/media\/515"}],"wp:attachment":[{"href":"https:\/\/www.grandcru.cz\/cs_CZ\/wp-json\/wp\/v2\/media?parent=514"}],"wp:term":[{"taxonomy":"product_cat","embeddable":true,"href":"https:\/\/www.grandcru.cz\/cs_CZ\/wp-json\/wp\/v2\/product_cat?post=514"},{"taxonomy":"product_tag","embeddable":true,"href":"https:\/\/www.grandcru.cz\/cs_CZ\/wp-json\/wp\/v2\/product_tag?post=514"}],"curies":[{"name":"wp","href":"https:\/\/api.w.org\/{rel}","templated":true}]}}