{"id":504,"date":"2017-11-15T09:39:44","date_gmt":"2017-11-15T08:39:44","guid":{"rendered":""},"modified":"2017-11-15T10:03:44","modified_gmt":"2017-11-15T09:03:44","slug":"chateau-lafite-rothschild-1er-cru-classe-ac-pauillac-a-6ks-075l","status":"publish","type":"product","link":"https:\/\/www.grandcru.cz\/cs_CZ\/produkt\/chateau-lafite-rothschild-1er-cru-classe-ac-pauillac-a-6ks-075l\/","title":{"rendered":"Ch\u00e2teau Lafite Rothschild, 1er Cru Class\u00e9, AC PAUILLAC, \u00e1 6ks 0,75l"},"content":{"rendered":"<p>Cena za kus v\u010d DPH\u00a016656,- K\u010d<\/p>\n","protected":false},"excerpt":{"rendered":"<p>Cena za kus v\u010d DPH\u00a016656,- K\u010d<\/p>\n","protected":false},"featured_media":503,"comment_status":"open","ping_status":"closed","template":"","meta":[],"product_cat":[11,56,14],"product_tag":[],"_links":{"self":[{"href":"https:\/\/www.grandcru.cz\/cs_CZ\/wp-json\/wp\/v2\/product\/504"}],"collection":[{"href":"https:\/\/www.grandcru.cz\/cs_CZ\/wp-json\/wp\/v2\/product"}],"about":[{"href":"https:\/\/www.grandcru.cz\/cs_CZ\/wp-json\/wp\/v2\/types\/product"}],"replies":[{"embeddable":true,"href":"https:\/\/www.grandcru.cz\/cs_CZ\/wp-json\/wp\/v2\/comments?post=504"}],"wp:featuredmedia":[{"embeddable":true,"href":"https:\/\/www.grandcru.cz\/cs_CZ\/wp-json\/wp\/v2\/media\/503"}],"wp:attachment":[{"href":"https:\/\/www.grandcru.cz\/cs_CZ\/wp-json\/wp\/v2\/media?parent=504"}],"wp:term":[{"taxonomy":"product_cat","embeddable":true,"href":"https:\/\/www.grandcru.cz\/cs_CZ\/wp-json\/wp\/v2\/product_cat?post=504"},{"taxonomy":"product_tag","embeddable":true,"href":"https:\/\/www.grandcru.cz\/cs_CZ\/wp-json\/wp\/v2\/product_tag?post=504"}],"curies":[{"name":"wp","href":"https:\/\/api.w.org\/{rel}","templated":true}]}}