{"id":497,"date":"2017-11-15T09:37:24","date_gmt":"2017-11-15T08:37:24","guid":{"rendered":"http:\/\/www.grandcru.cz\/?post_type=product&#038;p=497"},"modified":"2021-10-06T16:06:35","modified_gmt":"2021-10-06T14:06:35","slug":"chateau-lafite-rothschild-ac-pauillac-a-3ks-075l","status":"publish","type":"product","link":"https:\/\/www.grandcru.cz\/cs_CZ\/produkt\/chateau-lafite-rothschild-ac-pauillac-a-3ks-075l\/","title":{"rendered":"Ch\u00e2teau Lafite Rothschild, 1er Cru Class\u00e9, AC PAUILLAC, \u00e1 3ks 0,75l"},"content":{"rendered":"<p>Cena za kus v\u010d DPH\u00a016656,- K\u010d<\/p>\n","protected":false},"excerpt":{"rendered":"<p>Cena za kus v\u010d DPH\u00a016656,- K\u010d<\/p>\n","protected":false},"featured_media":503,"comment_status":"open","ping_status":"closed","template":"","meta":[],"product_cat":[11,56,14],"product_tag":[],"_links":{"self":[{"href":"https:\/\/www.grandcru.cz\/cs_CZ\/wp-json\/wp\/v2\/product\/497"}],"collection":[{"href":"https:\/\/www.grandcru.cz\/cs_CZ\/wp-json\/wp\/v2\/product"}],"about":[{"href":"https:\/\/www.grandcru.cz\/cs_CZ\/wp-json\/wp\/v2\/types\/product"}],"replies":[{"embeddable":true,"href":"https:\/\/www.grandcru.cz\/cs_CZ\/wp-json\/wp\/v2\/comments?post=497"}],"wp:featuredmedia":[{"embeddable":true,"href":"https:\/\/www.grandcru.cz\/cs_CZ\/wp-json\/wp\/v2\/media\/503"}],"wp:attachment":[{"href":"https:\/\/www.grandcru.cz\/cs_CZ\/wp-json\/wp\/v2\/media?parent=497"}],"wp:term":[{"taxonomy":"product_cat","embeddable":true,"href":"https:\/\/www.grandcru.cz\/cs_CZ\/wp-json\/wp\/v2\/product_cat?post=497"},{"taxonomy":"product_tag","embeddable":true,"href":"https:\/\/www.grandcru.cz\/cs_CZ\/wp-json\/wp\/v2\/product_tag?post=497"}],"curies":[{"name":"wp","href":"https:\/\/api.w.org\/{rel}","templated":true}]}}