{"id":461,"date":"2017-11-11T00:09:24","date_gmt":"2017-11-10T23:09:24","guid":{"rendered":"http:\/\/www.grandcru.cz\/?post_type=product&#038;p=461"},"modified":"2026-04-17T17:54:56","modified_gmt":"2026-04-17T15:54:56","slug":"fresh-it-premium-plus","status":"publish","type":"product","link":"https:\/\/www.grandcru.cz\/cs_CZ\/produkt\/fresh-it-premium-plus\/","title":{"rendered":"Fresh-it Premium Plus"},"content":{"rendered":"<div class=\"container list-grid\">\n<div class=\"grid\">\n<div id=\"layers-widget-column-48-310\" class=\"layers-widget-column-48-310 layers-masonry-column layers-widget-column-310 span-4 column content has-image\">\n<div class=\"media image-top small\">\n<div class=\"media-body text-left\">\n<h5 class=\"heading\">KONZERVACE V\u00cdNA<\/h5>\n<div class=\"excerpt\">\n<p>Konzerva\u010dn\u00ed \u00fa\u010dinek je zalo\u017een na vlastnostech inertn\u00edho plynu argon, kter\u00fd je t\u011b\u017e\u0161\u00ed ne\u017e okoln\u00ed vzduch a ust\u00e1l\u00ed se nad hladinou Va\u0161eho v\u00edna, \u010d\u00edm\u017e vznikne mezi v\u00ednem a vzduchem tenk\u00e1 hranice, kter\u00e1 zabr\u00e1n\u00ed styku okoln\u00edho vzduchu s v\u00ednem a n\u00e1sledn\u00e9 oxidaci.<\/p>\n<p>Argon je ide\u00e1ln\u00ed pro ochranu v\u00edna p\u0159ed oxidac\u00ed. D\u00edky inertnosti a faktu, \u017ee je argon t\u011b\u017e\u0161\u00ed ne\u017e kysl\u00edk, nedojde u v\u00edna ke ztr\u00e1t\u011b chu\u0165ov\u00fdch vlastnost\u00ed. Argon vytv\u00e1\u0159\u00ed v l\u00e1hv\u00ed br\u00e1nu neboli \u201eneviditeln\u00fd korek\u201c mezi v\u00ednem a kysl\u00edkem, a to po dobu minim\u00e1ln\u011b 8 t\u00fddn\u016f.<\/p>\n<p><strong>Podm\u00ednky Programu Do\u017eivotn\u00ed z\u00e1ruky Fresh-it:<\/strong><\/p>\n<ul>\n<li>za\u0159\u00edzen\u00ed bude opraveno nebo p\u0159\u00edpadn\u011b vym\u011bn\u011bno,<\/li>\n<li>t\u00e9to slu\u017eby lze vyu\u017e\u00edt pouze po registrov\u00e1n\u00ed osoby anebo za poplatek 300 K\u010d pro neregistrovan\u00e9 osoby,<\/li>\n<li>za\u0159\u00edzen\u00ed Fresh-it bude dod\u00e1no v kompletn\u00edm stavu spolu s dokladem o koupi,<\/li>\n<li>registraci je nutn\u00e9 uskute\u010dnit do \u0161esti m\u011bs\u00edc\u016f od data zakoupen\u00ed zbo\u017e\u00ed.<\/li>\n<\/ul>\n<p>Z\u00e1kladn\u00ed \u00fadaje pro registraci: 1) Va\u0161e jm\u00e9no a p\u0159\u00edjmen\u00ed, 2) Adresa, 3) Kontaktn\u00ed \u00fadaje \u2013 telefon, e-mail, 4) V\u00fdrobn\u00ed \u010d\u00edslo produktu (uvedeno na obalu v\u00fdrobku anebo na vypou\u0161t\u011bc\u00ed hlav\u011b).<\/p>\n<\/div>\n<\/div>\n<\/div>\n<\/div>\n<\/div>\n<\/div>\n","protected":false},"excerpt":{"rendered":"<div class=\"container list-grid\">\n<div class=\"grid\">\n<div id=\"layers-widget-column-48-310\" class=\"layers-widget-column-48-310 layers-masonry-column layers-widget-column-310 span-4 column content has-image\">\n<div class=\"media image-top small\">\n<div class=\"media-body text-left\">\n<h5 class=\"heading\">KONZERVACE V\u00cdNA<\/h5>\n<div class=\"excerpt\">\n<p>Konzerva\u010dn\u00ed \u00fa\u010dinek je zalo\u017een na vlastnostech inertn\u00edho plynu argon, kter\u00fd je t\u011b\u017e\u0161\u00ed ne\u017e okoln\u00ed vzduch a ust\u00e1l\u00ed se nad hladinou Va\u0161eho v\u00edna, \u010d\u00edm\u017e vznikne mezi v\u00ednem a vzduchem tenk\u00e1 hranice, kter\u00e1 zabr\u00e1n\u00ed styku okoln\u00edho vzduchu s v\u00ednem a n\u00e1sledn\u00e9 oxidaci.<\/p>\n<p>Argon je ide\u00e1ln\u00ed pro ochranu v\u00edna p\u0159ed oxidac\u00ed. D\u00edky inertnosti a faktu, \u017ee je argon t\u011b\u017e\u0161\u00ed ne\u017e kysl\u00edk, nedojde u v\u00edna ke ztr\u00e1t\u011b chu\u0165ov\u00fdch vlastnost\u00ed. Argon vytv\u00e1\u0159\u00ed v l\u00e1hv\u00ed br\u00e1nu neboli \u201eneviditeln\u00fd korek\u201c mezi v\u00ednem a kysl\u00edkem, a to po dobu minim\u00e1ln\u011b 8 t\u00fddn\u016f.<\/p>\n<p><strong>Podm\u00ednky Programu Do\u017eivotn\u00ed z\u00e1ruky Fresh-it:<\/strong><\/p>\n<ul>\n<li>za\u0159\u00edzen\u00ed bude opraveno nebo p\u0159\u00edpadn\u011b vym\u011bn\u011bno,<\/li>\n<li>t\u00e9to slu\u017eby lze vyu\u017e\u00edt pouze po registrov\u00e1n\u00ed osoby anebo za poplatek 300 K\u010d pro neregistrovan\u00e9 osoby,<\/li>\n<li>za\u0159\u00edzen\u00ed Fresh-it bude dod\u00e1no v kompletn\u00edm stavu spolu s dokladem o koupi,<\/li>\n<li>registraci je nutn\u00e9 uskute\u010dnit do \u0161esti m\u011bs\u00edc\u016f od data zakoupen\u00ed zbo\u017e\u00ed.<\/li>\n<\/ul>\n<p>Z\u00e1kladn\u00ed \u00fadaje pro registraci: 1) Va\u0161e jm\u00e9no a p\u0159\u00edjmen\u00ed, 2) Adresa, 3) Kontaktn\u00ed \u00fadaje \u2013 telefon, e-mail, 4) V\u00fdrobn\u00ed \u010d\u00edslo produktu (uvedeno na obalu v\u00fdrobku anebo na vypou\u0161t\u011bc\u00ed hlav\u011b).<\/p>\n<\/div>\n<\/div>\n<\/div>\n<\/div>\n<\/div>\n<\/div>\n","protected":false},"featured_media":458,"comment_status":"open","ping_status":"closed","template":"","meta":[],"product_cat":[118],"product_tag":[],"_links":{"self":[{"href":"https:\/\/www.grandcru.cz\/cs_CZ\/wp-json\/wp\/v2\/product\/461"}],"collection":[{"href":"https:\/\/www.grandcru.cz\/cs_CZ\/wp-json\/wp\/v2\/product"}],"about":[{"href":"https:\/\/www.grandcru.cz\/cs_CZ\/wp-json\/wp\/v2\/types\/product"}],"replies":[{"embeddable":true,"href":"https:\/\/www.grandcru.cz\/cs_CZ\/wp-json\/wp\/v2\/comments?post=461"}],"wp:featuredmedia":[{"embeddable":true,"href":"https:\/\/www.grandcru.cz\/cs_CZ\/wp-json\/wp\/v2\/media\/458"}],"wp:attachment":[{"href":"https:\/\/www.grandcru.cz\/cs_CZ\/wp-json\/wp\/v2\/media?parent=461"}],"wp:term":[{"taxonomy":"product_cat","embeddable":true,"href":"https:\/\/www.grandcru.cz\/cs_CZ\/wp-json\/wp\/v2\/product_cat?post=461"},{"taxonomy":"product_tag","embeddable":true,"href":"https:\/\/www.grandcru.cz\/cs_CZ\/wp-json\/wp\/v2\/product_tag?post=461"}],"curies":[{"name":"wp","href":"https:\/\/api.w.org\/{rel}","templated":true}]}}