{"id":443,"date":"2017-11-10T15:42:15","date_gmt":"2017-11-10T14:42:15","guid":{"rendered":"http:\/\/www.grandcru.cz\/?post_type=product&#038;p=443"},"modified":"2022-09-14T14:14:03","modified_gmt":"2022-09-14T12:14:03","slug":"hospice-de-beaune-beaune-1er-cru-cuvee-brunet-2013","status":"publish","type":"product","link":"https:\/\/www.grandcru.cz\/cs_CZ\/produkt\/hospice-de-beaune-beaune-1er-cru-cuvee-brunet-2013\/","title":{"rendered":"Hospices de Beaune, Beaune 1er Cru &#8222;Cuv\u00e9e Brunet&#8220; 2013, 0,75l"},"content":{"rendered":"<p>Degustace<br \/>\nJasn\u00e1 \u010derven\u00e1 barva. Elegantn\u00ed buket n\u00e1sledovan\u00fd zral\u00fdm ovocem (t\u0159e\u0161e\u0148 Morello, maliny) provo\u0148uj\u00edc\u00ed cel\u00e1 \u00fasta.<\/p>\n<p>D\u011bjiny<br \/>\nTento historick\u00fd charitativn\u00ed prodej p\u0159ipom\u00edn\u00e1 p\u011bt stolet\u00ed \u0161t\u011bdr\u00e9 dobro\u010dinnosti rodiny Brunet\u016f, sahaj\u00edc\u00ed a\u017e do 17. stolet\u00ed (5 z nich byli starostov\u00e9 m\u011bsta Beaune).<\/p>\n<p>V\u0161echny vinice jsou Premiers Crus a maj\u00ed skv\u011blou polohu \u2013 v Bressandes, Bas des Teurons a Cent-Vignes.<\/p>\n<p>15 % cuv\u00e9e bylo vysazeno v roce 1999, zbytek od roku 1976 zp\u011bt do roku 1954.<\/p>\n<p>Terroirs<br \/>\nLes Bressandes 0,52 ha.,<br \/>\nLe Bas des Teurons 0,48 ha.,<br \/>\nLes Cent Vignes 0,47 ha.<\/p>\n","protected":false},"excerpt":{"rendered":"<p>Degustace<br \/>\nJasn\u00e1 \u010derven\u00e1 barva. Elegantn\u00ed buket n\u00e1sledovan\u00fd zral\u00fdm ovocem (t\u0159e\u0161e\u0148 Morello, maliny) provo\u0148uj\u00edc\u00ed cel\u00e1 \u00fasta.<\/p>\n<p>D\u011bjiny<br \/>\nTento historick\u00fd charitativn\u00ed prodej p\u0159ipom\u00edn\u00e1 p\u011bt stolet\u00ed \u0161t\u011bdr\u00e9 dobro\u010dinnosti rodiny Brunet\u016f, sahaj\u00edc\u00ed a\u017e do 17. stolet\u00ed (5 z nich byli starostov\u00e9 m\u011bsta Beaune).<\/p>\n<p>V\u0161echny vinice jsou Premiers Crus a maj\u00ed skv\u011blou polohu \u2013 v Bressandes, Bas des Teurons a Cent-Vignes.<\/p>\n<p>15 % cuv\u00e9e bylo vysazeno v roce 1999, zbytek od roku 1976 zp\u011bt do roku 1954.<\/p>\n<p>Terroirs<br \/>\nLes Bressandes 0,52 ha.,<br \/>\nLe Bas des Teurons 0,48 ha.,<br \/>\nLes Cent Vignes 0,47 ha.<\/p>\n","protected":false},"featured_media":444,"comment_status":"open","ping_status":"closed","template":"","meta":[],"product_cat":[11,33,56,14],"product_tag":[],"_links":{"self":[{"href":"https:\/\/www.grandcru.cz\/cs_CZ\/wp-json\/wp\/v2\/product\/443"}],"collection":[{"href":"https:\/\/www.grandcru.cz\/cs_CZ\/wp-json\/wp\/v2\/product"}],"about":[{"href":"https:\/\/www.grandcru.cz\/cs_CZ\/wp-json\/wp\/v2\/types\/product"}],"replies":[{"embeddable":true,"href":"https:\/\/www.grandcru.cz\/cs_CZ\/wp-json\/wp\/v2\/comments?post=443"}],"wp:featuredmedia":[{"embeddable":true,"href":"https:\/\/www.grandcru.cz\/cs_CZ\/wp-json\/wp\/v2\/media\/444"}],"wp:attachment":[{"href":"https:\/\/www.grandcru.cz\/cs_CZ\/wp-json\/wp\/v2\/media?parent=443"}],"wp:term":[{"taxonomy":"product_cat","embeddable":true,"href":"https:\/\/www.grandcru.cz\/cs_CZ\/wp-json\/wp\/v2\/product_cat?post=443"},{"taxonomy":"product_tag","embeddable":true,"href":"https:\/\/www.grandcru.cz\/cs_CZ\/wp-json\/wp\/v2\/product_tag?post=443"}],"curies":[{"name":"wp","href":"https:\/\/api.w.org\/{rel}","templated":true}]}}