{"id":436,"date":"2017-11-09T22:46:18","date_gmt":"2017-11-09T21:46:18","guid":{"rendered":"http:\/\/www.grandcru.cz\/?post_type=product&#038;p=436"},"modified":"2025-04-16T13:41:31","modified_gmt":"2025-04-16T11:41:31","slug":"domaine-eisgrub-chardonnay-pozdni-sber-terroir-2022-2","status":"publish","type":"product","link":"https:\/\/www.grandcru.cz\/cs_CZ\/produkt\/domaine-eisgrub-chardonnay-pozdni-sber-terroir-2022-2\/","title":{"rendered":"Domaine Eisgrub, Chardonnay, pozdn\u00ed sb\u011br &#8222;Terroir&#8220; 2022"},"content":{"rendered":"<p><strong>Ro\u010dn\u00edk 2019, such\u00e9, \u010d\u00edslo \u0161ar\u017ee 8\/19, vina\u0159sk\u00e1 oblast Morava, podoblast Mikulovsk\u00e1, vina\u0159sk\u00e1 obec Lednice, vini\u010dn\u00ed tra\u0165 U \u010cerven\u00e9 stud\u00e1nky.<\/strong><\/p>\n<ul>\n<li>Ev.\u010d.j. \u2013 132N1-16\/21<\/li>\n<li>Obsah zbytkov\u00e9ho cukru 2,0 g\/l<\/li>\n<li>Kyseliny 5,3 g\/l<\/li>\n<li>Obsah alkoholu 13,0%obj.<\/li>\n<li>S\u00edra 34 mg\/l<\/li>\n<\/ul>\n<p>&nbsp;<\/p>\n","protected":false},"excerpt":{"rendered":"<p><strong>Ro\u010dn\u00edk 2019, such\u00e9, \u010d\u00edslo \u0161ar\u017ee 8\/19, vina\u0159sk\u00e1 oblast Morava, podoblast Mikulovsk\u00e1, vina\u0159sk\u00e1 obec Lednice, vini\u010dn\u00ed tra\u0165 U \u010cerven\u00e9 stud\u00e1nky.<\/strong><\/p>\n<ul>\n<li>Ev.\u010d.j. \u2013 132N1-16\/21<\/li>\n<li>Obsah zbytkov\u00e9ho cukru 2,0 g\/l<\/li>\n<li>Kyseliny 5,3 g\/l<\/li>\n<li>Obsah alkoholu 13,0%obj.<\/li>\n<li>S\u00edra 34 mg\/l<\/li>\n<\/ul>\n<p>&nbsp;<\/p>\n","protected":false},"featured_media":437,"comment_status":"open","ping_status":"closed","template":"","meta":[],"product_cat":[12,14],"product_tag":[],"_links":{"self":[{"href":"https:\/\/www.grandcru.cz\/cs_CZ\/wp-json\/wp\/v2\/product\/436"}],"collection":[{"href":"https:\/\/www.grandcru.cz\/cs_CZ\/wp-json\/wp\/v2\/product"}],"about":[{"href":"https:\/\/www.grandcru.cz\/cs_CZ\/wp-json\/wp\/v2\/types\/product"}],"replies":[{"embeddable":true,"href":"https:\/\/www.grandcru.cz\/cs_CZ\/wp-json\/wp\/v2\/comments?post=436"}],"wp:featuredmedia":[{"embeddable":true,"href":"https:\/\/www.grandcru.cz\/cs_CZ\/wp-json\/wp\/v2\/media\/437"}],"wp:attachment":[{"href":"https:\/\/www.grandcru.cz\/cs_CZ\/wp-json\/wp\/v2\/media?parent=436"}],"wp:term":[{"taxonomy":"product_cat","embeddable":true,"href":"https:\/\/www.grandcru.cz\/cs_CZ\/wp-json\/wp\/v2\/product_cat?post=436"},{"taxonomy":"product_tag","embeddable":true,"href":"https:\/\/www.grandcru.cz\/cs_CZ\/wp-json\/wp\/v2\/product_tag?post=436"}],"curies":[{"name":"wp","href":"https:\/\/api.w.org\/{rel}","templated":true}]}}