{"id":377,"date":"2017-11-02T21:53:13","date_gmt":"2017-11-02T20:53:13","guid":{"rendered":"http:\/\/www.grandcru.cz\/?post_type=product&#038;p=377"},"modified":"2023-04-02T21:36:36","modified_gmt":"2023-04-02T19:36:36","slug":"pouilly-fuisse","status":"publish","type":"product","link":"https:\/\/www.grandcru.cz\/cs_CZ\/produkt\/pouilly-fuisse\/","title":{"rendered":"Meurgey \u2013 Croses, Pouilly-Fuiss\u00e9 2015"},"content":{"rendered":"<p>Pouilly-Fuiss\u00e9 fermentace v &#8222;Burgundian&#8220; sudech o objemu 228 litr\u016f se st\u0159edn\u00edm p\u00e1len\u00edm, nov\u00e9 sudy nep\u0159esahuj\u00ed 20%.<\/p>\n<p>100% Chardonnay<\/p>\n","protected":false},"excerpt":{"rendered":"<p>Pouilly-Fuiss\u00e9 fermentace v &#8222;Burgundian&#8220; sudech o objemu 228 litr\u016f se st\u0159edn\u00edm p\u00e1len\u00edm, nov\u00e9 sudy nep\u0159esahuj\u00ed 20%.<\/p>\n<p>100% Chardonnay<\/p>\n","protected":false},"featured_media":355,"comment_status":"open","ping_status":"closed","template":"","meta":[],"product_cat":[12,14],"product_tag":[],"_links":{"self":[{"href":"https:\/\/www.grandcru.cz\/cs_CZ\/wp-json\/wp\/v2\/product\/377"}],"collection":[{"href":"https:\/\/www.grandcru.cz\/cs_CZ\/wp-json\/wp\/v2\/product"}],"about":[{"href":"https:\/\/www.grandcru.cz\/cs_CZ\/wp-json\/wp\/v2\/types\/product"}],"replies":[{"embeddable":true,"href":"https:\/\/www.grandcru.cz\/cs_CZ\/wp-json\/wp\/v2\/comments?post=377"}],"wp:featuredmedia":[{"embeddable":true,"href":"https:\/\/www.grandcru.cz\/cs_CZ\/wp-json\/wp\/v2\/media\/355"}],"wp:attachment":[{"href":"https:\/\/www.grandcru.cz\/cs_CZ\/wp-json\/wp\/v2\/media?parent=377"}],"wp:term":[{"taxonomy":"product_cat","embeddable":true,"href":"https:\/\/www.grandcru.cz\/cs_CZ\/wp-json\/wp\/v2\/product_cat?post=377"},{"taxonomy":"product_tag","embeddable":true,"href":"https:\/\/www.grandcru.cz\/cs_CZ\/wp-json\/wp\/v2\/product_tag?post=377"}],"curies":[{"name":"wp","href":"https:\/\/api.w.org\/{rel}","templated":true}]}}