{"id":1174,"date":"2026-04-28T13:30:03","date_gmt":"2026-04-28T11:30:03","guid":{"rendered":"https:\/\/www.grandcru.cz\/?post_type=product&#038;p=1174"},"modified":"2026-04-28T13:36:59","modified_gmt":"2026-04-28T11:36:59","slug":"serge-dagueneau-filles-pouilly-fume-les-filles-2019-075l","status":"publish","type":"product","link":"https:\/\/www.grandcru.cz\/cs_CZ\/produkt\/serge-dagueneau-filles-pouilly-fume-les-filles-2019-075l\/","title":{"rendered":"Serge Dagueneau &amp; Filles, Pouilly Fum\u00e9  Les Filles 2019, 0,75l"},"content":{"rendered":"<p class=\"short-description\"><span dir=\"auto\">RU\u010cN\u011a SKLIZEN\u00c9,<\/span><br \/>\n<span dir=\"auto\">ZRAN\u00cd V DUBOV\u00ddCH SUD\u011aCH (20%), ZRAN\u00cd V OCELOV\u00ddCH TANC\u00cdCH (80%)<\/span><\/p>\n<p class=\"qualifier\"><span dir=\"auto\">&#8222;EXOTICK\u00dd&#8220;<\/span><\/p>\n<p><span dir=\"auto\">Za p\u0159\u00edzniv\u00fdch klimatick\u00fdch podm\u00ednek v roce skl\u00edz\u00edme v\u00fdb\u011br hrozn\u016f, kter\u00e9 pr\u00e1v\u011b za\u010daly p\u0159ezr\u00e1vat <\/span><\/p>\n<p><span dir=\"auto\">(Botrytis Cinerea, zn\u00e1m\u00e1 tak\u00e9 jako u\u0161lechtil\u00e1 hniloba).<\/span><\/p>\n<p><span dir=\"auto\"> V\u00edno m\u00e1 p\u0159ekvapiv\u011b sirupovit\u00e9 aroma, a\u010dkoli se jedn\u00e1 o such\u00e9 b\u00edl\u00e9 v\u00edno (bez zbytkov\u00e9ho cukru), sm\u011bs kandovan\u00e9ho ovoce, <\/span><\/p>\n<p><span dir=\"auto\">kdoulov\u00e9ho \u017eel\u00e9 a su\u0161en\u00fdch merun\u011bk s dostate\u010dnou \u0161t\u011bdrost\u00ed na pat\u0159e.<\/span><\/p>\n<p>&nbsp;<\/p>\n<p class=\"product-content\"><strong>Climate:<\/strong><br \/>\nKimmerigdian marl and clay with flints.<\/p>\n<p class=\"product-content\"><strong>Underground:<\/strong><br \/>\nModerate and temperate oceanic climate.<\/p>\n<p class=\"product-content\">\n","protected":false},"excerpt":{"rendered":"<p class=\"product-content\"><strong>Climate:<\/strong><br \/>\nKimmerigdian marl and clay with flints.<\/p>\n<p class=\"product-content\"><strong>Underground:<\/strong><br \/>\nModerate and temperate oceanic climate.<\/p>\n<p class=\"product-content\"><strong>Vinification:<\/strong><br \/>\nApproximately 70% of Sauvignon Blanc grapes used for this wine are aged in stainless steel vats with thermoregulation, the other 30% ages in new oak barrels.<\/p>\n","protected":false},"featured_media":1175,"comment_status":"open","ping_status":"closed","template":"","meta":[],"product_cat":[12,14],"product_tag":[],"_links":{"self":[{"href":"https:\/\/www.grandcru.cz\/cs_CZ\/wp-json\/wp\/v2\/product\/1174"}],"collection":[{"href":"https:\/\/www.grandcru.cz\/cs_CZ\/wp-json\/wp\/v2\/product"}],"about":[{"href":"https:\/\/www.grandcru.cz\/cs_CZ\/wp-json\/wp\/v2\/types\/product"}],"replies":[{"embeddable":true,"href":"https:\/\/www.grandcru.cz\/cs_CZ\/wp-json\/wp\/v2\/comments?post=1174"}],"wp:featuredmedia":[{"embeddable":true,"href":"https:\/\/www.grandcru.cz\/cs_CZ\/wp-json\/wp\/v2\/media\/1175"}],"wp:attachment":[{"href":"https:\/\/www.grandcru.cz\/cs_CZ\/wp-json\/wp\/v2\/media?parent=1174"}],"wp:term":[{"taxonomy":"product_cat","embeddable":true,"href":"https:\/\/www.grandcru.cz\/cs_CZ\/wp-json\/wp\/v2\/product_cat?post=1174"},{"taxonomy":"product_tag","embeddable":true,"href":"https:\/\/www.grandcru.cz\/cs_CZ\/wp-json\/wp\/v2\/product_tag?post=1174"}],"curies":[{"name":"wp","href":"https:\/\/api.w.org\/{rel}","templated":true}]}}