{"id":1169,"date":"2026-04-17T15:00:29","date_gmt":"2026-04-17T13:00:29","guid":{"rendered":"https:\/\/www.grandcru.cz\/?post_type=product&#038;p=1169"},"modified":"2026-04-17T17:35:28","modified_gmt":"2026-04-17T15:35:28","slug":"vinarstvi-rathouzsky-frankovka-by-pavel-chrast-mzv-2018-075l","status":"publish","type":"product","link":"https:\/\/www.grandcru.cz\/cs_CZ\/produkt\/vinarstvi-rathouzsky-frankovka-by-pavel-chrast-mzv-2018-075l\/","title":{"rendered":"Vina\u0159stv\u00ed Rathouzsk\u00fd, FRANKOVKA by Pavel Chr\u00e1st, mzv, 2018 0,75l"},"content":{"rendered":"<div class=\"row\">V\u00edno zr\u00e1lo 42 m\u011bs\u00edc\u016f na sudech 228l Fran\u00e7ois Fr\u00e8res cooperage &#8211; coopers artisans &#8211; Burgundy<\/div>\n<div>t\u0159et\u00ed pln\u011bn\u00ed.<\/div>\n<div class=\"row\">\n<div class=\"col-md-8\">\n<p>moravsk\u00e9 zemsk\u00e9 v\u00edno<br \/>\nObjem: 0,75 l<br \/>\nAlkohol: 13,5%<br \/>\nCukernatost p\u0159i sklizni: 23,0\u00b0 \u010cNM<br \/>\n\u010c\u00edslo \u0161ar\u017ee: 18\/012<br \/>\nObsahuje oxid si\u0159i\u010dit\u00fd<\/p>\n<\/div>\n<\/div>\n","protected":false},"excerpt":{"rendered":"<div class=\"row\"><\/div>\n<div class=\"row\">\n<div class=\"col-md-8\">\n<p>moravsk\u00e9 zemsk\u00e9 v\u00edno<br \/>\nObjem: 0,75 l<br \/>\nAlkohol: 13,5%<br \/>\nCukernatost p\u0159i sklizni: 22,0\u00b0 \u010cNM<br \/>\n\u010c\u00edslo \u0161ar\u017ee: 19\/07<br \/>\nObsahuje oxid si\u0159i\u010dit\u00fd<\/p>\n<\/div>\n<\/div>\n","protected":false},"featured_media":978,"comment_status":"open","ping_status":"closed","template":"","meta":[],"product_cat":[12,143,14],"product_tag":[],"_links":{"self":[{"href":"https:\/\/www.grandcru.cz\/cs_CZ\/wp-json\/wp\/v2\/product\/1169"}],"collection":[{"href":"https:\/\/www.grandcru.cz\/cs_CZ\/wp-json\/wp\/v2\/product"}],"about":[{"href":"https:\/\/www.grandcru.cz\/cs_CZ\/wp-json\/wp\/v2\/types\/product"}],"replies":[{"embeddable":true,"href":"https:\/\/www.grandcru.cz\/cs_CZ\/wp-json\/wp\/v2\/comments?post=1169"}],"wp:featuredmedia":[{"embeddable":true,"href":"https:\/\/www.grandcru.cz\/cs_CZ\/wp-json\/wp\/v2\/media\/978"}],"wp:attachment":[{"href":"https:\/\/www.grandcru.cz\/cs_CZ\/wp-json\/wp\/v2\/media?parent=1169"}],"wp:term":[{"taxonomy":"product_cat","embeddable":true,"href":"https:\/\/www.grandcru.cz\/cs_CZ\/wp-json\/wp\/v2\/product_cat?post=1169"},{"taxonomy":"product_tag","embeddable":true,"href":"https:\/\/www.grandcru.cz\/cs_CZ\/wp-json\/wp\/v2\/product_tag?post=1169"}],"curies":[{"name":"wp","href":"https:\/\/api.w.org\/{rel}","templated":true}]}}