{"id":1155,"date":"2025-12-06T22:20:48","date_gmt":"2025-12-06T21:20:48","guid":{"rendered":"https:\/\/www.grandcru.cz\/?post_type=product&#038;p=1155"},"modified":"2025-12-06T22:24:41","modified_gmt":"2025-12-06T21:24:41","slug":"domaine-hospices-de-beaune-pouilly-fuisse-cuvee-francoise-poisard-2017","status":"publish","type":"product","link":"https:\/\/www.grandcru.cz\/cs_CZ\/produkt\/domaine-hospices-de-beaune-pouilly-fuisse-cuvee-francoise-poisard-2017\/","title":{"rendered":"Domaine Hospices de Beaune, Pouilly-Fuiss\u00e9, Cuv\u00e9e Fran\u00e7oise Poisard, 2017"},"content":{"rendered":"<p>Ochutn\u00e1vka<\/p>\n<p>\u010cir\u00e1 \u017elut\u00e1 barva s medov\u00fdmi t\u00f3ny. Citrusov\u00e1 v\u016fn\u011b se \u017elut\u00fdmi peckovinami a n\u00e1dechem l\u00edpy. Jemn\u00e9 a p\u0159\u00edjemn\u00e9 v \u00fastech s dobrou amplitudou. V\u00edno pln\u00e9 po\u017eitku, v\u011brn\u00e9 sv\u00e9mu kr\u00e1sn\u00e9mu p\u016fvodu z Maconnais v ji\u017en\u00edm Burgundsku.<\/p>\n<p>Snouben\u00ed s j\u00eddlem<\/p>\n<p>Vychutnejte si samostatn\u011b p\u0159i aperitivu, s n\u011bkolika topinkami s uzen\u00fdm lososem nebo kosti\u010dkami horsk\u00e9ho s\u00fdra (comt\u00e9). Skv\u011ble se k n\u011bmu bude hodit \u0161pen\u00e1tov\u00fd sal\u00e1t s nasekan\u00fdmi vla\u0161sk\u00fdmi o\u0159echy, filet z mo\u0159sk\u00e9ho \u010fasa nebo such\u00fd koz\u00ed s\u00fdr!<\/p>\n<p>Historie<\/p>\n<p>Tyto vinice z\u00edskala Domaine v letech 1994 a 2012 d\u00edky odkazu Fran\u00e7oise Poisard. Vinice se nach\u00e1zej\u00ed v Chaintr\u00e9 na jihu apelace a v\u011bt\u0161ina z nich je star\u00e1 35 a\u017e 90 let. K dispozici je 5 parcel: Les Plessys d\u00e1v\u00e1 kulat\u00e1 a mohutn\u00e1 v\u00edna, zat\u00edmco Les Rob\u00e9es a Les Chevri\u00e8res d\u00e1vaj\u00ed v\u00edna vo\u0148av\u00e1 a ovocn\u00e1 s v\u00fdraznou mineralitou. La Chati\u00e8re a Haut de Savy maj\u00ed bohat\u0161\u00ed strukturu.<\/p>\n<p>Terroirs<\/p>\n<p>Les Plessys 0,58 ha.,<\/p>\n<p>Les Rob\u00e9es 0,53 ha,<\/p>\n<p>Les Chevri\u00e8res 0,4 ha.<\/p>\n","protected":false},"excerpt":{"rendered":"<p>Ochutn\u00e1vka<\/p>\n<p>\u010cir\u00e1 \u017elut\u00e1 barva s medov\u00fdmi t\u00f3ny. Citrusov\u00e1 v\u016fn\u011b se \u017elut\u00fdmi peckovinami a n\u00e1dechem l\u00edpy. Jemn\u00e9 a p\u0159\u00edjemn\u00e9 v \u00fastech s dobrou amplitudou. V\u00edno pln\u00e9 po\u017eitku, v\u011brn\u00e9 sv\u00e9mu kr\u00e1sn\u00e9mu p\u016fvodu z Maconnais v ji\u017en\u00edm Burgundsku.<\/p>\n<p>Snouben\u00ed s j\u00eddlem<\/p>\n<p>Vychutnejte si samostatn\u011b p\u0159i aperitivu, s n\u011bkolika topinkami s uzen\u00fdm lososem nebo kosti\u010dkami horsk\u00e9ho s\u00fdra (comt\u00e9). Skv\u011ble se k n\u011bmu bude hodit \u0161pen\u00e1tov\u00fd sal\u00e1t s nasekan\u00fdmi vla\u0161sk\u00fdmi o\u0159echy, filet z mo\u0159sk\u00e9ho \u010fasa nebo such\u00fd koz\u00ed s\u00fdr!<\/p>\n<p>Historie<\/p>\n<p>Tyto vinice z\u00edskala Domaine v letech 1994 a 2012 d\u00edky odkazu Fran\u00e7oise Poisard. Vinice se nach\u00e1zej\u00ed v Chaintr\u00e9 na jihu apelace a v\u011bt\u0161ina z nich je star\u00e1 35 a\u017e 90 let. K dispozici je 5 parcel: Les Plessys d\u00e1v\u00e1 kulat\u00e1 a mohutn\u00e1 v\u00edna, zat\u00edmco Les Rob\u00e9es a Les Chevri\u00e8res d\u00e1vaj\u00ed v\u00edna vo\u0148av\u00e1 a ovocn\u00e1 s v\u00fdraznou mineralitou. La Chati\u00e8re a Haut de Savy maj\u00ed bohat\u0161\u00ed strukturu.<\/p>\n<p>Terroirs<\/p>\n<p>Les Plessys 0,58 ha.,<\/p>\n<p>Les Rob\u00e9es 0,53 ha,<\/p>\n<p>Les Chevri\u00e8res 0,4 ha.<\/p>\n","protected":false},"featured_media":421,"comment_status":"open","ping_status":"closed","template":"","meta":[],"product_cat":[12,33,56,14],"product_tag":[],"_links":{"self":[{"href":"https:\/\/www.grandcru.cz\/cs_CZ\/wp-json\/wp\/v2\/product\/1155"}],"collection":[{"href":"https:\/\/www.grandcru.cz\/cs_CZ\/wp-json\/wp\/v2\/product"}],"about":[{"href":"https:\/\/www.grandcru.cz\/cs_CZ\/wp-json\/wp\/v2\/types\/product"}],"replies":[{"embeddable":true,"href":"https:\/\/www.grandcru.cz\/cs_CZ\/wp-json\/wp\/v2\/comments?post=1155"}],"wp:featuredmedia":[{"embeddable":true,"href":"https:\/\/www.grandcru.cz\/cs_CZ\/wp-json\/wp\/v2\/media\/421"}],"wp:attachment":[{"href":"https:\/\/www.grandcru.cz\/cs_CZ\/wp-json\/wp\/v2\/media?parent=1155"}],"wp:term":[{"taxonomy":"product_cat","embeddable":true,"href":"https:\/\/www.grandcru.cz\/cs_CZ\/wp-json\/wp\/v2\/product_cat?post=1155"},{"taxonomy":"product_tag","embeddable":true,"href":"https:\/\/www.grandcru.cz\/cs_CZ\/wp-json\/wp\/v2\/product_tag?post=1155"}],"curies":[{"name":"wp","href":"https:\/\/api.w.org\/{rel}","templated":true}]}}