{"id":1138,"date":"2025-08-19T11:32:04","date_gmt":"2025-08-19T09:32:04","guid":{"rendered":"https:\/\/www.grandcru.cz\/?post_type=product&#038;p=1138"},"modified":"2025-09-09T11:00:24","modified_gmt":"2025-09-09T09:00:24","slug":"domaine-des-carlines-en-beaumont-100-savagnin-ouille-2022-075l","status":"publish","type":"product","link":"https:\/\/www.grandcru.cz\/cs_CZ\/produkt\/domaine-des-carlines-en-beaumont-100-savagnin-ouille-2022-075l\/","title":{"rendered":"Domaine des Carlines, En Beaumont  (100% Savagnin ouill\u00e9) 2022, 0,75l"},"content":{"rendered":"<p>0,5 hectare in the Ch\u00e2teau-Chalon appellation,but classified as C\u00f4tes-du-Jura as not produced as<br \/>\nVin Jaune. South-east exposure on 300m altitude.Vines are 40 years old and planted in the middle<br \/>\nof the hillside with a protection from the wind.Grey marl. A terroir with a lot of character, strenght and minerality.<br \/>\n100 % Savagnin<br \/>\nNatural fermentation. Maturation in used Burgundy oak barrels (228L) for approx.12-15<br \/>\nmonths.Final blending and maturation for 3-6 months. No filtration, no clarification.<\/p>\n","protected":false},"excerpt":{"rendered":"<p>0,5 hectare in the Ch\u00e2teau-Chalon appellation,but classified as C\u00f4tes-du-Jura as not produced as Vin Jaune. South-east exposure on 300m altitude.Vines are 40 years old and planted in the middle of the hillside with a protection<a class=\"read-more\" href=\"https:\/\/www.grandcru.cz\/cs_CZ\/produkt\/domaine-des-carlines-en-beaumont-100-savagnin-ouille-2022-075l\/\">Continue reading<\/a><\/p>\n","protected":false},"featured_media":1139,"comment_status":"open","ping_status":"closed","template":"","meta":[],"product_cat":[12,143,14],"product_tag":[],"_links":{"self":[{"href":"https:\/\/www.grandcru.cz\/cs_CZ\/wp-json\/wp\/v2\/product\/1138"}],"collection":[{"href":"https:\/\/www.grandcru.cz\/cs_CZ\/wp-json\/wp\/v2\/product"}],"about":[{"href":"https:\/\/www.grandcru.cz\/cs_CZ\/wp-json\/wp\/v2\/types\/product"}],"replies":[{"embeddable":true,"href":"https:\/\/www.grandcru.cz\/cs_CZ\/wp-json\/wp\/v2\/comments?post=1138"}],"wp:featuredmedia":[{"embeddable":true,"href":"https:\/\/www.grandcru.cz\/cs_CZ\/wp-json\/wp\/v2\/media\/1139"}],"wp:attachment":[{"href":"https:\/\/www.grandcru.cz\/cs_CZ\/wp-json\/wp\/v2\/media?parent=1138"}],"wp:term":[{"taxonomy":"product_cat","embeddable":true,"href":"https:\/\/www.grandcru.cz\/cs_CZ\/wp-json\/wp\/v2\/product_cat?post=1138"},{"taxonomy":"product_tag","embeddable":true,"href":"https:\/\/www.grandcru.cz\/cs_CZ\/wp-json\/wp\/v2\/product_tag?post=1138"}],"curies":[{"name":"wp","href":"https:\/\/api.w.org\/{rel}","templated":true}]}}