{"id":1131,"date":"2025-08-18T20:41:00","date_gmt":"2025-08-18T18:41:00","guid":{"rendered":"https:\/\/www.grandcru.cz\/?post_type=product&#038;p=1131"},"modified":"2025-08-19T11:31:04","modified_gmt":"2025-08-19T09:31:04","slug":"domaine-des-carlines-la-vouivre-2021-075l","status":"publish","type":"product","link":"https:\/\/www.grandcru.cz\/cs_CZ\/produkt\/domaine-des-carlines-la-vouivre-2021-075l\/","title":{"rendered":"Domaine des Carlines, La Vouivre (70 % Chardonnay, 30 % Savagnin) 2021, 0,75l"},"content":{"rendered":"<p>La Vouivre poch\u00e1z\u00ed ze \u010dty\u0159 parcel: En Beaumont, Le Calvaire, En Lya a<br \/>\nTr\u00e9moulette. V\u00edno, kter\u00e9 skute\u010dn\u011b odr\u00e1\u017e\u00ed v\u00fdjime\u010dn\u00fd terroir Jura.<br \/>\nP\u0159irozen\u00e9 kva\u0161en\u00ed. Zr\u00e1n\u00ed v pou\u017eit\u00fdchsudech z burgundsk\u00e9ho dubu (225 l) po dobu<br \/>\ncca 12\u201315 m\u011bs\u00edc\u016f. Kone\u010dn\u00e9 m\u00edch\u00e1n\u00ed azr\u00e1n\u00ed po dobu 3\u20136 m\u011bs\u00edc\u016f. Bez filtrace, bez \u010di\u0159en\u00ed.<br \/>\n70 % Chardonnay | 30 % Savagnin<\/p>\n<p>&nbsp;<\/p>\n<p>Aroma zral\u00e9ho b\u00edl\u00e9ho ovoce s n\u00e1dechem ko\u0159en\u00ed.<br \/>\nBohat\u00e9 s dlouhou dochut\u00ed a dob\u0159e vyv\u00e1\u017eenou mineralitou.<\/p>\n<p>&nbsp;<\/p>\n<p>&nbsp;<\/p>\n<p>&nbsp;<\/p>\n","protected":false},"excerpt":{"rendered":"<p>La Vouivre has its origin from four plots ;En<br \/>\nBeaumont, Le Calvaire, En Lya and<br \/>\nTr\u00e9moulette. A wine that really reflects the<br \/>\nexceptional Jura terroir.<br \/>\nNatural fermentation. Maturation in used<br \/>\nBurgundy oak barrels (225L) for<br \/>\napprox.12-15months. Final blending and<br \/>\nmaturation for 3-6 months. No filtration, no<br \/>\nclarification.<br \/>\n70% Chardonnay | 30% Savagnin<br \/>\nTasting :Warm yellow. Aromas of ripe<br \/>\nwhite fruits and a touch of spices. Quite<br \/>\nrich with a long aftertaste and a well<br \/>\nbalanced minerality.<\/p>\n","protected":false},"featured_media":1132,"comment_status":"open","ping_status":"closed","template":"","meta":[],"product_cat":[12,143,14],"product_tag":[],"_links":{"self":[{"href":"https:\/\/www.grandcru.cz\/cs_CZ\/wp-json\/wp\/v2\/product\/1131"}],"collection":[{"href":"https:\/\/www.grandcru.cz\/cs_CZ\/wp-json\/wp\/v2\/product"}],"about":[{"href":"https:\/\/www.grandcru.cz\/cs_CZ\/wp-json\/wp\/v2\/types\/product"}],"replies":[{"embeddable":true,"href":"https:\/\/www.grandcru.cz\/cs_CZ\/wp-json\/wp\/v2\/comments?post=1131"}],"wp:featuredmedia":[{"embeddable":true,"href":"https:\/\/www.grandcru.cz\/cs_CZ\/wp-json\/wp\/v2\/media\/1132"}],"wp:attachment":[{"href":"https:\/\/www.grandcru.cz\/cs_CZ\/wp-json\/wp\/v2\/media?parent=1131"}],"wp:term":[{"taxonomy":"product_cat","embeddable":true,"href":"https:\/\/www.grandcru.cz\/cs_CZ\/wp-json\/wp\/v2\/product_cat?post=1131"},{"taxonomy":"product_tag","embeddable":true,"href":"https:\/\/www.grandcru.cz\/cs_CZ\/wp-json\/wp\/v2\/product_tag?post=1131"}],"curies":[{"name":"wp","href":"https:\/\/api.w.org\/{rel}","templated":true}]}}