{"id":1124,"date":"2025-08-18T19:26:20","date_gmt":"2025-08-18T17:26:20","guid":{"rendered":"https:\/\/www.grandcru.cz\/?post_type=product&#038;p=1124"},"modified":"2025-12-06T22:30:15","modified_gmt":"2025-12-06T21:30:15","slug":"hospices-de-beaune-pommard-1er-cru-dame-charite-2023-075l","status":"publish","type":"product","link":"https:\/\/www.grandcru.cz\/cs_CZ\/produkt\/hospices-de-beaune-pommard-1er-cru-dame-charite-2023-075l\/","title":{"rendered":"HOSPICES de BEAUNE, Pommard 1er Cru  Dame Charite 2023, 0,75l"},"content":{"rendered":"<p>Je to ok\u00e1zal\u00fd Pommard s velkorysost\u00ed a n\u00e1dhernou koncentrac\u00ed. Paleta v\u00edna ukazuje p\u016fsobivou, pevnou, ale nep\u0159ehlednou hloubku a strukturu. V tomto ro\u010dn\u00edku je Cuv\u00e9e Dames de la Charit\u00e9 smysln\u00e9 a velkorys\u00e9 s \u0161irokou \u0161k\u00e1lou p\u0159\u00edchut\u00ed.<\/p>\n<p>Dochu\u0165 je neuv\u011b\u0159iteln\u011b dlouh\u00e1. Toto v\u00edno odm\u011bn\u00ed ty, kter\u00fdm se poda\u0159\u00ed udr\u017eet ho ve sklep\u011b po dobu nejm\u00e9n\u011b 8 let a d\u00e9le.<\/p>\n","protected":false},"excerpt":{"rendered":"<p>Je to ok\u00e1zal\u00fd Pommard s velkorysost\u00ed a n\u00e1dhernou koncentrac\u00ed. Paleta v\u00edna ukazuje p\u016fsobivou, pevnou, ale nep\u0159ehlednou hloubku a strukturu. V tomto ro\u010dn\u00edku je Cuv\u00e9e Dames de la Charit\u00e9 smysln\u00e9 a velkorys\u00e9 s \u0161irokou \u0161k\u00e1lou p\u0159\u00edchut\u00ed.<a class=\"read-more\" href=\"https:\/\/www.grandcru.cz\/cs_CZ\/produkt\/hospices-de-beaune-pommard-1er-cru-dame-charite-2023-075l\/\">Continue reading<\/a><\/p>\n","protected":false},"featured_media":1125,"comment_status":"open","ping_status":"closed","template":"","meta":[],"product_cat":[11,33,56,14],"product_tag":[],"_links":{"self":[{"href":"https:\/\/www.grandcru.cz\/cs_CZ\/wp-json\/wp\/v2\/product\/1124"}],"collection":[{"href":"https:\/\/www.grandcru.cz\/cs_CZ\/wp-json\/wp\/v2\/product"}],"about":[{"href":"https:\/\/www.grandcru.cz\/cs_CZ\/wp-json\/wp\/v2\/types\/product"}],"replies":[{"embeddable":true,"href":"https:\/\/www.grandcru.cz\/cs_CZ\/wp-json\/wp\/v2\/comments?post=1124"}],"wp:featuredmedia":[{"embeddable":true,"href":"https:\/\/www.grandcru.cz\/cs_CZ\/wp-json\/wp\/v2\/media\/1125"}],"wp:attachment":[{"href":"https:\/\/www.grandcru.cz\/cs_CZ\/wp-json\/wp\/v2\/media?parent=1124"}],"wp:term":[{"taxonomy":"product_cat","embeddable":true,"href":"https:\/\/www.grandcru.cz\/cs_CZ\/wp-json\/wp\/v2\/product_cat?post=1124"},{"taxonomy":"product_tag","embeddable":true,"href":"https:\/\/www.grandcru.cz\/cs_CZ\/wp-json\/wp\/v2\/product_tag?post=1124"}],"curies":[{"name":"wp","href":"https:\/\/api.w.org\/{rel}","templated":true}]}}