{"id":1120,"date":"2025-08-18T16:32:00","date_gmt":"2025-08-18T14:32:00","guid":{"rendered":"https:\/\/www.grandcru.cz\/?post_type=product&#038;p=1120"},"modified":"2025-08-18T16:33:57","modified_gmt":"2025-08-18T14:33:57","slug":"hospices-de-beaune-pommard-cuvee-suzanne-chaurdron-2023-075l","status":"publish","type":"product","link":"https:\/\/www.grandcru.cz\/cs_CZ\/produkt\/hospices-de-beaune-pommard-cuvee-suzanne-chaurdron-2023-075l\/","title":{"rendered":"HOSPICES de BEAUNE, Pommard Cuv\u00e9e Suzanne Chaurdron 2023, 0,75l"},"content":{"rendered":"<p>Klasick\u00fd Pommard s jemnou rovnov\u00e1hou sv\u011b\u017eesti, elegance a nap\u011bt\u00ed. Siln\u00e1 kytice \u010dern\u00e9ho ovoce, kter\u00e1 pokra\u010duje i na pat\u0159e. Vskutku klasick\u00e1, ale velmi zaj\u00edmav\u00e9 cuv\u00e9e Hospices.<\/p>\n<p>Sm\u011b\u0159uj\u00edc\u00ed na jihov\u00fdchod, dominuj\u00ed tomuto cuv\u00e9e Noizons a Petits Noizons, kde se pln\u011b projevuje objem a jemnost. V chladn\u011bj\u0161\u00ed z\u00f3n\u011b Chani\u00e8re st\u00e1le dod\u00e1v\u00e1 cuv\u00e9e \u201egrafitov\u00fd\u201c n\u00e1dech a v z\u00e1v\u011bru ho \u010din\u00ed p\u0159\u00edv\u011btiv\u011bj\u0161\u00ed s jemnou slanost\u00ed. Croix Planet je dob\u0159e zastoupen, jeho\u017e robustnost je odvozena od siln\u011bj\u0161\u00edch j\u00edl\u016f. Z hlediska zr\u00e1n\u00ed je pravd\u011bpodobn\u011b nejlep\u0161\u00edm kompromisem mezi t\u0159emi cuv\u00e9e Pommard z Domaine, proto\u017ee si ho lze vychutnat mlad\u0161\u00ed ne\u017e ostatn\u00ed dv\u011b.<\/p>\n<p>&nbsp;<\/p>\n<p>A classic Pommard with a fine balance of freshness, elegance and tension. Powerful bouquet of black fruit that continues on the palate. Classic indeed, but a very interesting cuv\u00e9e des Hospices.<\/p>\n","protected":false},"excerpt":{"rendered":"<p>Klasick\u00fd Pommard s jemnou rovnov\u00e1hou sv\u011b\u017eesti, elegance a nap\u011bt\u00ed. Siln\u00e1 kytice \u010dern\u00e9ho ovoce, kter\u00e1 pokra\u010duje i na pat\u0159e. Vskutku klasick\u00e1, ale velmi zaj\u00edmav\u00e9 cuv\u00e9e Hospices. Sm\u011b\u0159uj\u00edc\u00ed na jihov\u00fdchod, dominuj\u00ed tomuto cuv\u00e9e Noizons a Petits Noizons,<a class=\"read-more\" href=\"https:\/\/www.grandcru.cz\/cs_CZ\/produkt\/hospices-de-beaune-pommard-cuvee-suzanne-chaurdron-2023-075l\/\">Continue reading<\/a><\/p>\n","protected":false},"featured_media":1118,"comment_status":"open","ping_status":"closed","template":"","meta":[],"product_cat":[11,33,56,14],"product_tag":[],"_links":{"self":[{"href":"https:\/\/www.grandcru.cz\/cs_CZ\/wp-json\/wp\/v2\/product\/1120"}],"collection":[{"href":"https:\/\/www.grandcru.cz\/cs_CZ\/wp-json\/wp\/v2\/product"}],"about":[{"href":"https:\/\/www.grandcru.cz\/cs_CZ\/wp-json\/wp\/v2\/types\/product"}],"replies":[{"embeddable":true,"href":"https:\/\/www.grandcru.cz\/cs_CZ\/wp-json\/wp\/v2\/comments?post=1120"}],"wp:featuredmedia":[{"embeddable":true,"href":"https:\/\/www.grandcru.cz\/cs_CZ\/wp-json\/wp\/v2\/media\/1118"}],"wp:attachment":[{"href":"https:\/\/www.grandcru.cz\/cs_CZ\/wp-json\/wp\/v2\/media?parent=1120"}],"wp:term":[{"taxonomy":"product_cat","embeddable":true,"href":"https:\/\/www.grandcru.cz\/cs_CZ\/wp-json\/wp\/v2\/product_cat?post=1120"},{"taxonomy":"product_tag","embeddable":true,"href":"https:\/\/www.grandcru.cz\/cs_CZ\/wp-json\/wp\/v2\/product_tag?post=1120"}],"curies":[{"name":"wp","href":"https:\/\/api.w.org\/{rel}","templated":true}]}}