{"id":1111,"date":"2025-08-18T10:53:34","date_gmt":"2025-08-18T08:53:34","guid":{"rendered":"https:\/\/www.grandcru.cz\/?post_type=product&#038;p=1111"},"modified":"2026-03-27T15:59:55","modified_gmt":"2026-03-27T14:59:55","slug":"domaine-lionel-gosseaume-folium-igp-loire-sauvignon-blanc-750ml-2024-et-1folium-igp-loire-sauvignon-blanc-750ml-2025","status":"publish","type":"product","link":"https:\/\/www.grandcru.cz\/cs_CZ\/produkt\/domaine-lionel-gosseaume-folium-igp-loire-sauvignon-blanc-750ml-2024-et-1folium-igp-loire-sauvignon-blanc-750ml-2025\/","title":{"rendered":"Domaine Lionel Gosseaume, Folium IGP Loire Sauvignon Blanc, 750ml, 2025"},"content":{"rendered":"<p>Folium je z\u00e1kladn\u00ed v\u00edno Lionela Gosseaumes, 100% Sauvignon Blanc. Hrozny jsou ze 3 r\u016fzn\u00fdch oblast\u00ed (Tours, Blois a Vierzon), tak\u017ee je v cuv\u00e9e dosa\u017eeno vynikaj\u00edc\u00ed rovnov\u00e1hy.\u00a0 V\u00edno fermentuje a je skladov\u00e1no v nerezu.<\/p>\n<p>S\u00e1m Lionel Gosseaume popisuje v\u00edno jako \u201ev\u00edno de soif\u201c &#8230; to znamen\u00e1 \u201ev\u00edno pro \u017e\u00edze\u0148\u201c, kter\u00e9 se vyzna\u010duje ovocnost\u00ed, sv\u011b\u017eest\u00ed a lehkost\u00ed.<\/p>\n<p>V nose je to ur\u010dit\u011b nezam\u011bniteln\u00fd Sauvignon Blanc &#8230; ,zelen\u00fd pep\u0159, zelen\u00fd ch\u0159est, \u010derstv\u011b posekan\u00e1 tr\u00e1va, stejn\u011b jako ovoce, kter\u00e9 je v\u011bt\u0161inou angre\u0161t, broskv a nektarinky. Nest\u00e1v\u00e1 se tedy skalnat\u00fdm a d\u017eemov\u00fdm\u00a0 Sauvignon Blanc, ale m\u00e1 mal\u00e9 t\u011blo, laskavost a lehkou obezitu, i kdy\u017e je st\u00e1le orosen\u00fdm a sv\u011btle zelen\u00fdm v\u00ednem.<\/p>\n<p>Je to velmi klasick\u00e9, \u010dist\u00e9 a lahodn\u00e9 v\u00edno Sauvignon Blanc s \u010derstvou k\u0159upavost\u00ed, velmi \u010dist\u00fdm ovocem.<\/p>\n<p>92 bod\u016f.<\/p>\n","protected":false},"excerpt":{"rendered":"<p>Folium je z\u00e1kladn\u00ed v\u00edno Lionela Gosseaumes, 100% Sauvignon Blanc. Hrozny jsou ze 3 r\u016fzn\u00fdch oblast\u00ed (Tours, Blois a Vierzon), tak\u017ee je v cuv\u00e9e dosa\u017eeno vynikaj\u00edc\u00ed rovnov\u00e1hy.\u00a0 V\u00edno fermentuje a je skladov\u00e1no v nerezu. S\u00e1m Lionel<a class=\"read-more\" href=\"https:\/\/www.grandcru.cz\/cs_CZ\/produkt\/domaine-lionel-gosseaume-folium-igp-loire-sauvignon-blanc-750ml-2024-et-1folium-igp-loire-sauvignon-blanc-750ml-2025\/\">Continue reading<\/a><\/p>\n","protected":false},"featured_media":1112,"comment_status":"open","ping_status":"closed","template":"","meta":[],"product_cat":[12,143,14],"product_tag":[],"_links":{"self":[{"href":"https:\/\/www.grandcru.cz\/cs_CZ\/wp-json\/wp\/v2\/product\/1111"}],"collection":[{"href":"https:\/\/www.grandcru.cz\/cs_CZ\/wp-json\/wp\/v2\/product"}],"about":[{"href":"https:\/\/www.grandcru.cz\/cs_CZ\/wp-json\/wp\/v2\/types\/product"}],"replies":[{"embeddable":true,"href":"https:\/\/www.grandcru.cz\/cs_CZ\/wp-json\/wp\/v2\/comments?post=1111"}],"wp:featuredmedia":[{"embeddable":true,"href":"https:\/\/www.grandcru.cz\/cs_CZ\/wp-json\/wp\/v2\/media\/1112"}],"wp:attachment":[{"href":"https:\/\/www.grandcru.cz\/cs_CZ\/wp-json\/wp\/v2\/media?parent=1111"}],"wp:term":[{"taxonomy":"product_cat","embeddable":true,"href":"https:\/\/www.grandcru.cz\/cs_CZ\/wp-json\/wp\/v2\/product_cat?post=1111"},{"taxonomy":"product_tag","embeddable":true,"href":"https:\/\/www.grandcru.cz\/cs_CZ\/wp-json\/wp\/v2\/product_tag?post=1111"}],"curies":[{"name":"wp","href":"https:\/\/api.w.org\/{rel}","templated":true}]}}