{"id":1109,"date":"2025-07-27T23:51:30","date_gmt":"2025-07-27T21:51:30","guid":{"rendered":"https:\/\/www.grandcru.cz\/?post_type=product&#038;p=1109"},"modified":"2025-08-18T10:14:59","modified_gmt":"2025-08-18T08:14:59","slug":"domaine-thenard-givry-1er-cru-clos-du-cellier-aux-moines-rouge-2022-075l","status":"publish","type":"product","link":"https:\/\/www.grandcru.cz\/cs_CZ\/produkt\/domaine-thenard-givry-1er-cru-clos-du-cellier-aux-moines-rouge-2022-075l\/","title":{"rendered":"Domaine Thenard,  Givry 1er Cru Clos du Cellier aux Moines, rouge 2022, 0,75l"},"content":{"rendered":"<p>Domaine Th\u00e9nard m\u00e1 ide\u00e1ln\u00ed polohu v srdci Givry, co by kamenem dohodil od Porte de l&#8217;Horloge. Velk\u00e1 veranda vina\u0159sk\u00e9ho domu vede do obrovsk\u00e9ho vnit\u0159n\u00edho dvora s vinot\u00e9kou hned u vchodu. Toto panstv\u00ed, zalo\u017een\u00e9 v roce 1760, z\u016fstalo p\u0159ev\u00e1\u017en\u011b rodinn\u00fdm podnikem. Posledn\u00ed t\u0159i generace jsou v \u010dele s Jacquesem Bordeauxem Montrieuxem, d\u011bde\u010dkem, Jeanem Baptistem, jeho synem a man\u017eelkou Dominique a Andr\u00e9, jeho vnukem, kter\u00fd se st\u00e1le v\u00edce pod\u00edl\u00ed na spr\u00e1v\u011b a vinifikace panstv\u00ed.<\/p>\n<p>V\u00edce ne\u017e 70 % vinn\u00e9 r\u00e9vy je vysazeno v Givry na nejkr\u00e1sn\u011bj\u0161\u00edch pozemc\u00edch v obci Les Boischevaux, Clos du Cellier aux Moines a Monopole Clos Saint Pierre, co\u017e jsou 1er crus. Ve vesnick\u00e9m ozna\u010den\u00ed \u010derven\u00e1 tak\u00e9 ct\u00ed Givryho stejn\u011b jako b\u00edl\u00e1 a ve stejn\u00e9 barv\u011b Clos du Cellier s mnichem 1er Cru. Vina\u0159stv\u00ed a sklepy, pozoruhodn\u00e9 svou velkou v\u00fd\u0161kou, lze nav\u0161t\u00edvit. Tento okam\u017eik je vz\u00e1cn\u00fd v budov\u011b ze 17. stolet\u00ed s typickou architekturou regionu s klenutou st\u0159e\u0161n\u00ed konstrukc\u00ed. Objev\u00edte tradice domu, kter\u00fd sv\u00e1 v\u00edna vinifikuje p\u0159edev\u0161\u00edm v d\u0159ev\u011bn\u00fdch k\u00e1d\u00edch a \u010d\u00e1ste\u010dn\u011b zraje i v nerezu. Domaine Th\u00e9nard tak\u00e9 p\u0159itahuje velk\u00e9 milovn\u00edky v\u00edna, proto\u017ee v C\u00f4te de Beaune a C\u00f4te de Nuits se t\u011b\u017e\u00ed n\u011bkolik pozemk\u016f s b\u00e1je\u010dn\u00fdmi apelacemi, jako je Corton Grand Cru Clos du Roi, Pernand-Vergelesses 1er Cru Ile des Vergelesses a Grands Echezeaux Grand Cru. A pro b\u00edl\u00e9 Chassagne Montrachet 1er Cru Clos Saint Jean a Montrachet Grand Cru! V\u00edna ve sv\u00e9 velkoleposti, i kdy\u017e jejich ceny kontrastuj\u00ed s t\u011bmi z C\u00f4te Chalonnaise<\/p>\n","protected":false},"excerpt":{"rendered":"<p>Domaine Th\u00e9nard m\u00e1 ide\u00e1ln\u00ed polohu v srdci Givry, co by kamenem dohodil od Porte de l&#8217;Horloge. Velk\u00e1 veranda vina\u0159sk\u00e9ho domu vede do obrovsk\u00e9ho vnit\u0159n\u00edho dvora s vinot\u00e9kou hned u vchodu. Toto panstv\u00ed, zalo\u017een\u00e9 v roce 1760, z\u016fstalo p\u0159ev\u00e1\u017en\u011b rodinn\u00fdm podnikem. Posledn\u00ed t\u0159i generace jsou v \u010dele s Jacquesem Bordeauxem Montrieuxem, d\u011bde\u010dkem, Jeanem Baptistem, jeho synem a man\u017eelkou Dominique a Andr\u00e9, jeho vnukem, kter\u00fd se st\u00e1le v\u00edce pod\u00edl\u00ed na spr\u00e1v\u011b a vinifikace panstv\u00ed.<\/p>\n<p>V\u00edce ne\u017e 70 % vinn\u00e9 r\u00e9vy je vysazeno v Givry na nejkr\u00e1sn\u011bj\u0161\u00edch pozemc\u00edch v obci Les Boischevaux, Clos du Cellier aux Moines a Monopole Clos Saint Pierre, co\u017e jsou 1er crus. Ve vesnick\u00e9m ozna\u010den\u00ed \u010derven\u00e1 tak\u00e9 ct\u00ed Givryho stejn\u011b jako b\u00edl\u00e1 a ve stejn\u00e9 barv\u011b Clos du Cellier s mnichem 1er Cru. Vina\u0159stv\u00ed a sklepy, pozoruhodn\u00e9 svou velkou v\u00fd\u0161kou, lze nav\u0161t\u00edvit. Tento okam\u017eik je vz\u00e1cn\u00fd v budov\u011b ze 17. stolet\u00ed s typickou architekturou regionu s klenutou st\u0159e\u0161n\u00ed konstrukc\u00ed. Objev\u00edte tradice domu, kter\u00fd sv\u00e1 v\u00edna vinifikuje p\u0159edev\u0161\u00edm v d\u0159ev\u011bn\u00fdch k\u00e1d\u00edch a \u010d\u00e1ste\u010dn\u011b zraje i v nerezu. Domaine Th\u00e9nard tak\u00e9 p\u0159itahuje velk\u00e9 milovn\u00edky v\u00edna, proto\u017ee v C\u00f4te de Beaune a C\u00f4te de Nuits se t\u011b\u017e\u00ed n\u011bkolik pozemk\u016f s b\u00e1je\u010dn\u00fdmi apelacemi, jako je Corton Grand Cru Clos du Roi, Pernand-Vergelesses 1er Cru Ile des Vergelesses a Grands Echezeaux Grand Cru. A pro b\u00edl\u00e9 Chassagne Montrachet 1er Cru Clos Saint Jean a Montrachet Grand Cru! V\u00edna ve sv\u00e9 velkoleposti, i kdy\u017e jejich ceny kontrastuj\u00ed s t\u011bmi z C\u00f4te Chalonnaise<\/p>\n","protected":false},"featured_media":1098,"comment_status":"open","ping_status":"closed","template":"","meta":[],"product_cat":[11,14],"product_tag":[],"_links":{"self":[{"href":"https:\/\/www.grandcru.cz\/cs_CZ\/wp-json\/wp\/v2\/product\/1109"}],"collection":[{"href":"https:\/\/www.grandcru.cz\/cs_CZ\/wp-json\/wp\/v2\/product"}],"about":[{"href":"https:\/\/www.grandcru.cz\/cs_CZ\/wp-json\/wp\/v2\/types\/product"}],"replies":[{"embeddable":true,"href":"https:\/\/www.grandcru.cz\/cs_CZ\/wp-json\/wp\/v2\/comments?post=1109"}],"wp:featuredmedia":[{"embeddable":true,"href":"https:\/\/www.grandcru.cz\/cs_CZ\/wp-json\/wp\/v2\/media\/1098"}],"wp:attachment":[{"href":"https:\/\/www.grandcru.cz\/cs_CZ\/wp-json\/wp\/v2\/media?parent=1109"}],"wp:term":[{"taxonomy":"product_cat","embeddable":true,"href":"https:\/\/www.grandcru.cz\/cs_CZ\/wp-json\/wp\/v2\/product_cat?post=1109"},{"taxonomy":"product_tag","embeddable":true,"href":"https:\/\/www.grandcru.cz\/cs_CZ\/wp-json\/wp\/v2\/product_tag?post=1109"}],"curies":[{"name":"wp","href":"https:\/\/api.w.org\/{rel}","templated":true}]}}