{"id":1108,"date":"2025-07-27T23:27:35","date_gmt":"2025-07-27T21:27:35","guid":{"rendered":"https:\/\/www.grandcru.cz\/?post_type=product&#038;p=1108"},"modified":"2026-03-27T16:01:39","modified_gmt":"2026-03-27T15:01:39","slug":"maison-champy-vosne-romanee-1er-cru-les-suchots-2012-075l","status":"publish","type":"product","link":"https:\/\/www.grandcru.cz\/cs_CZ\/produkt\/maison-champy-vosne-romanee-1er-cru-les-suchots-2012-075l\/","title":{"rendered":"Maison Champy, Vosne-Roman\u00e9e 1er Cru &#8222;Les Suchots&#8220; 2012, 0,75l"},"content":{"rendered":"<p>Antonio Galloni ozna\u010dil ro\u010dn\u00edky 2012 za \u201enepopirateln\u011b vzru\u0161uj\u00edc\u00ed\u201c, zat\u00edmco Wine Spectator ocenil 95bodov\u00fd ro\u010dn\u00edk jako \u201ehust\u00e1, koncentrovan\u00e1 \u010derven\u00e1 v\u00edna s \u010distou ovocnost\u00ed, eleganc\u00ed a sv\u011b\u017eest\u00ed\u201c, kter\u00e1 soupe\u0159\u00ed s klasick\u00fdm \u010derven\u00fdm burgundsk\u00fdm ro\u010dn\u00edkem 2009. Ro\u010dn\u00edk byl v\u0161eobecn\u011b chv\u00e1len za transparentnost lokalit a p\u0159inesl jedny z nej\u010dist\u0161\u00edch projev\u016f r\u016fzn\u00fdch vesnic C\u00f4te de Nuits za posledn\u00ed roky.<\/p>\n<p>D\u00edky t\u00e9to expresivit\u011b vyprodukoval nejstar\u0161\u00ed burgundsk\u00fd obchodn\u00edk Champy naprosto klasick\u00e9 \u201eLes Suchots\u201c z pozemku o rozloze 1,1 akru, kter\u00fd pat\u0159\u00ed do sklepa ka\u017ed\u00e9ho seri\u00f3zn\u00edho sb\u011bratele. Vinice Premier Cru ve Vosne-Roman\u00e9e, bohat\u00e1 na j\u00edlovit\u00e9 p\u016fdy, je pova\u017eov\u00e1na za dal\u0161\u00ed v po\u0159ad\u00ed, kdo by se mohl st\u00e1t Grand Cru. \u201eLes Suchots\u201c hrani\u010d\u00ed na jihu s proslul\u00fdmi Grand Crus Roman\u00e9e-Saint-Vivant a Richebourg (ob\u011b prim\u00e1rn\u011b vlastn\u011bn\u00fdmi Domaine de la Roman\u00e9e-Conti) a na severu s dal\u0161\u00edm Grand Cru, Echezeaux. Champyho pozemek se nach\u00e1z\u00ed na vrcholu svahu vinice, kde jsou r\u00e9vy nam\u00e1han\u00e9 a\u017e k rukojeti, co\u017e Pinot vdechuje \u00e9terickou sm\u011bs lahodn\u00e9 kv\u011btinov\u00e9 koncentrace a v\u00e1penat\u00e9 minerality.<\/p>\n<p>Wine Spectator ozna\u010dil po\u010din z roku 2012 za \u201ev\u00edt\u011bzn\u00fd\u201c a ud\u011blil mu 93 bod\u016f, zat\u00edmco Allen Meadows z Burghoundu jej chv\u00e1lil jako \u201esv\u016fdn\u011b texturovan\u00e9\u201c. Rub\u00ednovo zbarven\u00e1 vz\u00e1cnost, kter\u00e1 s v\u011bkem bude jen n\u00e1dhern\u011bj\u0161\u00ed a neoceniteln\u011bj\u0161\u00ed.<\/p>\n<p>&nbsp;<\/p>\n","protected":false},"excerpt":{"rendered":"<p>Antonio Galloni ozna\u010dil ro\u010dn\u00edky 2012 za \u201enepopirateln\u011b vzru\u0161uj\u00edc\u00ed\u201c, zat\u00edmco Wine Spectator ocenil 95bodov\u00fd ro\u010dn\u00edk jako \u201ehust\u00e1, koncentrovan\u00e1 \u010derven\u00e1 v\u00edna s \u010distou ovocnost\u00ed, eleganc\u00ed a sv\u011b\u017eest\u00ed\u201c, kter\u00e1 soupe\u0159\u00ed s klasick\u00fdm \u010derven\u00fdm burgundsk\u00fdm ro\u010dn\u00edkem 2009. Ro\u010dn\u00edk byl<a class=\"read-more\" href=\"https:\/\/www.grandcru.cz\/cs_CZ\/produkt\/maison-champy-vosne-romanee-1er-cru-les-suchots-2012-075l\/\">Continue reading<\/a><\/p>\n","protected":false},"featured_media":1099,"comment_status":"open","ping_status":"closed","template":"","meta":[],"product_cat":[11,56,14],"product_tag":[],"_links":{"self":[{"href":"https:\/\/www.grandcru.cz\/cs_CZ\/wp-json\/wp\/v2\/product\/1108"}],"collection":[{"href":"https:\/\/www.grandcru.cz\/cs_CZ\/wp-json\/wp\/v2\/product"}],"about":[{"href":"https:\/\/www.grandcru.cz\/cs_CZ\/wp-json\/wp\/v2\/types\/product"}],"replies":[{"embeddable":true,"href":"https:\/\/www.grandcru.cz\/cs_CZ\/wp-json\/wp\/v2\/comments?post=1108"}],"wp:featuredmedia":[{"embeddable":true,"href":"https:\/\/www.grandcru.cz\/cs_CZ\/wp-json\/wp\/v2\/media\/1099"}],"wp:attachment":[{"href":"https:\/\/www.grandcru.cz\/cs_CZ\/wp-json\/wp\/v2\/media?parent=1108"}],"wp:term":[{"taxonomy":"product_cat","embeddable":true,"href":"https:\/\/www.grandcru.cz\/cs_CZ\/wp-json\/wp\/v2\/product_cat?post=1108"},{"taxonomy":"product_tag","embeddable":true,"href":"https:\/\/www.grandcru.cz\/cs_CZ\/wp-json\/wp\/v2\/product_tag?post=1108"}],"curies":[{"name":"wp","href":"https:\/\/api.w.org\/{rel}","templated":true}]}}