{"id":1106,"date":"2025-07-27T23:06:06","date_gmt":"2025-07-27T21:06:06","guid":{"rendered":"https:\/\/www.grandcru.cz\/?post_type=product&#038;p=1106"},"modified":"2025-07-28T23:56:53","modified_gmt":"2025-07-28T21:56:53","slug":"maison-champy-grand-cru-charmes-chambertin-2012-075l","status":"publish","type":"product","link":"https:\/\/www.grandcru.cz\/cs_CZ\/produkt\/maison-champy-grand-cru-charmes-chambertin-2012-075l\/","title":{"rendered":"Maison Champy, Grand Cru CHARMES CHAMBERTIN, 2012, 0,75l"},"content":{"rendered":"<ul class=\"ficheMillesimeUnUl\">\n<li>Charmes-Chambertin, nach\u00e1zej\u00edc\u00ed se v srdci skv\u011bl\u00fdch v\u00edn C\u00f4te de Nuits, je jedn\u00edm z nejzn\u00e1m\u011bj\u0161\u00edch Grand Cru. Jeho terroir je velmi komplexn\u00ed, co\u017e vytv\u00e1\u0159\u00ed v\u00edno, kter\u00e9 je vl\u00e1\u010dn\u00e9 a hladk\u00e9 s n\u00e1dhernou bohatou strukturou. Toto v\u00edno by m\u011blo n\u011bkolik let zr\u00e1t, aby mohlo projevit sv\u016fj potenci\u00e1l a kultivovanost.<\/li>\n<\/ul>\n<p>Degustace v\u00edna:<br \/>\nS tmav\u011b gran\u00e1tovou barvou odhaluje Charmes-Chambertin Grand Cru 2012 atraktivn\u00ed v\u016fni \u010dern\u00e9ho ryb\u00edzu, l\u00e9ko\u0159ice a kakaa.<\/p>\n<p>V \u00fastech je lahodn\u00e9 a siln\u00e9 se zemit\u00fdmi t\u00f3ny a p\u0159\u00edjemnou dozn\u00edvaj\u00edc\u00ed dochut\u00ed.<\/p>\n<p>P\u00e1rov\u00e1n\u00ed s j\u00eddlem<br \/>\nZv\u011b\u0159inov\u00fd gul\u00e1\u0161 &#8211; pe\u010den\u00e1 zv\u011b\u0159ina s pep\u0159em &#8211; celerov\u00e9 pyr\u00e9 &#8211;<\/p>\n<p>zral\u00e9 s\u00fdry &#8211; s\u00fdr Soumaintrain.<\/p>\n<p>&nbsp;<\/p>\n","protected":false},"excerpt":{"rendered":"<p>93 bod\u016f Wine Spectator: \u201eToto siln\u00e9 \u010derven\u00e9 v\u00edno se vyzna\u010duje \u010dist\u00fdmi aromaty a chut\u011bmi t\u0159e\u0161n\u00ed, l\u00e9ko\u0159ice, tab\u00e1ku a miner\u00e1l\u016f, kter\u00e9 obklopuj\u00ed jeho ovocn\u00e9 j\u00e1dro a z\u00e1rove\u0148 jsou v rovnov\u00e1ze. Pot\u0159ebuje \u010das, aby se v\u0161echny slo\u017eky propojily. Bu\u010fte trp\u011bliv\u00ed. Nejlep\u0161\u00ed od roku 2018 do roku 2030. Vyrobeno 50 balen\u00ed.\u201c (11\/10)<\/p>\n<p>92 Pionts Burghound: \u201eKr\u00e1sn\u00e1 \u010derven\u00e1 ovocn\u00e1 v\u016fn\u011b Pinot je opl\u00fdv\u00e1 t\u00f3ny malin, t\u0159e\u0161n\u00ed, zemitosti a sauvage, p\u0159i\u010dem\u017e ten druh\u00fd prvek se odr\u00e1\u017e\u00ed i v texturovan\u00fdch, kulat\u00fdch a masit\u00fdch chut\u00edch s jemnou d\u00e9lkou a vynikaj\u00edc\u00ed, ne-li skute\u010dn\u011b v\u00fdjime\u010dnou komplexnost\u00ed. K dosa\u017een\u00ed nejlep\u0161\u00edch v\u00fdsledk\u016f bude zapot\u0159eb\u00ed 12 a\u017e 15 let zr\u00e1n\u00ed ve sklep\u011b.<\/p>\n","protected":false},"featured_media":1100,"comment_status":"open","ping_status":"closed","template":"","meta":[],"product_cat":[11,56,14],"product_tag":[],"_links":{"self":[{"href":"https:\/\/www.grandcru.cz\/cs_CZ\/wp-json\/wp\/v2\/product\/1106"}],"collection":[{"href":"https:\/\/www.grandcru.cz\/cs_CZ\/wp-json\/wp\/v2\/product"}],"about":[{"href":"https:\/\/www.grandcru.cz\/cs_CZ\/wp-json\/wp\/v2\/types\/product"}],"replies":[{"embeddable":true,"href":"https:\/\/www.grandcru.cz\/cs_CZ\/wp-json\/wp\/v2\/comments?post=1106"}],"wp:featuredmedia":[{"embeddable":true,"href":"https:\/\/www.grandcru.cz\/cs_CZ\/wp-json\/wp\/v2\/media\/1100"}],"wp:attachment":[{"href":"https:\/\/www.grandcru.cz\/cs_CZ\/wp-json\/wp\/v2\/media?parent=1106"}],"wp:term":[{"taxonomy":"product_cat","embeddable":true,"href":"https:\/\/www.grandcru.cz\/cs_CZ\/wp-json\/wp\/v2\/product_cat?post=1106"},{"taxonomy":"product_tag","embeddable":true,"href":"https:\/\/www.grandcru.cz\/cs_CZ\/wp-json\/wp\/v2\/product_tag?post=1106"}],"curies":[{"name":"wp","href":"https:\/\/api.w.org\/{rel}","templated":true}]}}