{"id":1105,"date":"2025-07-27T23:02:23","date_gmt":"2025-07-27T21:02:23","guid":{"rendered":"https:\/\/www.grandcru.cz\/?post_type=product&#038;p=1105"},"modified":"2025-07-27T23:04:55","modified_gmt":"2025-07-27T21:04:55","slug":"domaine-rene-bouvierr-gevrey-chambertin-rouge-2021-1er-cru-les-champeaux-075l","status":"publish","type":"product","link":"https:\/\/www.grandcru.cz\/cs_CZ\/produkt\/domaine-rene-bouvierr-gevrey-chambertin-rouge-2021-1er-cru-les-champeaux-075l\/","title":{"rendered":"Domaine Ren\u00e9 Bouvier, GEVREY CHAMBERTIN 2021 1er cru Les Champeaux, 0,75l"},"content":{"rendered":"<p>V\u00edno m\u00e1 pevnou strukturu a robustn\u00ed chu\u0165, s tmav\u00fdm, kypr\u00fdm ovocem, kter\u00e9 chutn\u00e1 sv\u011b\u017ee a naprosto piteln\u00e9. Hned bych ho vypil, ale jsou tu i slibn\u00e9 zn\u00e1mky v\u00fdvoje&#8230;.:-)<\/p>\n","protected":false},"excerpt":{"rendered":"<p>V srdci C\u00f4te de Nuits zt\u011bles\u0148uje Domaine Bernard Bouvier dokonalost burgundsk\u00fdch vinic.<\/p>\n<p>Po t\u0159i generace rodina Bouvier\u016f s v\u00e1\u0161n\u00ed a \u00factou p\u011bstuje v\u00fdjime\u010dn\u00e9 terroiry, od Marsannay po Gevrey-Chambertin.<\/p>\n<p>Ka\u017ed\u00fd pozemek, obd\u011bl\u00e1van\u00fd s vyu\u017eit\u00edm udr\u017eiteln\u00e9ho a integrovan\u00e9ho vina\u0159stv\u00ed, produkuje v\u00edna, kter\u00e1 jsou elegantn\u00ed, komplexn\u00ed a v\u011brn\u00e1 identit\u011b Burgundska.<\/p>\n","protected":false},"featured_media":1104,"comment_status":"open","ping_status":"closed","template":"","meta":[],"product_cat":[11,143,14],"product_tag":[],"_links":{"self":[{"href":"https:\/\/www.grandcru.cz\/cs_CZ\/wp-json\/wp\/v2\/product\/1105"}],"collection":[{"href":"https:\/\/www.grandcru.cz\/cs_CZ\/wp-json\/wp\/v2\/product"}],"about":[{"href":"https:\/\/www.grandcru.cz\/cs_CZ\/wp-json\/wp\/v2\/types\/product"}],"replies":[{"embeddable":true,"href":"https:\/\/www.grandcru.cz\/cs_CZ\/wp-json\/wp\/v2\/comments?post=1105"}],"wp:featuredmedia":[{"embeddable":true,"href":"https:\/\/www.grandcru.cz\/cs_CZ\/wp-json\/wp\/v2\/media\/1104"}],"wp:attachment":[{"href":"https:\/\/www.grandcru.cz\/cs_CZ\/wp-json\/wp\/v2\/media?parent=1105"}],"wp:term":[{"taxonomy":"product_cat","embeddable":true,"href":"https:\/\/www.grandcru.cz\/cs_CZ\/wp-json\/wp\/v2\/product_cat?post=1105"},{"taxonomy":"product_tag","embeddable":true,"href":"https:\/\/www.grandcru.cz\/cs_CZ\/wp-json\/wp\/v2\/product_tag?post=1105"}],"curies":[{"name":"wp","href":"https:\/\/api.w.org\/{rel}","templated":true}]}}