{"id":1097,"date":"2025-07-27T23:00:52","date_gmt":"2025-07-27T21:00:52","guid":{"rendered":"https:\/\/www.grandcru.cz\/?post_type=product&#038;p=1097"},"modified":"2025-07-27T23:00:52","modified_gmt":"2025-07-27T21:00:52","slug":"domaine-rene-bouvier-morey-saint-denis-rouge-2020-en-la-rue-de-vergy-075l","status":"publish","type":"product","link":"https:\/\/www.grandcru.cz\/cs_CZ\/produkt\/domaine-rene-bouvier-morey-saint-denis-rouge-2020-en-la-rue-de-vergy-075l\/","title":{"rendered":"Domaine Ren\u00e9 Bouvier, MOREY SAINT DENIS rouge 2020 &#8222;En La Rue de Vergy&#8220;, 0,75l"},"content":{"rendered":"<p>Obklopen n\u011bkolika grand cru , je tra\u0165 Morey Saint Denis, co\u017e nen\u00ed p\u0159ekvapen\u00edm, jeho nejpresti\u017en\u011bj\u0161\u00ed a nejv\u00fdrazn\u011bj\u0161\u00ed. V\u00edno m\u00e1 pevnou strukturu a robustn\u00ed chu\u0165, s tmav\u00fdm, kypr\u00fdm ovocem, kter\u00e9 chutn\u00e1 sv\u011b\u017ee a naprosto piteln\u00e9. Hned bych ho vypil, ale jsou tu i slibn\u00e9 zn\u00e1mky v\u00fdvoje&#8230;.:-)<\/p>\n","protected":false},"excerpt":{"rendered":"<p>V srdci C\u00f4te de Nuits zt\u011bles\u0148uje Domaine Bernard Bouvier dokonalost burgundsk\u00fdch vinic.<\/p>\n<p>Po t\u0159i generace rodina Bouvier\u016f s v\u00e1\u0161n\u00ed a \u00factou p\u011bstuje v\u00fdjime\u010dn\u00e9 terroiry, od Marsannay po Gevrey-Chambertin.<\/p>\n<p>Ka\u017ed\u00fd pozemek, obd\u011bl\u00e1van\u00fd s vyu\u017eit\u00edm udr\u017eiteln\u00e9ho a integrovan\u00e9ho vina\u0159stv\u00ed, produkuje v\u00edna, kter\u00e1 jsou elegantn\u00ed, komplexn\u00ed a v\u011brn\u00e1 identit\u011b Burgundska.<\/p>\n","protected":false},"featured_media":1103,"comment_status":"open","ping_status":"closed","template":"","meta":[],"product_cat":[11,143,14],"product_tag":[],"_links":{"self":[{"href":"https:\/\/www.grandcru.cz\/cs_CZ\/wp-json\/wp\/v2\/product\/1097"}],"collection":[{"href":"https:\/\/www.grandcru.cz\/cs_CZ\/wp-json\/wp\/v2\/product"}],"about":[{"href":"https:\/\/www.grandcru.cz\/cs_CZ\/wp-json\/wp\/v2\/types\/product"}],"replies":[{"embeddable":true,"href":"https:\/\/www.grandcru.cz\/cs_CZ\/wp-json\/wp\/v2\/comments?post=1097"}],"wp:featuredmedia":[{"embeddable":true,"href":"https:\/\/www.grandcru.cz\/cs_CZ\/wp-json\/wp\/v2\/media\/1103"}],"wp:attachment":[{"href":"https:\/\/www.grandcru.cz\/cs_CZ\/wp-json\/wp\/v2\/media?parent=1097"}],"wp:term":[{"taxonomy":"product_cat","embeddable":true,"href":"https:\/\/www.grandcru.cz\/cs_CZ\/wp-json\/wp\/v2\/product_cat?post=1097"},{"taxonomy":"product_tag","embeddable":true,"href":"https:\/\/www.grandcru.cz\/cs_CZ\/wp-json\/wp\/v2\/product_tag?post=1097"}],"curies":[{"name":"wp","href":"https:\/\/api.w.org\/{rel}","templated":true}]}}