{"id":1094,"date":"2025-07-27T19:18:38","date_gmt":"2025-07-27T17:18:38","guid":{"rendered":"https:\/\/www.grandcru.cz\/?post_type=product&#038;p=1094"},"modified":"2025-08-18T10:15:49","modified_gmt":"2025-08-18T08:15:49","slug":"alain-chavy-puligny-montrachet-1er-cru-folatieres-2023","status":"publish","type":"product","link":"https:\/\/www.grandcru.cz\/cs_CZ\/produkt\/alain-chavy-puligny-montrachet-1er-cru-folatieres-2023\/","title":{"rendered":"Alain Chavy, Puligny Montrachet 1er Cru &#8222;Folati\u00e8res&#8220; 2023"},"content":{"rendered":"<p>Toto \u00fachvatn\u00e9 v\u00edno Puligny-Montrachet je z\u00e1zrak Chardonnay. Je to skute\u010dn\u011b nektar, kter\u00fd skv\u011ble ztv\u00e1rnil Alain Chavy , jen\u017e op\u011bt vytvo\u0159il vzne\u0161enou interpretaci apelace.<\/p>\n<p>Rodina Chavy je v Burgundsku dob\u0159e etablovan\u00e1, jej\u00ed ko\u0159eny v Puligny-Montrachet sahaj\u00ed ji\u017e v\u00edce ne\u017e 200 let. Maj\u00ed zaslou\u017eenou pov\u011bst v\u00fdrobce elegantn\u00edho b\u00edl\u00e9ho burgundsk\u00e9ho v\u00edna.<\/p>\n<p>Alain Chavy, jeho\u017e vinice se rozkl\u00e1daj\u00ed na 10 hektarech, zalo\u017eil v roce 2003, kdy\u017e si rozd\u011blil vinice sv\u00e9ho otce, Domaine G\u00e9rard Chavy, se sv\u00fdm bratrem Jeanem-Louisem. Alainovy vinice se rozkl\u00e1daj\u00ed na\u00a0 dvou nejlep\u0161\u00edch vina\u0159stv\u00ed premier cru v obci: Folati\u00e8res a Clavoillon, a tak\u00e9 na mal\u00e9m pozemku Les Pucelles. M\u016f\u017ee se tak\u00e9 pochlubit nejhlub\u0161\u00edm podzemn\u00edm sklepem v Puligny \u2013 impozantn\u00edch 5,5 metru hlubok\u00fdm v oblasti, kter\u00e1 je zn\u00e1m\u00e1 vysokou hladinou podzemn\u00ed vody. Z\u00edskal si pov\u011bst tradi\u010dn\u011b stylizovan\u00e9ho, pikantn\u00edho Chardonnay , kter\u00e9 je skv\u011bl\u00fdm vyj\u00e1d\u0159en\u00edm Puligny-Montrachet.<\/p>\n","protected":false},"excerpt":{"rendered":"<p>Toto \u00fachvatn\u00e9 v\u00edno Puligny-Montrachet je z\u00e1zrak Chardonnay. Je to skute\u010dn\u011b nektar, kter\u00fd skv\u011ble ztv\u00e1rnil Alain Chavy , jen\u017e op\u011bt vytvo\u0159il vzne\u0161enou interpretaci apelace. Rodina Chavy je v Burgundsku dob\u0159e etablovan\u00e1, jej\u00ed ko\u0159eny v Puligny-Montrachet sahaj\u00ed<a class=\"read-more\" href=\"https:\/\/www.grandcru.cz\/cs_CZ\/produkt\/alain-chavy-puligny-montrachet-1er-cru-folatieres-2023\/\">Continue reading<\/a><\/p>\n","protected":false},"featured_media":1095,"comment_status":"open","ping_status":"closed","template":"","meta":[],"product_cat":[12,14],"product_tag":[],"_links":{"self":[{"href":"https:\/\/www.grandcru.cz\/cs_CZ\/wp-json\/wp\/v2\/product\/1094"}],"collection":[{"href":"https:\/\/www.grandcru.cz\/cs_CZ\/wp-json\/wp\/v2\/product"}],"about":[{"href":"https:\/\/www.grandcru.cz\/cs_CZ\/wp-json\/wp\/v2\/types\/product"}],"replies":[{"embeddable":true,"href":"https:\/\/www.grandcru.cz\/cs_CZ\/wp-json\/wp\/v2\/comments?post=1094"}],"wp:featuredmedia":[{"embeddable":true,"href":"https:\/\/www.grandcru.cz\/cs_CZ\/wp-json\/wp\/v2\/media\/1095"}],"wp:attachment":[{"href":"https:\/\/www.grandcru.cz\/cs_CZ\/wp-json\/wp\/v2\/media?parent=1094"}],"wp:term":[{"taxonomy":"product_cat","embeddable":true,"href":"https:\/\/www.grandcru.cz\/cs_CZ\/wp-json\/wp\/v2\/product_cat?post=1094"},{"taxonomy":"product_tag","embeddable":true,"href":"https:\/\/www.grandcru.cz\/cs_CZ\/wp-json\/wp\/v2\/product_tag?post=1094"}],"curies":[{"name":"wp","href":"https:\/\/api.w.org\/{rel}","templated":true}]}}