{"id":1081,"date":"2025-04-16T13:06:59","date_gmt":"2025-04-16T11:06:59","guid":{"rendered":"https:\/\/www.grandcru.cz\/?post_type=product&#038;p=1081"},"modified":"2025-04-16T13:09:03","modified_gmt":"2025-04-16T11:09:03","slug":"domaine-guy-breton-ptit-max-morgon-2022-15-l-magnum","status":"publish","type":"product","link":"https:\/\/www.grandcru.cz\/cs_CZ\/produkt\/domaine-guy-breton-ptit-max-morgon-2022-15-l-magnum\/","title":{"rendered":"Domaine Guy Breton, P\u2019tit Max Morgon, 2022 1,5 l (Magnum)"},"content":{"rendered":"<h3>\u00a0P&#8217;tit Max, jak ho r\u00e1di naz\u00fdv\u00e1me v Beaujolais, p\u0159evzal rodinn\u00e9 vina\u0159stv\u00ed v roce 1987. Vina\u0159stv\u00ed nebylo v jeho \u017eivotn\u00edch pl\u00e1nech ne\u017e se potkal s Marcelem Lapierrem , kter\u00fd ho p\u0159esv\u011bd\u010dil, \u017ee by m\u011bl\u00a0 p\u0159evz\u00edt rodinn\u00e9 d\u011bdictv\u00ed: n\u00e1dhern\u00e9 star\u00e9 vinice Morgonu. Jakmile se rozhodne, za\u010dne vyr\u00e1b\u011bt v\u00edno pod z\u00e1\u0161titou Marcela a tak\u00e9 se setk\u00e1 s Jacquesem N\u00e9auportem, kter\u00fd se\u00a0 stane jeho mentorem.<\/h3>\n<p>This is Guy Breton\u2019s top cuvee which he only bottles in special vintages, and comes from <strong>incredibly old vines aged between 80 to 130 years!<\/strong><\/p>\n<p>It was produced with no added chemicals in the vineyard or winery,<\/p>\n<p>matured for 12 months in <strong>used barrels from the Domaine de la Roman\u00e9e Conti<\/strong>, then bottled unfined and unfiltered.<\/p>\n<p>In short, it is as natural a wine as you could hope to find!<\/p>\n<p>The wine has real depth and richness of ripe red cherry fruit flavours combined with wonderful freshness and feminine charm and elegance.<\/p>\n<p>Because this has very small amounts of Sulphites we would advise you to store it at a constant temperature between 10-14C.<\/p>\n","protected":false},"excerpt":{"rendered":"<h3>\u00a0P&#8217;tit Max, jak ho r\u00e1di naz\u00fdv\u00e1me v Beaujolais, p\u0159evzal rodinn\u00e9 vina\u0159stv\u00ed v roce 1987. Vina\u0159stv\u00ed nebylo v jeho \u017eivotn\u00edch pl\u00e1nech ne\u017e se potkal s Marcelem Lapierrem , kter\u00fd ho p\u0159esv\u011bd\u010dil, \u017ee by m\u011bl\u00a0 p\u0159evz\u00edt rodinn\u00e9 d\u011bdictv\u00ed: n\u00e1dhern\u00e9 star\u00e9 vinice Morgonu. Jakmile se rozhodne, za\u010dne vyr\u00e1b\u011bt v\u00edno pod z\u00e1\u0161titou Marcela a tak\u00e9 se setk\u00e1 s Jacquesem N\u00e9auportem, kter\u00fd se\u00a0 stane jeho mentorem.<\/h3>\n<p>This is Guy Breton\u2019s top cuvee which he only bottles in special vintages, and comes from <strong>incredibly old vines aged between 80 to 130 years!<\/strong><\/p>\n<p>It was produced with no added chemicals in the vineyard or winery,<\/p>\n<p>matured for 12 months in <strong>used barrels from the Domaine de la Roman\u00e9e Conti<\/strong>, then bottled unfined and unfiltered.<\/p>\n<p>In short, it is as natural a wine as you could hope to find!<\/p>\n<p>The wine has real depth and richness of ripe red cherry fruit flavours combined with wonderful freshness and feminine charm and elegance.<\/p>\n<p>Because this has very small amounts of Sulphites we would advise you to store it at a constant temperature between 10-14C.<\/p>\n","protected":false},"featured_media":695,"comment_status":"open","ping_status":"closed","template":"","meta":[],"product_cat":[11,14],"product_tag":[],"_links":{"self":[{"href":"https:\/\/www.grandcru.cz\/cs_CZ\/wp-json\/wp\/v2\/product\/1081"}],"collection":[{"href":"https:\/\/www.grandcru.cz\/cs_CZ\/wp-json\/wp\/v2\/product"}],"about":[{"href":"https:\/\/www.grandcru.cz\/cs_CZ\/wp-json\/wp\/v2\/types\/product"}],"replies":[{"embeddable":true,"href":"https:\/\/www.grandcru.cz\/cs_CZ\/wp-json\/wp\/v2\/comments?post=1081"}],"wp:featuredmedia":[{"embeddable":true,"href":"https:\/\/www.grandcru.cz\/cs_CZ\/wp-json\/wp\/v2\/media\/695"}],"wp:attachment":[{"href":"https:\/\/www.grandcru.cz\/cs_CZ\/wp-json\/wp\/v2\/media?parent=1081"}],"wp:term":[{"taxonomy":"product_cat","embeddable":true,"href":"https:\/\/www.grandcru.cz\/cs_CZ\/wp-json\/wp\/v2\/product_cat?post=1081"},{"taxonomy":"product_tag","embeddable":true,"href":"https:\/\/www.grandcru.cz\/cs_CZ\/wp-json\/wp\/v2\/product_tag?post=1081"}],"curies":[{"name":"wp","href":"https:\/\/api.w.org\/{rel}","templated":true}]}}