{"id":1077,"date":"2025-04-08T09:01:40","date_gmt":"2025-04-08T07:01:40","guid":{"rendered":"https:\/\/www.grandcru.cz\/?post_type=product&#038;p=1077"},"modified":"2025-06-21T10:08:41","modified_gmt":"2025-06-21T08:08:41","slug":"domaine-de-la-solitude-chateauneuf-du-pape-tradition-rouge-2022-075l","status":"publish","type":"product","link":"https:\/\/www.grandcru.cz\/cs_CZ\/produkt\/domaine-de-la-solitude-chateauneuf-du-pape-tradition-rouge-2022-075l\/","title":{"rendered":"Domaine de la Solitude, Chateauneuf du Pape, Tradition rouge, 2022, 0,75l"},"content":{"rendered":"<p>Tradi\u010dn\u00ed \u010derven\u00e9 v\u00edno Chateauneuf du Pape je sm\u011bs\u00a0 Grenache, Syrah a Mourv\u00e8dre.<\/p>\n<p>Tato v\u00edna jsou pln\u00e1, bohat\u011b texturovan\u00e1 a st\u00e1rnut\u00edm v l\u00e1hvi se ob\u011bvuj\u00ed t\u00f3ny sladk\u00e9ho \u010dern\u00e9ho ovoce, \u010derven\u00e9ho ovoce,<\/p>\n<p>exotick\u00e9ho ovoce, zral\u00e9 \u0161vestky s ko\u0159en\u00edm, k\u016f\u017ee a uzen\u00e9ho: bohat\u00fd styl s dlouh\u00fdm z\u00e1v\u011brem.<\/p>\n<p>V\u00edna optim\u00e1ln\u00ed k pit\u00ed od \u010dty\u0159 let s nejm\u00e9n\u011b patn\u00e1ctilet\u00fdm potenci\u00e1lem.<\/p>\n","protected":false},"excerpt":{"rendered":"<p>Tradi\u010dn\u00ed \u010derven\u00e9 v\u00edno Chateauneuf du Pape je sm\u011bs\u00a0 Grenache, Syrah a Mourv\u00e8dre.<\/p>\n<p>Tato v\u00edna jsou pln\u00e1, bohat\u011b texturovan\u00e1 a st\u00e1rnut\u00edm v l\u00e1hvi se ob\u011bvuj\u00ed t\u00f3ny sladk\u00e9ho \u010dern\u00e9ho ovoce, \u010derven\u00e9ho ovoce,<\/p>\n<p>exotick\u00e9ho ovoce, zral\u00e9 \u0161vestky s ko\u0159en\u00edm, k\u016f\u017ee a uzen\u00e9ho: bohat\u00fd styl s dlouh\u00fdm z\u00e1v\u011brem.<\/p>\n<p>V\u00edna optim\u00e1ln\u00ed k pit\u00ed od \u010dty\u0159 let s nejm\u00e9n\u011b patn\u00e1ctilet\u00fdm potenci\u00e1lem.<\/p>\n","protected":false},"featured_media":641,"comment_status":"open","ping_status":"closed","template":"","meta":[],"product_cat":[11,34,14],"product_tag":[],"_links":{"self":[{"href":"https:\/\/www.grandcru.cz\/cs_CZ\/wp-json\/wp\/v2\/product\/1077"}],"collection":[{"href":"https:\/\/www.grandcru.cz\/cs_CZ\/wp-json\/wp\/v2\/product"}],"about":[{"href":"https:\/\/www.grandcru.cz\/cs_CZ\/wp-json\/wp\/v2\/types\/product"}],"replies":[{"embeddable":true,"href":"https:\/\/www.grandcru.cz\/cs_CZ\/wp-json\/wp\/v2\/comments?post=1077"}],"wp:featuredmedia":[{"embeddable":true,"href":"https:\/\/www.grandcru.cz\/cs_CZ\/wp-json\/wp\/v2\/media\/641"}],"wp:attachment":[{"href":"https:\/\/www.grandcru.cz\/cs_CZ\/wp-json\/wp\/v2\/media?parent=1077"}],"wp:term":[{"taxonomy":"product_cat","embeddable":true,"href":"https:\/\/www.grandcru.cz\/cs_CZ\/wp-json\/wp\/v2\/product_cat?post=1077"},{"taxonomy":"product_tag","embeddable":true,"href":"https:\/\/www.grandcru.cz\/cs_CZ\/wp-json\/wp\/v2\/product_tag?post=1077"}],"curies":[{"name":"wp","href":"https:\/\/api.w.org\/{rel}","templated":true}]}}