{"id":1019,"date":"2024-09-12T18:06:07","date_gmt":"2024-09-12T16:06:07","guid":{"rendered":"https:\/\/www.grandcru.cz\/?post_type=product&#038;p=1019"},"modified":"2026-03-27T16:04:23","modified_gmt":"2026-03-27T15:04:23","slug":"umeni-degustace-28-3-26","status":"publish","type":"product","link":"https:\/\/www.grandcru.cz\/cs_CZ\/produkt\/umeni-degustace-28-3-26\/","title":{"rendered":"Um\u011bn\u00ed degustace 25.4.2026"},"content":{"rendered":"<table width=\"810\">\n<tbody>\n<tr>\n<td width=\"283\"><strong>Um\u011bn\u00ed degustace<\/strong><\/td>\n<td style=\"text-align: center\" colspan=\"2\" width=\"527\"><strong>U\u017eijte si degustaci v\u00edna, najd\u011bte si &#8222;svoje&#8220; v\u00edno a prozkoumejte jak funguje p\u00e1rov\u00e1n\u00ed v\u00edna a j\u00eddla.<\/strong><\/td>\n<\/tr>\n<tr>\n<td><strong>Um\u011bn\u00ed degustace je um\u011bn\u00ed pojmenovat<\/strong><\/td>\n<td><\/td>\n<td><\/td>\n<\/tr>\n<tr>\n<td><strong>Um\u011bn\u00ed jak vybrat dob\u00e9 v\u00edno nejen pro sebe<\/strong><\/td>\n<td><\/td>\n<td><\/td>\n<\/tr>\n<tr>\n<td><\/td>\n<td><\/td>\n<td><\/td>\n<\/tr>\n<tr>\n<td><\/td>\n<td><\/td>\n<td><\/td>\n<\/tr>\n<tr>\n<td><\/td>\n<td><\/td>\n<td><\/td>\n<\/tr>\n<tr>\n<td><\/td>\n<td><\/td>\n<td rowspan=\"2\"><\/td>\n<\/tr>\n<tr>\n<td><\/td>\n<td><\/td>\n<\/tr>\n<tr>\n<td><\/td>\n<td><\/td>\n<td><\/td>\n<\/tr>\n<tr>\n<td>Sobota<\/td>\n<td><\/td>\n<td style=\"text-align: center\">Po\u010det vzork\u016f v\u00edn<\/td>\n<\/tr>\n<tr>\n<td><\/td>\n<td>Co pot\u0159ebujeme v\u011bd\u011bt o degustaci &#8211;\u00a0 \u00favod<\/td>\n<td style=\"text-align: center\">3<\/td>\n<\/tr>\n<tr>\n<td>10:00 &#8211; 10:45<\/td>\n<td>Druhy degustac\u00ed<\/td>\n<td style=\"text-align: center\" rowspan=\"2\">6<\/td>\n<\/tr>\n<tr>\n<td>11:00 &#8211; 11:45<\/td>\n<td>Jak si naj\u00edt &#8220; svoje&#8220; v\u00edno ?<\/td>\n<\/tr>\n<tr>\n<td><\/td>\n<td><\/td>\n<td><\/td>\n<\/tr>\n<tr>\n<td rowspan=\"2\">12: 15 &#8211; 14:15<\/td>\n<td>Ob\u011bd\u00a0 3 chod\u00e9 degusta\u010dn\u00ed\u00a0 menu<\/td>\n<td style=\"text-align: center\" rowspan=\"2\">6<\/td>\n<\/tr>\n<tr>\n<td>1 j\u00eddlo 2 v\u00edna<\/td>\n<\/tr>\n<tr>\n<td><\/td>\n<td><\/td>\n<td><\/td>\n<\/tr>\n<tr>\n<td>16:30 &#8211; 18:00<\/td>\n<td width=\"323\">Um\u011bn\u00ed degustace je um\u011bn\u00ed pojmenovat I &#8211;<br \/>\ncena vs v\u00fdkon<\/td>\n<td style=\"text-align: center\">4<\/td>\n<\/tr>\n<tr>\n<td rowspan=\"2\">18:30 &#8211; 22:00<\/td>\n<td>T\u0159\u00ed chod\u00e1 degusta\u010dn\u00ed ve\u010de\u0159e s v\u00edny<\/td>\n<td style=\"text-align: center\">6<\/td>\n<\/tr>\n<tr>\n<td width=\"323\">Um\u011bn\u00ed degustace je um\u011bn\u00ed pojmenovat II &#8211; definice velk\u00fdch v\u00edn<\/td>\n<td style=\"text-align: center\">6<\/td>\n<\/tr>\n<tr>\n<td>Ned\u011ble<\/td>\n<td><\/td>\n<td><\/td>\n<\/tr>\n<tr>\n<td>8:00 &#8211; 9:45<\/td>\n<td>Sn\u00eddan\u011b<\/td>\n<td style=\"text-align: center\">1<\/td>\n<\/tr>\n<tr>\n<td><\/td>\n<td><\/td>\n<td><\/td>\n<\/tr>\n<\/tbody>\n<\/table>\n","protected":false},"excerpt":{"rendered":"<p>Um\u011bn\u00ed degustace U\u017eijte si degustaci v\u00edna, najd\u011bte si &#8222;svoje&#8220; v\u00edno a prozkoumejte jak funguje p\u00e1rov\u00e1n\u00ed v\u00edna a j\u00eddla. Um\u011bn\u00ed degustace je um\u011bn\u00ed pojmenovat Um\u011bn\u00ed jak vybrat dob\u00e9 v\u00edno nejen pro sebe Sobota Po\u010det vzork\u016f v\u00edn<a class=\"read-more\" href=\"https:\/\/www.grandcru.cz\/cs_CZ\/produkt\/umeni-degustace-28-3-26\/\">Continue reading<\/a><\/p>\n","protected":false},"featured_media":740,"comment_status":"open","ping_status":"closed","template":"","meta":[],"product_cat":[118,259,143],"product_tag":[],"_links":{"self":[{"href":"https:\/\/www.grandcru.cz\/cs_CZ\/wp-json\/wp\/v2\/product\/1019"}],"collection":[{"href":"https:\/\/www.grandcru.cz\/cs_CZ\/wp-json\/wp\/v2\/product"}],"about":[{"href":"https:\/\/www.grandcru.cz\/cs_CZ\/wp-json\/wp\/v2\/types\/product"}],"replies":[{"embeddable":true,"href":"https:\/\/www.grandcru.cz\/cs_CZ\/wp-json\/wp\/v2\/comments?post=1019"}],"wp:featuredmedia":[{"embeddable":true,"href":"https:\/\/www.grandcru.cz\/cs_CZ\/wp-json\/wp\/v2\/media\/740"}],"wp:attachment":[{"href":"https:\/\/www.grandcru.cz\/cs_CZ\/wp-json\/wp\/v2\/media?parent=1019"}],"wp:term":[{"taxonomy":"product_cat","embeddable":true,"href":"https:\/\/www.grandcru.cz\/cs_CZ\/wp-json\/wp\/v2\/product_cat?post=1019"},{"taxonomy":"product_tag","embeddable":true,"href":"https:\/\/www.grandcru.cz\/cs_CZ\/wp-json\/wp\/v2\/product_tag?post=1019"}],"curies":[{"name":"wp","href":"https:\/\/api.w.org\/{rel}","templated":true}]}}