{"id":73,"date":"2017-03-25T18:33:21","date_gmt":"2017-03-25T17:33:21","guid":{"rendered":"http:\/\/www.notebooky-pocitace.eu\/grandcru\/muj-ucet\/"},"modified":"2017-11-15T08:21:53","modified_gmt":"2017-11-15T07:21:53","slug":"muj-ucet","status":"publish","type":"page","link":"https:\/\/www.grandcru.cz\/cs_CZ\/muj-ucet\/","title":{"rendered":"M\u016fj \u00fa\u010det"},"content":{"rendered":"<div class=\"woocommerce\"><\/div>\n","protected":false},"excerpt":{"rendered":"[woocommerce_my_account]\n<p>&#8230;<\/p>\n","protected":false},"author":1,"featured_media":0,"parent":0,"menu_order":0,"comment_status":"closed","ping_status":"closed","template":"page-templates\/page_fullwidth.php","meta":[],"_links":{"self":[{"href":"https:\/\/www.grandcru.cz\/cs_CZ\/wp-json\/wp\/v2\/pages\/73"}],"collection":[{"href":"https:\/\/www.grandcru.cz\/cs_CZ\/wp-json\/wp\/v2\/pages"}],"about":[{"href":"https:\/\/www.grandcru.cz\/cs_CZ\/wp-json\/wp\/v2\/types\/page"}],"author":[{"embeddable":true,"href":"https:\/\/www.grandcru.cz\/cs_CZ\/wp-json\/wp\/v2\/users\/1"}],"replies":[{"embeddable":true,"href":"https:\/\/www.grandcru.cz\/cs_CZ\/wp-json\/wp\/v2\/comments?post=73"}],"version-history":[{"count":5,"href":"https:\/\/www.grandcru.cz\/cs_CZ\/wp-json\/wp\/v2\/pages\/73\/revisions"}],"predecessor-version":[{"id":486,"href":"https:\/\/www.grandcru.cz\/cs_CZ\/wp-json\/wp\/v2\/pages\/73\/revisions\/486"}],"wp:attachment":[{"href":"https:\/\/www.grandcru.cz\/cs_CZ\/wp-json\/wp\/v2\/media?parent=73"}],"curies":[{"name":"wp","href":"https:\/\/api.w.org\/{rel}","templated":true}]}}